{"id":926,"date":"2024-06-29T05:37:08","date_gmt":"2024-06-28T22:37:08","guid":{"rendered":"https:\/\/omanivietnam.com\/?post_type=product&#038;p=926"},"modified":"2024-08-10T22:01:31","modified_gmt":"2024-08-10T15:01:31","slug":"mitsubishi-fx1s-10mr-es-ul","status":"publish","type":"product","link":"https:\/\/omanivietnam.com\/index.php\/san-pham\/mitsubishi-fx1s-10mr-es-ul\/","title":{"rendered":"MITSUBISHI FX1S-10MR-ES\/UL"},"content":{"rendered":"<p>MITSUBISHI FX1S-10MR-ES\/UL<\/p>\n<p><strong>PLC FX1S-10MR-ES\/UL\u00a0<\/strong>thu\u1ed9c d\u00f2ng PLC FX1S c\u00f3 s\u1eb5n c\u00e1c model t\u1eeb 10 \u0111\u1ebfn 30 input\/output, v\u00e0 t\u00f9y ch\u1ecdn ng\u00f5 ra relay ho\u1eb7c transistor, giao di\u1ec7n l\u1eadp tr\u00ecnh ti\u00eau chu\u1ea9n, giao ti\u1ebfp \u0111\u01a1n gi\u1ea3n gi\u1eefa PLC, m\u00e1y t\u00ednh v\u00e0 HMI<\/p>\n<h3><strong>C\u00e1c t\u00ednh n\u0103ng \u0111\u1eb7c bi\u1ec7t c\u1ee7a d\u00f2ng PLC FX1S<\/strong><\/h3>\n<ul>\n<li>C\u00f3 s\u1eb5n c\u00e1c model v\u1edbi ng\u00f5 v\u00e0o ra c\u01a1 b\u1ea3n 10, 14, 20, 30 input\/output<\/li>\n<li>Terminal \u0111\u1ea7u cu\u1ed1i d\u1ea1ng kh\u1ed1i c\u00f3 th\u1ec3 th\u00e1o r\u1eddi<\/li>\n<li>Dao di\u1ec7n \u0111\u01a1n v\u1ecb l\u1eb7p tr\u00ecnh ti\u00eau chu\u1ea9n<\/li>\n<li>Ph\u1ea7n m\u1ec1m h\u1ed7 tr\u1ee3 giao ti\u1ebfp gi\u1eefa m\u00e1y t\u00ednh c\u00e1 nh\u00e2n v\u00e0 HMI<\/li>\n<li>Ki\u1ec3u \u0111i\u1ec7n \u00e1p DC c\u00f3 th\u1ec3 nh\u1eadn \u0111i\u1ec7n \u00c1p 12VDC ho\u1eb7c 24VDC<\/li>\n<li>T\u00edch h\u1ee3p \u0111\u1ed3ng h\u1ed3 th\u1eddi gian th\u1ef1c<\/li>\n<li>Khe c\u1eafm thay \u0111\u1ed5i giao ti\u1ebfp I\/O cho modul m\u1edf r\u1ed9ng<\/li>\n<li>Tr\u00e1nh m\u00f4i tr\u01b0\u1eddng c\u00f3 kh\u00ed \u0103n m\u00f2n, v\u00e0 l\u1eafp \u0111\u1eb7t n\u01a1i \u00edt b\u1ee5i<\/li>\n<li>S\u1ed1 input\/output k\u1ebft n\u1ed1i t\u1ed1i \u0111a: 128 input\/output<\/li>\n<li>B\u1ed9 nh\u1edb ch\u01b0\u01a1ng tr\u00ecnh t\u1ed1i \u0111a: 8000 steps<\/li>\n<li>Chu k\u1ef3: 0,55 \u2013 0,7 \u03bcs \/ l\u1ec7nh logic<\/li>\n<li>Ng\u00f4n ng\u1eef ch\u01b0\u01a1ng tr\u00ecnh: Step ladder, instruction list, SFC<\/li>\n<\/ul>\n<h3><strong>Th\u00f4ng s\u1ed1 k\u1ef9 thu\u1eadt c\u01a1 b\u1ea3n PLC FX1S-10MR-ES\/UL<\/strong><\/h3>\n<ul>\n<li>M\u00e3 s\u1ea3n ph\u1ea9m: FX1S-10MR-ES\/UL<\/li>\n<li>Ngu\u1ed3n c\u1ea5p: 100V-240V<\/li>\n<li>Ng\u00f5 \u0111\u1ea7u v\u00e0o: 6<\/li>\n<li>Ng\u00f5 \u0111\u1ea7u ra: 4<\/li>\n<li>Ki\u1ec3u \u0111\u1ea7u ra: Relay<\/li>\n<li>C\u00f4ng su\u1ea5t: 19W<\/li>\n<li>K\u00edch th\u01b0\u1edbc: 60 x 90 x 75 mm<\/li>\n<li>Nhi\u1ec7t \u0111\u1ed9 m\u00f4i tr\u01b0\u1eddng: 0-55 \u00b0 C<\/li>\n<li>C\u1ea5p \u0111\u1ed9 b\u1ea3o v\u1ec7: IP10<\/li>\n<li>Ti\u00eau chu\u1ea9n ch\u1ed1ng rung v\u00e0 shock: IEC 68-2-6, IEC 68-2-27<\/li>\n<\/ul>\n<p><img decoding=\"async\" src=\"https:\/\/sp-ao.shortpixel.ai\/client\/to_webp,q_lossy,ret_img,w_755,h_409\/https:\/\/phucthinhautomation.vn\/wp-content\/uploads\/2022\/08\/thong-so-he-thong-cua-dong-FX1S.jpg\" alt=\"th\u00f4ng s\u1ed1 h\u1ec7 th\u1ed1ng c\u1ee7a d\u00f2ng FX1S\" \/><\/p>\n<p>&nbsp;<\/p>\n<h3><strong>Modul m\u1edf r\u1ed9ng c\u1ee7a d\u00f2ng PLC FX1S<\/strong><\/h3>\n<p>Modul m\u1edf r\u1ed9ng c\u00f3 s\u1eb5n \u0111\u1ebfn 10 input\/output, c\u00f3 th\u1ec3 l\u1ef1a ch\u1ecdn \u0111\u1ea7u ra relay ho\u1eb7c transistor. C\u00f3 nhi\u1ec1u lo\u1ea1i modul m\u1edf r\u1ed9ng kh\u00e1c nhau c\u00f3 th\u1ec3 t\u01b0\u01a1ng th\u00edch v\u1edbi nhi\u1ec1u d\u00f2ng PLC nh\u01b0 FX1N, FX2N, FX3U,\u2026<\/p>\n<ul>\n<li>Modul m\u1edf r\u1ed9ng Analog input\/out c\u00f3 s\u1eb5n t\u0103ng kh\u1ea3 n\u0103ng \u1ee9ng d\u1ee5ng<\/li>\n<li>Modul b\u1ed9 \u0111\u1ebfm t\u1ed1c \u0111\u1ed9 cao \u2013 High-Speed Counter Adapters<\/li>\n<li>Modul v\u1ecb tr\u00ed \u2013\u00a0<span class=\"fontstyle0\">Positioning Modules<\/span><\/li>\n<li>Modul m\u1ea1ng cho CC-link<\/li>\n<li>Modul m\u1ea1ng cho giao di\u1ec7n \u2013<\/li>\n<li>Modul m\u1ea1ng cho Ethenet \u2013 Network Module for Ethernet<\/li>\n<li>Modul m\u1ea1ng cho Profibus, DeviceNet\u00a0 \u2013\u00a0<span class=\"fontstyle0\">Network Module for Profibus\/DP, DeviceNet v\u00e0 nhi\u1ec1u lo\u1ea1i ph\u1ee5 ki\u1ec7n kh\u00e1c<\/span><\/li>\n<\/ul>\n<p>\u2022 Model: B\u1ed9 \u0111i\u1ec1u khi\u1ec3n l\u1eadp tr\u00ecnh PLC Mitsubishi d\u00f2ng FX1S, lo\u1ea1i 10 I\/O:<br \/>\n\u25ca FX1S-10MR-ES\/UL: Ngu\u1ed3n c\u1ea5p 220V, ng\u00f5 v\u00e0o c\u1ea5p s\u1eb5n ngu\u1ed3n n\u1ed9i 24VDC c\u1ee7a PLC.<br \/>\n\u25ca FX1S-10MR-ES\/UL: 6 ng\u00f5 v\u00e0o c\u00e1ch ly\/ 4 ng\u00f5 ra relay.<br \/>\n\u2022 Th\u00f4ng s\u1ed1 k\u1ef9 thu\u1eadt:<br \/>\n\u25ca B\u1ed9 nh\u1edb ch\u01b0\u01a1ng tr\u00ecnh: 2000 b\u01b0\u1edbc l\u1ec7nh, s\u1eed d\u1ee5ng EEPROM.<br \/>\n\u25ca Kh\u00f4ng s\u1eed d\u1ee5ng pin.<br \/>\n\u25ca Chu k\u1ef3 x\u1eed l\u00fd l\u1ec7nh: 0.55 \u2013 0.7 \u00b5s.<br \/>\n\u25ca Relay ph\u1ee5: 512 points, Timer: 64 points, Counter: 32 points, Thanh ghi: 256 points.<br \/>\n\u25ca B\u1ed9 \u0111\u1ebfm xung t\u1ed1c \u0111\u1ed9 cao (HSC):<br \/>\n\u2013 1 phase: 6 input for max. 60 kHz.<br \/>\n\u2013 2 phases: 2 inputs for max. 30 kHz.<br \/>\n\u25ca Board m\u1edf r\u1ed9ng gi\u00fap k\u1ebft n\u1ed1i RS232C, RS485, RS422 d\u1ec5 d\u00e0ng.<br \/>\n\u25ca Board m\u1edf r\u1ed9ng c\u00f3 th\u1ec3 cung c\u1ea5p 2 k\u00eanh ng\u00f5 v\u00e0o analog v\u00e0 1 k\u00eanh ng\u00f5 ra analog.<br \/>\n\u25ca Module hi\u1ec3n th\u1ecb c\u00f3 th\u1ec3 theo d\u00f5i\/ch\u1ec9nh s\u1eeda b\u1ed9 \u0111\u1ecbnh th\u1eddi, b\u1ed9 \u0111\u1ebfm, thanh ghi d\u1eef li\u1ec7u v\u00e0 c\u00f3 th\u1ec3 s\u1eed d\u1ee5ng c\u00f9ng v\u1edbi board m\u1edf r\u1ed9ng.<br \/>\n\u25ca T\u00edch h\u1ee3p 02 bi\u1ebfn tr\u1edf \u0111i\u1ec1u khi\u1ec3n c\u00f3 th\u1ec3 c\u00e0i \u0111\u1eb7t b\u1ed9 \u0111\u1ecbnh th\u1eddi.<br \/>\n\u25ca H\u00e3ng s\u1ea3n xu\u1ea5t: Mitsubishi \u2013 Nh\u1eadt B\u1ea3n.<\/p>\n<h2 id=\"tablepress-485-name\" class=\"tablepress-table-name tablepress-table-name-id-485\">L\u1ef1a ch\u1ecdn module FX1S<\/h2>\n<table id=\"tablepress-485\" class=\"tablepress tablepress-id-485\" aria-labelledby=\"tablepress-485-name\" aria-describedby=\"tablepress-485-description\">\n<thead>\n<tr class=\"row-1 odd\">\n<th class=\"column-1\">M\u00e3 s\u1ea3n ph\u1ea9m<\/th>\n<th class=\"column-2\">Ch\u1ee9c n\u0103ng<\/th>\n<\/tr>\n<\/thead>\n<tbody class=\"row-hover\">\n<tr class=\"row-2 even\">\n<td class=\"column-1\">FX1N-CNV-BD<\/td>\n<td class=\"column-2\">Bo chuy\u1ec3n \u0111\u1ed5i giao ti\u1ebfp.<\/td>\n<\/tr>\n<tr class=\"row-3 odd\">\n<td class=\"column-1\">FX1N-2EYT-BD<\/td>\n<td class=\"column-2\">Bo m\u1edf r\u1ed9ng 2 ng\u00f5 ra s\u1ed1: Transistor (5-30VDC).<\/td>\n<\/tr>\n<tr class=\"row-4 even\">\n<td class=\"column-1\">FX1N-4EX-BD<\/td>\n<td class=\"column-2\">Bo m\u1edf r\u1ed9ng 4 ng\u00f5 v\u00e0o s\u1ed1: 24VDC (sink\/source)<\/td>\n<\/tr>\n<tr class=\"row-5 odd\">\n<td class=\"column-1\">FX1N-2AD-BD<\/td>\n<td class=\"column-2\">Bo m\u1edf r\u1ed9ng A\/D 2 k\u00eanh v\u00e0o: 0 ~ 10VDC\/<\/td>\n<\/tr>\n<tr class=\"row-6 even\">\n<td class=\"column-1\">FX1N-8AV-BD<\/td>\n<td class=\"column-2\">Bo m\u1edf r\u1ed9ng cho vi\u1ec7c c\u00e0i \u0111\u1eb7t gi\u00e1 tr\u1ecb tuy\u1ebfn t\u00ednh, d\u00f9ng 8 bi\u1ebfn tr\u1edf ( \u0111\u1ed9 ph\u00e2n gi\u1ea3i 8 bit).<\/td>\n<\/tr>\n<tr class=\"row-7 odd\">\n<td class=\"column-1\">FX1N-1DA-BD<\/td>\n<td class=\"column-2\">Bo m\u1edf r\u1ed9ng D\/A 1 k\u00eanh ra: 0 ~ 10V DC\/4 ~ 20mA (12 bit).<\/td>\n<\/tr>\n<tr class=\"row-8 even\">\n<td class=\"column-1\">FX1N-232-BD<\/td>\n<td class=\"column-2\">Bo m\u1edf r\u1ed9ng truy\u1ec1n th\u00f4ng RS-232C.<\/td>\n<\/tr>\n<tr class=\"row-9 odd\">\n<td class=\"column-1\">FX1N-422-BD<\/td>\n<td class=\"column-2\">Bo m\u1edf r\u1ed9ng truy\u1ec1n th\u00f4ng RS-422.<\/td>\n<\/tr>\n<tr class=\"row-10 even\">\n<td class=\"column-1\">FX1N-485-BD<\/td>\n<td class=\"column-2\">Bo m\u1edf r\u1ed9ng truy\u1ec1n th\u00f4ng RS-485.<\/td>\n<\/tr>\n<tr class=\"row-11 odd\">\n<td class=\"column-1\">FX-232AWC-H<\/td>\n<td class=\"column-2\">B\u1ed9 chuy\u1ec3n \u0111\u1ed5i giao ti\u1ebfp t\u1eeb RS-232C sang RS-422, d\u00f9ng cho FX1S\/1N\/3G\/3U\/3UC.<\/td>\n<\/tr>\n<tr class=\"row-12 even\">\n<td class=\"column-1\">FX-USB-AW<\/td>\n<td class=\"column-2\">B\u1ed9 chuy\u1ec3n \u0111\u1ed5i giao ti\u1ebfp t\u1eeb USB sang RS-422, d\u00f9ng cho FX1S\/1N\/3U\/3UC.<\/td>\n<\/tr>\n<tr class=\"row-13 odd\">\n<td class=\"column-1\">FX1N-EEPROM-8L<\/td>\n<td class=\"column-2\">B\u1ed9 nh\u1edb ch\u01b0\u01a1ng tr\u00ecnh EEPROM, 8000 step.<\/td>\n<\/tr>\n<tr class=\"row-14 even\">\n<td class=\"column-1\">FX0N-30EC<\/td>\n<td class=\"column-2\">C\u00e1p n\u1ed1i d\u00e0i FX-bus, 0.3m<\/td>\n<\/tr>\n<tr class=\"row-15 odd\">\n<td class=\"column-1\">FX0N-65EC<\/td>\n<td class=\"column-2\">C\u00e1p n\u1ed1i d\u00e0i FX-bus, 0.65m<\/td>\n<\/tr>\n<tr class=\"row-16 even\">\n<td class=\"column-1\">FX-10DM-E<\/td>\n<td class=\"column-2\">Kh\u1ed1i hi\u1ec3n th\u1ecb cho FX PLC, ki\u1ec3u 2.<\/td>\n<\/tr>\n<tr class=\"row-17 odd\">\n<td class=\"column-1\">FX1N-5DM<\/td>\n<td class=\"column-2\">Kh\u1ed1i hi\u1ec3n th\u1ecb cho FX1S\/1N, ki\u1ec3u 1<\/td>\n<\/tr>\n<\/tbody>\n<\/table>\n<p>&nbsp;<\/p>\n<p>\u0110\u1ea1i l\u00fd MITSUBISHI vietnam, MITSUBISHI viet nam, MITSUBISHI vietnam distributor, Ph\u00e2n ph\u1ed1i MITSUBISHI t\u1ea1i vi\u1ec7t nam<\/p>\n<p>\u0110\u1ea1i l\u00fd MITSUBISHI vietnam, MITSUBISHI viet nam, MITSUBISHI vietnam distributor, Ph\u00e2n ph\u1ed1i MITSUBISHI t\u1ea1i vi\u1ec7t nam<\/p>\n<p>\u0110\u1ea1i l\u00fd MITSUBISHI vietnam, MITSUBISHI viet nam, MITSUBISHI vietnam distributor, Ph\u00e2n ph\u1ed1i MITSUBISHI t\u1ea1i vi\u1ec7t nam<\/p>\n<p>\u0110\u1ea1i l\u00fd MITSUBISHI vietnam, MITSUBISHI viet nam, MITSUBISHI vietnam distributor, Ph\u00e2n ph\u1ed1i MITSUBISHI t\u1ea1i vi\u1ec7t nam<\/p>\n<p>\u0110\u1ea1i l\u00fd MITSUBISHI vietnam, MITSUBISHI viet nam, MITSUBISHI vietnam distributor, Ph\u00e2n ph\u1ed1i MITSUBISHI t\u1ea1i vi\u1ec7t nam<\/p>\n","protected":false},"excerpt":{"rendered":"<p>MITSUBISHI FX1S-10MR-ES\/UL PLC FX1S-10MR-ES\/UL\u00a0thu\u1ed9c d\u00f2ng PLC FX1S c\u00f3 s\u1eb5n c\u00e1c model t\u1eeb 10 \u0111\u1ebfn 30 input\/output, v\u00e0 t\u00f9y ch\u1ecdn ng\u00f5 ra relay ho\u1eb7c transistor, giao di\u1ec7n l\u1eadp tr\u00ecnh ti\u00eau chu\u1ea9n, giao ti\u1ebfp \u0111\u01a1n gi\u1ea3n gi\u1eefa PLC, m\u00e1y t\u00ednh v\u00e0 HMI C\u00e1c t\u00ednh n\u0103ng \u0111\u1eb7c bi\u1ec7t c\u1ee7a d\u00f2ng PLC FX1S C\u00f3&hellip; <\/p>\n","protected":false},"featured_media":927,"comment_status":"open","ping_status":"closed","template":"","meta":[],"product_cat":[305],"product_tag":[167,158,157,159],"class_list":{"0":"post-926","1":"product","2":"type-product","3":"status-publish","4":"has-post-thumbnail","6":"product_cat-mitsubishi","7":"product_tag-bo-dieu-khien","8":"product_tag-dai-ly-mitsubishi-viet-nam","9":"product_tag-mitsubishi-viet-nam","10":"product_tag-mo-dun","12":"first","13":"instock","14":"shipping-taxable","15":"product-type-simple"},"yoast_head":"<!-- This site is optimized with the Yoast SEO plugin v22.8 - https:\/\/yoast.com\/wordpress\/plugins\/seo\/ -->\n<title>MITSUBISHI FX1S-10MR-ES\/UL - OMANI VI\u1ec6T NAM<\/title>\n<meta name=\"description\" content=\"Mitsubishi FX1S-10MR-ES\/UL 6 In\/4 Out Relay 220VAC\" \/>\n<meta name=\"robots\" content=\"index, follow, max-snippet:-1, max-image-preview:large, max-video-preview:-1\" \/>\n<link rel=\"canonical\" href=\"https:\/\/omanivietnam.com\/index.php\/san-pham\/mitsubishi-fx1s-10mr-es-ul\/\" \/>\n<meta property=\"og:locale\" content=\"vi_VN\" \/>\n<meta property=\"og:type\" content=\"article\" \/>\n<meta property=\"og:title\" content=\"MITSUBISHI FX1S-10MR-ES\/UL - OMANI VI\u1ec6T NAM\" \/>\n<meta property=\"og:description\" content=\"Mitsubishi FX1S-10MR-ES\/UL 6 In\/4 Out Relay 220VAC\" \/>\n<meta property=\"og:url\" content=\"https:\/\/omanivietnam.com\/index.php\/san-pham\/mitsubishi-fx1s-10mr-es-ul\/\" \/>\n<meta property=\"og:site_name\" content=\"OMANI VI\u1ec6T NAM\" \/>\n<meta property=\"article:modified_time\" content=\"2024-08-10T15:01:31+00:00\" \/>\n<meta property=\"og:image\" content=\"https:\/\/omanivietnam.com\/wp-content\/uploads\/2024\/06\/FX1S-10MR-ES.UL_.png\" \/>\n\t<meta property=\"og:image:width\" content=\"441\" \/>\n\t<meta property=\"og:image:height\" content=\"372\" \/>\n\t<meta property=\"og:image:type\" content=\"image\/png\" \/>\n<meta name=\"twitter:card\" content=\"summary_large_image\" \/>\n<meta name=\"twitter:label1\" content=\"\u01af\u1edbc t\u00ednh th\u1eddi gian \u0111\u1ecdc\" \/>\n\t<meta name=\"twitter:data1\" content=\"5 ph\u00fat\" \/>\n<script type=\"application\/ld+json\" class=\"yoast-schema-graph\">{\"@context\":\"https:\/\/schema.org\",\"@graph\":[{\"@type\":\"WebPage\",\"@id\":\"https:\/\/omanivietnam.com\/index.php\/san-pham\/mitsubishi-fx1s-10mr-es-ul\/\",\"url\":\"https:\/\/omanivietnam.com\/index.php\/san-pham\/mitsubishi-fx1s-10mr-es-ul\/\",\"name\":\"MITSUBISHI FX1S-10MR-ES\/UL - OMANI VI\u1ec6T NAM\",\"isPartOf\":{\"@id\":\"https:\/\/omanivietnam.com\/#website\"},\"primaryImageOfPage\":{\"@id\":\"https:\/\/omanivietnam.com\/index.php\/san-pham\/mitsubishi-fx1s-10mr-es-ul\/#primaryimage\"},\"image\":{\"@id\":\"https:\/\/omanivietnam.com\/index.php\/san-pham\/mitsubishi-fx1s-10mr-es-ul\/#primaryimage\"},\"thumbnailUrl\":\"https:\/\/omanivietnam.com\/wp-content\/uploads\/2024\/06\/FX1S-10MR-ES.UL_.png\",\"datePublished\":\"2024-06-28T22:37:08+00:00\",\"dateModified\":\"2024-08-10T15:01:31+00:00\",\"description\":\"Mitsubishi FX1S-10MR-ES\/UL 6 In\/4 Out Relay 220VAC\",\"breadcrumb\":{\"@id\":\"https:\/\/omanivietnam.com\/index.php\/san-pham\/mitsubishi-fx1s-10mr-es-ul\/#breadcrumb\"},\"inLanguage\":\"vi\",\"potentialAction\":[{\"@type\":\"ReadAction\",\"target\":[\"https:\/\/omanivietnam.com\/index.php\/san-pham\/mitsubishi-fx1s-10mr-es-ul\/\"]}]},{\"@type\":\"ImageObject\",\"inLanguage\":\"vi\",\"@id\":\"https:\/\/omanivietnam.com\/index.php\/san-pham\/mitsubishi-fx1s-10mr-es-ul\/#primaryimage\",\"url\":\"https:\/\/omanivietnam.com\/wp-content\/uploads\/2024\/06\/FX1S-10MR-ES.UL_.png\",\"contentUrl\":\"https:\/\/omanivietnam.com\/wp-content\/uploads\/2024\/06\/FX1S-10MR-ES.UL_.png\",\"width\":441,\"height\":372},{\"@type\":\"BreadcrumbList\",\"@id\":\"https:\/\/omanivietnam.com\/index.php\/san-pham\/mitsubishi-fx1s-10mr-es-ul\/#breadcrumb\",\"itemListElement\":[{\"@type\":\"ListItem\",\"position\":1,\"name\":\"Home\",\"item\":\"https:\/\/omanivietnam.com\/\"},{\"@type\":\"ListItem\",\"position\":2,\"name\":\"S\u1ea2N PH\u1ea8M\",\"item\":\"https:\/\/omanivietnam.com\/index.php\/cua-hang\/\"},{\"@type\":\"ListItem\",\"position\":3,\"name\":\"MITSUBISHI FX1S-10MR-ES\/UL\"}]},{\"@type\":\"WebSite\",\"@id\":\"https:\/\/omanivietnam.com\/#website\",\"url\":\"https:\/\/omanivietnam.com\/\",\"name\":\"OMANI VI\u1ec6T NAM\",\"description\":\"Nh\u00e0 ph\u00e2n ph\u1ed1i thi\u1ebft b\u1ecb kh\u00ed n\u00e9n v\u00e0 thi\u1ebft b\u1ecb t\u1ef1 \u0111\u1ed9ng h\u00f3a trong c\u00f4ng nghi\u1ec7p\",\"publisher\":{\"@id\":\"https:\/\/omanivietnam.com\/#\/schema\/person\/0ad398a980dc3fd696111c2c5c8fa897\"},\"potentialAction\":[{\"@type\":\"SearchAction\",\"target\":{\"@type\":\"EntryPoint\",\"urlTemplate\":\"https:\/\/omanivietnam.com\/?s={search_term_string}\"},\"query-input\":\"required name=search_term_string\"}],\"inLanguage\":\"vi\"},{\"@type\":[\"Person\",\"Organization\"],\"@id\":\"https:\/\/omanivietnam.com\/#\/schema\/person\/0ad398a980dc3fd696111c2c5c8fa897\",\"name\":\"Nguy\u1ec5n V\u0103n Kh\u00e1nh\",\"image\":{\"@type\":\"ImageObject\",\"inLanguage\":\"vi\",\"@id\":\"https:\/\/omanivietnam.com\/#\/schema\/person\/image\/\",\"url\":\"https:\/\/omanivietnam.com\/wp-content\/uploads\/2024\/06\/logo-1024x1024.png\",\"contentUrl\":\"https:\/\/omanivietnam.com\/wp-content\/uploads\/2024\/06\/logo-1024x1024.png\",\"width\":1024,\"height\":1024,\"caption\":\"Nguy\u1ec5n V\u0103n Kh\u00e1nh\"},\"logo\":{\"@id\":\"https:\/\/omanivietnam.com\/#\/schema\/person\/image\/\"},\"sameAs\":[\"https:\/\/omanivietnam.com\"]}]}<\/script>\n<!-- \/ Yoast SEO plugin. -->","yoast_head_json":{"title":"MITSUBISHI FX1S-10MR-ES\/UL - OMANI VI\u1ec6T NAM","description":"Mitsubishi FX1S-10MR-ES\/UL 6 In\/4 Out Relay 220VAC","robots":{"index":"index","follow":"follow","max-snippet":"max-snippet:-1","max-image-preview":"max-image-preview:large","max-video-preview":"max-video-preview:-1"},"canonical":"https:\/\/omanivietnam.com\/index.php\/san-pham\/mitsubishi-fx1s-10mr-es-ul\/","og_locale":"vi_VN","og_type":"article","og_title":"MITSUBISHI FX1S-10MR-ES\/UL - OMANI VI\u1ec6T NAM","og_description":"Mitsubishi FX1S-10MR-ES\/UL 6 In\/4 Out Relay 220VAC","og_url":"https:\/\/omanivietnam.com\/index.php\/san-pham\/mitsubishi-fx1s-10mr-es-ul\/","og_site_name":"OMANI VI\u1ec6T NAM","article_modified_time":"2024-08-10T15:01:31+00:00","og_image":[{"width":441,"height":372,"url":"https:\/\/omanivietnam.com\/wp-content\/uploads\/2024\/06\/FX1S-10MR-ES.UL_.png","type":"image\/png"}],"twitter_card":"summary_large_image","twitter_misc":{"\u01af\u1edbc t\u00ednh th\u1eddi gian \u0111\u1ecdc":"5 ph\u00fat"},"schema":{"@context":"https:\/\/schema.org","@graph":[{"@type":"WebPage","@id":"https:\/\/omanivietnam.com\/index.php\/san-pham\/mitsubishi-fx1s-10mr-es-ul\/","url":"https:\/\/omanivietnam.com\/index.php\/san-pham\/mitsubishi-fx1s-10mr-es-ul\/","name":"MITSUBISHI FX1S-10MR-ES\/UL - OMANI VI\u1ec6T NAM","isPartOf":{"@id":"https:\/\/omanivietnam.com\/#website"},"primaryImageOfPage":{"@id":"https:\/\/omanivietnam.com\/index.php\/san-pham\/mitsubishi-fx1s-10mr-es-ul\/#primaryimage"},"image":{"@id":"https:\/\/omanivietnam.com\/index.php\/san-pham\/mitsubishi-fx1s-10mr-es-ul\/#primaryimage"},"thumbnailUrl":"https:\/\/omanivietnam.com\/wp-content\/uploads\/2024\/06\/FX1S-10MR-ES.UL_.png","datePublished":"2024-06-28T22:37:08+00:00","dateModified":"2024-08-10T15:01:31+00:00","description":"Mitsubishi FX1S-10MR-ES\/UL 6 In\/4 Out Relay 220VAC","breadcrumb":{"@id":"https:\/\/omanivietnam.com\/index.php\/san-pham\/mitsubishi-fx1s-10mr-es-ul\/#breadcrumb"},"inLanguage":"vi","potentialAction":[{"@type":"ReadAction","target":["https:\/\/omanivietnam.com\/index.php\/san-pham\/mitsubishi-fx1s-10mr-es-ul\/"]}]},{"@type":"ImageObject","inLanguage":"vi","@id":"https:\/\/omanivietnam.com\/index.php\/san-pham\/mitsubishi-fx1s-10mr-es-ul\/#primaryimage","url":"https:\/\/omanivietnam.com\/wp-content\/uploads\/2024\/06\/FX1S-10MR-ES.UL_.png","contentUrl":"https:\/\/omanivietnam.com\/wp-content\/uploads\/2024\/06\/FX1S-10MR-ES.UL_.png","width":441,"height":372},{"@type":"BreadcrumbList","@id":"https:\/\/omanivietnam.com\/index.php\/san-pham\/mitsubishi-fx1s-10mr-es-ul\/#breadcrumb","itemListElement":[{"@type":"ListItem","position":1,"name":"Home","item":"https:\/\/omanivietnam.com\/"},{"@type":"ListItem","position":2,"name":"S\u1ea2N PH\u1ea8M","item":"https:\/\/omanivietnam.com\/index.php\/cua-hang\/"},{"@type":"ListItem","position":3,"name":"MITSUBISHI FX1S-10MR-ES\/UL"}]},{"@type":"WebSite","@id":"https:\/\/omanivietnam.com\/#website","url":"https:\/\/omanivietnam.com\/","name":"OMANI VI\u1ec6T NAM","description":"Nh\u00e0 ph\u00e2n ph\u1ed1i thi\u1ebft b\u1ecb kh\u00ed n\u00e9n v\u00e0 thi\u1ebft b\u1ecb t\u1ef1 \u0111\u1ed9ng h\u00f3a trong c\u00f4ng nghi\u1ec7p","publisher":{"@id":"https:\/\/omanivietnam.com\/#\/schema\/person\/0ad398a980dc3fd696111c2c5c8fa897"},"potentialAction":[{"@type":"SearchAction","target":{"@type":"EntryPoint","urlTemplate":"https:\/\/omanivietnam.com\/?s={search_term_string}"},"query-input":"required name=search_term_string"}],"inLanguage":"vi"},{"@type":["Person","Organization"],"@id":"https:\/\/omanivietnam.com\/#\/schema\/person\/0ad398a980dc3fd696111c2c5c8fa897","name":"Nguy\u1ec5n V\u0103n Kh\u00e1nh","image":{"@type":"ImageObject","inLanguage":"vi","@id":"https:\/\/omanivietnam.com\/#\/schema\/person\/image\/","url":"https:\/\/omanivietnam.com\/wp-content\/uploads\/2024\/06\/logo-1024x1024.png","contentUrl":"https:\/\/omanivietnam.com\/wp-content\/uploads\/2024\/06\/logo-1024x1024.png","width":1024,"height":1024,"caption":"Nguy\u1ec5n V\u0103n Kh\u00e1nh"},"logo":{"@id":"https:\/\/omanivietnam.com\/#\/schema\/person\/image\/"},"sameAs":["https:\/\/omanivietnam.com"]}]}},"_links":{"self":[{"href":"https:\/\/omanivietnam.com\/index.php\/wp-json\/wp\/v2\/product\/926","targetHints":{"allow":["GET"]}}],"collection":[{"href":"https:\/\/omanivietnam.com\/index.php\/wp-json\/wp\/v2\/product"}],"about":[{"href":"https:\/\/omanivietnam.com\/index.php\/wp-json\/wp\/v2\/types\/product"}],"replies":[{"embeddable":true,"href":"https:\/\/omanivietnam.com\/index.php\/wp-json\/wp\/v2\/comments?post=926"}],"wp:featuredmedia":[{"embeddable":true,"href":"https:\/\/omanivietnam.com\/index.php\/wp-json\/wp\/v2\/media\/927"}],"wp:attachment":[{"href":"https:\/\/omanivietnam.com\/index.php\/wp-json\/wp\/v2\/media?parent=926"}],"wp:term":[{"taxonomy":"product_cat","embeddable":true,"href":"https:\/\/omanivietnam.com\/index.php\/wp-json\/wp\/v2\/product_cat?post=926"},{"taxonomy":"product_tag","embeddable":true,"href":"https:\/\/omanivietnam.com\/index.php\/wp-json\/wp\/v2\/product_tag?post=926"}],"curies":[{"name":"wp","href":"https:\/\/api.w.org\/{rel}","templated":true}]}}