{"id":936,"date":"2024-06-29T15:31:19","date_gmt":"2024-06-29T08:31:19","guid":{"rendered":"https:\/\/omanivietnam.com\/?post_type=product&#038;p=936"},"modified":"2024-07-25T05:04:23","modified_gmt":"2024-07-24T22:04:23","slug":"smc-sy9120-5lzd-03","status":"publish","type":"product","link":"https:\/\/omanivietnam.com\/index.php\/san-pham\/smc-sy9120-5lzd-03\/","title":{"rendered":"SMC SY9120-5LZD-03"},"content":{"rendered":"<p>SMC SY9120-5LZD-03<\/p>\n<p class=\"m-h1\">5-Port Solenoid Valve Body Ported Single Unit SY9000 Series (SY9120-5LZD-03)<\/p>\n<h2 class=\"m-h2\">Product Description<\/h2>\n<p>&#8211; 5-Port Solenoid Valve Body Ported Single Unit SY9000 Series from SMC.<br \/>\n&#8211; Fluid: air<br \/>\n&#8211; Operating pressure range: (internal pilot) 0.1 &#8211; 0.7MPa, (external pilot) -100kPa to 0.7MPa, (external pilot, pilot pressure range) 0.25 &#8211; 0.7MPa<br \/>\n&#8211; Coil rated voltage: 3, 5, 6, 12, 24VDC; 100, 110, 200, 220VAC.<br \/>\n&#8211; Response time (0.5MPa) w\/o indicator light &amp; surge voltage suppressor: 32ms or less.<br \/>\n&#8211; Ambient &amp; fluid temperature: 50\u00b0C<\/p>\n<p>&nbsp;<\/p>\n<h3 class=\"m-h3\"><span data-lang=\"ENG\">Configured Specifications<\/span><\/h3>\n<table class=\"m-listTable\" summary=\"Price, Spec., etc.\">\n<colgroup>\n<col width=\"20%\" \/>\n<col width=\"30%\" \/>\n<col width=\"20%\" \/>\n<col width=\"30%\" \/><\/colgroup>\n<tbody>\n<tr>\n<th>Type<\/th>\n<td>Solenoid Valves<\/td>\n<th>Application<\/th>\n<td>Single Use<\/td>\n<\/tr>\n<tr>\n<th>Number of Ports<\/th>\n<td>5-Port Valve<\/td>\n<th>Mounting Orientation<\/th>\n<td>Direct<\/td>\n<\/tr>\n<tr>\n<th>Specifications<\/th>\n<td>Standard \/ Lubrication Free<\/td>\n<th>Number of Solenoids<\/th>\n<td>[Single] Single<\/td>\n<\/tr>\n<tr>\n<th>Switching Type<\/th>\n<td>2-Position Exhaust<\/td>\n<th>Status at Power Off<\/th>\n<td>Self-Recovery (Pressure Differential Return)<\/td>\n<\/tr>\n<tr>\n<th>Voltage<\/th>\n<td>DC24V<\/td>\n<th>Pipe Port Type<\/th>\n<td>[Rc (R)] Rc<\/td>\n<\/tr>\n<tr>\n<th>Plumbing Thread Nominal<\/th>\n<td>3\/8<\/td>\n<th>Applicable Cylinder Dia.(\u00d8)<\/th>\n<td>160 or Less<\/td>\n<\/tr>\n<tr class=\"VN_table-row\">\n<th>Plumbing<\/th>\n<td>Direct Plumbing<\/td>\n<th>Driving Type<\/th>\n<td>Pilot Type Spool<\/td>\n<\/tr>\n<tr class=\"VN_table-row\">\n<th>CV Value<\/th>\n<td>1.9<\/td>\n<th>Connecting Tube Diameter<\/th>\n<td>&#8211;<\/td>\n<\/tr>\n<tr class=\"VN_table-row\">\n<th>Seal Type<\/th>\n<td>Soft Seal<\/td>\n<th>Pressure Rating(MPa)<\/th>\n<td>0.15 to 0.7<\/td>\n<\/tr>\n<tr class=\"VN_table-row\">\n<th>Pilot Air Supply<\/th>\n<td>Internal<\/td>\n<th>Manual Switch<\/th>\n<td>Lock<\/td>\n<\/tr>\n<tr class=\"VN_table-row\">\n<th>Coil specifications<\/th>\n<td>Standard<\/td>\n<th>Lead wire electrical entry<\/th>\n<td>L plug connector \/ With lead wire (length: 300\u00a0mm)<\/td>\n<\/tr>\n<tr class=\"VN_table-row\">\n<th>Manual<\/th>\n<td>Push-turn locking screwdriver-operated type<\/td>\n<th>Indicator light \/ Surge voltage suppressor<\/th>\n<td>With indicator light and surge voltage suppressor<\/td>\n<\/tr>\n<tr class=\"VN_table-row\">\n<th>Bracket<\/th>\n<td>No bracket<\/td>\n<th>Made to order specifications<\/th>\n<td>None<\/td>\n<\/tr>\n<tr class=\"VN_table-row\">\n<th>CE compliant<\/th>\n<td>Yes<\/td>\n<th>Valve specifications<\/th>\n<td>&#8211;<\/td>\n<\/tr>\n<tr class=\"VN_table-row\">\n<th>Compliance with IEC standards<\/th>\n<td>&#8211;<\/td>\n<th>Type of fitting thread part<\/th>\n<td>&#8211;<\/td>\n<\/tr>\n<tr class=\"VN_table-row\">\n<th>RoHS<\/th>\n<td>&#8211;<\/td>\n<th>&#8211;<\/th>\n<td>&#8211;<\/td>\n<\/tr>\n<\/tbody>\n<\/table>\n<p>&nbsp;<\/p>\n<div class=\"m-unit\">\n<table class=\"m-table\">\n<thead>\n<tr>\n<th colspan=\"2\">Series<\/th>\n<th>SY9000<\/th>\n<\/tr>\n<\/thead>\n<tbody>\n<tr>\n<th colspan=\"2\">Usable Fluids<\/th>\n<td>Air<\/td>\n<\/tr>\n<tr>\n<th rowspan=\"3\">Internal Pilot<br \/>\nOperating Pressure Range MPa<\/th>\n<th>2-position single<\/th>\n<td>0.15 to 0.7<\/td>\n<\/tr>\n<tr>\n<th>2-position double<\/th>\n<td>0.1 to 0.7<\/td>\n<\/tr>\n<tr>\n<th>3 Position<\/th>\n<td>0.2 to 0.7<\/td>\n<\/tr>\n<tr>\n<th colspan=\"2\">Ambient and fluid temperature (\u00b0C)<\/th>\n<td>-10 to 50 (no freezing)<\/td>\n<\/tr>\n<tr>\n<th rowspan=\"2\">Maximum operating frequency (Hz)<\/th>\n<th>2 Position Single, Double<\/th>\n<td>5<\/td>\n<\/tr>\n<tr>\n<th>3 Position<\/th>\n<td>3<\/td>\n<\/tr>\n<tr>\n<th colspan=\"2\">Manual Operation<\/th>\n<td>Non-locking push type, push-turn locking type screwdriver-operated type, push-turn locking manual-operation type<\/td>\n<\/tr>\n<tr>\n<th colspan=\"2\">Pilot Exhaust Method<\/th>\n<td>Main valve, pilot valve common exhaust type<\/td>\n<\/tr>\n<tr>\n<th colspan=\"2\">Lubrication<\/th>\n<td>Not required<\/td>\n<\/tr>\n<tr>\n<th colspan=\"2\">Mounting Orientation<\/th>\n<td>Free<\/td>\n<\/tr>\n<tr>\n<th colspan=\"2\"><sup>*<\/sup>Impact resistance\/Vibration-resistance (m\/s<sup>2<\/sup>)<\/th>\n<td>150\/30<\/td>\n<\/tr>\n<tr>\n<th colspan=\"2\">Enclosure<\/th>\n<td>Dust-proof (*DIN terminal and M8 connector are IP65)<\/td>\n<\/tr>\n<\/tbody>\n<\/table>\n<p class=\"u-fs-M\">*Based on IEC60529.<br \/>\n*Impact resistance: No malfunctions after testing under the following conditions: in the axial direction and at a right angle to the main valve and armature in both energized and non-energized states (once for each condition state). (Initial value)<br \/>\nVibration resistance: No malfunctions occurred in a 1-sweep test between 45 and 2,000\u00a0Hz. The test was performed in both energized and non-energized states and in the axial direction and at right angles to the main valve and armature. (Initial value)<\/p>\n<\/div>\n<h4 class=\"m-h4--wysiwyg\">Solenoid Specifications<\/h4>\n<table class=\"m-table\">\n<colgroup>\n<col \/>\n<col \/>\n<col \/>\n<col \/>\n<col \/><\/colgroup>\n<tbody>\n<tr>\n<th colspan=\"3\" rowspan=\"2\">Electrical Entry<\/th>\n<td colspan=\"2\">Grommet (G)\/(H)<br \/>\nDIN terminal (D)\/(Y)<br \/>\nL-type plug connector (L)<br \/>\nM8 connector (W)<br \/>\nM-type plug connector (M)<\/td>\n<\/tr>\n<tr>\n<td>G, H, L, M, W<\/td>\n<td>D, Y<\/td>\n<\/tr>\n<tr>\n<th rowspan=\"2\">Coil rated voltage (V)<\/th>\n<th colspan=\"2\">DC<\/th>\n<td>24, 12, 6, 5, 3<\/td>\n<td>24, 12<\/td>\n<\/tr>\n<tr>\n<th colspan=\"2\">AC\u00a050\/60\u00a0Hz<\/th>\n<td colspan=\"2\">100, 110, 200, 220<\/td>\n<\/tr>\n<tr>\n<th colspan=\"3\">Allowable Voltage Fluctuation<\/th>\n<td colspan=\"2\">\u00b110% of rated voltage*<\/td>\n<\/tr>\n<tr>\n<th rowspan=\"2\">Power Consumption W<\/th>\n<th rowspan=\"2\">DC<\/th>\n<th>Standard<\/th>\n<td colspan=\"2\">0.35 (with light: 0.4) [0.94 (with DIN terminal light: 0.45)]<\/td>\n<\/tr>\n<tr>\n<th>With power saving circuit<\/th>\n<td colspan=\"2\">0.1 (only with light) *<br \/>\n[Startup 0.4, holding 0.1]<\/td>\n<\/tr>\n<tr>\n<th rowspan=\"4\">*Apparent power (VA)<\/th>\n<th rowspan=\"4\">AC<\/th>\n<th>100\u00a0V<\/th>\n<td>0.78 (with light: 0.81)<\/td>\n<td>0.78 (with light: 0.87)<\/td>\n<\/tr>\n<tr>\n<th>110\u00a0V<br \/>\n115\u00a0V<\/th>\n<td>0.86 (with light: 0.89)<br \/>\n[0.94 (with indicator light: 0.97)]<\/td>\n<td>0.86 (with light: 0.97)<br \/>\n[0.94 (with light: 1.07)]<\/td>\n<\/tr>\n<tr>\n<th>200\u00a0V<\/th>\n<td>1.18 (with light: 1.22)<\/td>\n<td>1.15 (with light: 1.30)<\/td>\n<\/tr>\n<tr>\n<th>220\u00a0V<br \/>\n[230\u00a0V]<\/th>\n<td>1.30 (with light: 1.34)<br \/>\n[1.42 (with light: 1.46)]<\/td>\n<td>1.27 (with light: 1.46)<br \/>\n[1.39 (with light: 1.60)]<\/td>\n<\/tr>\n<tr>\n<th colspan=\"3\">Surge Voltage Suppressor<\/th>\n<td colspan=\"2\">Diode (varistor for DIN terminal and non-polar type are )<\/td>\n<\/tr>\n<tr>\n<th colspan=\"3\">Indicator Light<\/th>\n<td colspan=\"2\">LED (neon bulb for DIN terminal AC)<\/td>\n<\/tr>\n<\/tbody>\n<\/table>\n<p>&nbsp;<\/p>\n<p><img decoding=\"async\" src=\"https:\/\/bizweb.dktcdn.net\/100\/433\/561\/files\/3.jpg?v=1633424055715\" \/><\/p>\n<p>C\u00e1c s\u1ea3n ph\u1ea9m c\u00f9ng lo\u1ea1i:<\/p>\n<p><b><a>SY9120-5LZD-03<\/a>\u00a0,<a>\u00a0SY9220-5LZD-03<\/a>\u00a0,<a>\u00a0SY9320-5LZD-03<\/a>\u00a0,<a>\u00a0SY9120-5LZD-C10<\/a>\u00a0,<a>\u00a0SY9220-5LZD-C10<\/a>\u00a0,<a>\u00a0SY9320-5LZD-C10<\/a>\u00a0,<a>\u00a0SY9120-5GZ-03<\/a>\u00a0,<a>\u00a0SY9220-5GZ-03<\/a>\u00a0,<a>\u00a0SY9320- 5GZ-03<\/a>\u00a0,<a>\u00a0SY9120-5GD-03<\/a>\u00a0,<a>\u00a0SY9220-5GD-03<\/a>\u00a0,<a>\u00a0SY9320-5GD-03<\/a>\u00a0,<a>\u00a0SY9120-5GZD-03<\/a>\u00a0,<a>\u00a0SY9220-5GZD-03<\/a>\u00a0,<a>\u00a0SY9320-5GZD-03<\/a>\u00a0,<a>\u00a0SY9120-4GZD-03<\/a>\u00a0,<a>\u00a0SY9120-4LZD- 03<\/a>\u00a0,<a>\u00a0SY9120-5GZE-03<\/a>\u00a0,<a>\u00a0SY9120-5DZD-03<\/a>\u00a0,<a>\u00a0SY9220-5DZD-03<\/a>\u00a0,<a>SY9320-5DZD-03<\/a>\u00a0,<a>\u00a0SY9120-4DZD-03<\/a><\/b><\/p>\n<p>\u0110\u1ea1i l\u00fd SMC vietnam, SMC viet nam, SMC vietnam distributor, Ph\u00e2n ph\u1ed1i SMC t\u1ea1i vi\u1ec7t nam<\/p>\n<p>\u0110\u1ea1i l\u00fd SMC vietnam, SMC viet nam, SMC vietnam distributor, Ph\u00e2n ph\u1ed1i SMC t\u1ea1i vi\u1ec7t nam<\/p>\n<p>\u0110\u1ea1i l\u00fd SMC vietnam, SMC viet nam, SMC vietnam distributor, Ph\u00e2n ph\u1ed1i SMC t\u1ea1i vi\u1ec7t nam<\/p>\n<p>\u0110\u1ea1i l\u00fd SMC vietnam, SMC viet nam, SMC vietnam distributor, Ph\u00e2n ph\u1ed1i SMC t\u1ea1i vi\u1ec7t nam<\/p>\n<p>\u0110\u1ea1i l\u00fd SMC vietnam, SMC viet nam, SMC vietnam distributor, Ph\u00e2n ph\u1ed1i SMC t\u1ea1i vi\u1ec7t nam<\/p>\n","protected":false},"excerpt":{"rendered":"<p>SMC SY9120-5LZD-03 5-Port Solenoid Valve Body Ported Single Unit SY9000 Series (SY9120-5LZD-03) Product Description &#8211; 5-Port Solenoid Valve Body Ported Single Unit SY9000 Series from SMC. &#8211; Fluid: air &#8211; Operating pressure range: (internal pilot) 0.1 &#8211; 0.7MPa, (external pilot) -100kPa to 0.7MPa, (external pilot, pilot pressure range) 0.25 &#8211;&hellip; <\/p>\n","protected":false},"featured_media":937,"comment_status":"open","ping_status":"closed","template":"","meta":[],"product_cat":[283],"product_tag":[93,92,102],"class_list":{"0":"post-936","1":"product","2":"type-product","3":"status-publish","4":"has-post-thumbnail","6":"product_cat-smc","7":"product_tag-dai-ly-smc-viet-nam","8":"product_tag-smc-viet-nam","9":"product_tag-van-khi-nen","11":"first","12":"instock","13":"shipping-taxable","14":"product-type-simple"},"yoast_head":"<!-- This site is optimized with the Yoast SEO plugin v22.8 - https:\/\/yoast.com\/wordpress\/plugins\/seo\/ -->\n<title>SMC SY9120-5LZD-03 - OMANI VI\u1ec6T NAM<\/title>\n<meta name=\"description\" content=\"SY9120-5LZD-03| 5-Port Solenoid Valve Body Ported van kh\u00ed n\u00e9n SMC SY9120\/SY9220\/SY9320 Series\" \/>\n<meta name=\"robots\" content=\"index, follow, max-snippet:-1, max-image-preview:large, max-video-preview:-1\" \/>\n<link rel=\"canonical\" href=\"https:\/\/omanivietnam.com\/index.php\/san-pham\/smc-sy9120-5lzd-03\/\" \/>\n<meta property=\"og:locale\" content=\"vi_VN\" \/>\n<meta property=\"og:type\" content=\"article\" \/>\n<meta property=\"og:title\" content=\"SMC SY9120-5LZD-03 - OMANI VI\u1ec6T NAM\" \/>\n<meta property=\"og:description\" content=\"SY9120-5LZD-03| 5-Port Solenoid Valve Body Ported van kh\u00ed n\u00e9n SMC SY9120\/SY9220\/SY9320 Series\" \/>\n<meta property=\"og:url\" content=\"https:\/\/omanivietnam.com\/index.php\/san-pham\/smc-sy9120-5lzd-03\/\" \/>\n<meta property=\"og:site_name\" content=\"OMANI VI\u1ec6T NAM\" \/>\n<meta property=\"article:modified_time\" content=\"2024-07-24T22:04:23+00:00\" \/>\n<meta property=\"og:image\" content=\"https:\/\/omanivietnam.com\/wp-content\/uploads\/2024\/06\/SY9120-5LZD-03.png\" \/>\n\t<meta property=\"og:image:width\" content=\"570\" \/>\n\t<meta property=\"og:image:height\" content=\"354\" \/>\n\t<meta property=\"og:image:type\" content=\"image\/png\" \/>\n<meta name=\"twitter:card\" content=\"summary_large_image\" \/>\n<meta name=\"twitter:label1\" content=\"\u01af\u1edbc t\u00ednh th\u1eddi gian \u0111\u1ecdc\" \/>\n\t<meta name=\"twitter:data1\" content=\"5 ph\u00fat\" \/>\n<script type=\"application\/ld+json\" class=\"yoast-schema-graph\">{\"@context\":\"https:\/\/schema.org\",\"@graph\":[{\"@type\":\"WebPage\",\"@id\":\"https:\/\/omanivietnam.com\/index.php\/san-pham\/smc-sy9120-5lzd-03\/\",\"url\":\"https:\/\/omanivietnam.com\/index.php\/san-pham\/smc-sy9120-5lzd-03\/\",\"name\":\"SMC SY9120-5LZD-03 - OMANI VI\u1ec6T NAM\",\"isPartOf\":{\"@id\":\"https:\/\/omanivietnam.com\/#website\"},\"primaryImageOfPage\":{\"@id\":\"https:\/\/omanivietnam.com\/index.php\/san-pham\/smc-sy9120-5lzd-03\/#primaryimage\"},\"image\":{\"@id\":\"https:\/\/omanivietnam.com\/index.php\/san-pham\/smc-sy9120-5lzd-03\/#primaryimage\"},\"thumbnailUrl\":\"https:\/\/omanivietnam.com\/wp-content\/uploads\/2024\/06\/SY9120-5LZD-03.png\",\"datePublished\":\"2024-06-29T08:31:19+00:00\",\"dateModified\":\"2024-07-24T22:04:23+00:00\",\"description\":\"SY9120-5LZD-03| 5-Port Solenoid Valve Body Ported van kh\u00ed n\u00e9n SMC SY9120\/SY9220\/SY9320 Series\",\"breadcrumb\":{\"@id\":\"https:\/\/omanivietnam.com\/index.php\/san-pham\/smc-sy9120-5lzd-03\/#breadcrumb\"},\"inLanguage\":\"vi\",\"potentialAction\":[{\"@type\":\"ReadAction\",\"target\":[\"https:\/\/omanivietnam.com\/index.php\/san-pham\/smc-sy9120-5lzd-03\/\"]}]},{\"@type\":\"ImageObject\",\"inLanguage\":\"vi\",\"@id\":\"https:\/\/omanivietnam.com\/index.php\/san-pham\/smc-sy9120-5lzd-03\/#primaryimage\",\"url\":\"https:\/\/omanivietnam.com\/wp-content\/uploads\/2024\/06\/SY9120-5LZD-03.png\",\"contentUrl\":\"https:\/\/omanivietnam.com\/wp-content\/uploads\/2024\/06\/SY9120-5LZD-03.png\",\"width\":570,\"height\":354},{\"@type\":\"BreadcrumbList\",\"@id\":\"https:\/\/omanivietnam.com\/index.php\/san-pham\/smc-sy9120-5lzd-03\/#breadcrumb\",\"itemListElement\":[{\"@type\":\"ListItem\",\"position\":1,\"name\":\"Home\",\"item\":\"https:\/\/omanivietnam.com\/\"},{\"@type\":\"ListItem\",\"position\":2,\"name\":\"S\u1ea2N PH\u1ea8M\",\"item\":\"https:\/\/omanivietnam.com\/index.php\/cua-hang\/\"},{\"@type\":\"ListItem\",\"position\":3,\"name\":\"SMC SY9120-5LZD-03\"}]},{\"@type\":\"WebSite\",\"@id\":\"https:\/\/omanivietnam.com\/#website\",\"url\":\"https:\/\/omanivietnam.com\/\",\"name\":\"OMANI VI\u1ec6T NAM\",\"description\":\"Nh\u00e0 ph\u00e2n ph\u1ed1i thi\u1ebft b\u1ecb kh\u00ed n\u00e9n v\u00e0 thi\u1ebft b\u1ecb t\u1ef1 \u0111\u1ed9ng h\u00f3a trong c\u00f4ng nghi\u1ec7p\",\"publisher\":{\"@id\":\"https:\/\/omanivietnam.com\/#\/schema\/person\/0ad398a980dc3fd696111c2c5c8fa897\"},\"potentialAction\":[{\"@type\":\"SearchAction\",\"target\":{\"@type\":\"EntryPoint\",\"urlTemplate\":\"https:\/\/omanivietnam.com\/?s={search_term_string}\"},\"query-input\":\"required name=search_term_string\"}],\"inLanguage\":\"vi\"},{\"@type\":[\"Person\",\"Organization\"],\"@id\":\"https:\/\/omanivietnam.com\/#\/schema\/person\/0ad398a980dc3fd696111c2c5c8fa897\",\"name\":\"Nguy\u1ec5n V\u0103n Kh\u00e1nh\",\"image\":{\"@type\":\"ImageObject\",\"inLanguage\":\"vi\",\"@id\":\"https:\/\/omanivietnam.com\/#\/schema\/person\/image\/\",\"url\":\"https:\/\/omanivietnam.com\/wp-content\/uploads\/2024\/06\/logo-1024x1024.png\",\"contentUrl\":\"https:\/\/omanivietnam.com\/wp-content\/uploads\/2024\/06\/logo-1024x1024.png\",\"width\":1024,\"height\":1024,\"caption\":\"Nguy\u1ec5n V\u0103n Kh\u00e1nh\"},\"logo\":{\"@id\":\"https:\/\/omanivietnam.com\/#\/schema\/person\/image\/\"},\"sameAs\":[\"https:\/\/omanivietnam.com\"]}]}<\/script>\n<!-- \/ Yoast SEO plugin. -->","yoast_head_json":{"title":"SMC SY9120-5LZD-03 - OMANI VI\u1ec6T NAM","description":"SY9120-5LZD-03| 5-Port Solenoid Valve Body Ported van kh\u00ed n\u00e9n SMC SY9120\/SY9220\/SY9320 Series","robots":{"index":"index","follow":"follow","max-snippet":"max-snippet:-1","max-image-preview":"max-image-preview:large","max-video-preview":"max-video-preview:-1"},"canonical":"https:\/\/omanivietnam.com\/index.php\/san-pham\/smc-sy9120-5lzd-03\/","og_locale":"vi_VN","og_type":"article","og_title":"SMC SY9120-5LZD-03 - OMANI VI\u1ec6T NAM","og_description":"SY9120-5LZD-03| 5-Port Solenoid Valve Body Ported van kh\u00ed n\u00e9n SMC SY9120\/SY9220\/SY9320 Series","og_url":"https:\/\/omanivietnam.com\/index.php\/san-pham\/smc-sy9120-5lzd-03\/","og_site_name":"OMANI VI\u1ec6T NAM","article_modified_time":"2024-07-24T22:04:23+00:00","og_image":[{"width":570,"height":354,"url":"https:\/\/omanivietnam.com\/wp-content\/uploads\/2024\/06\/SY9120-5LZD-03.png","type":"image\/png"}],"twitter_card":"summary_large_image","twitter_misc":{"\u01af\u1edbc t\u00ednh th\u1eddi gian \u0111\u1ecdc":"5 ph\u00fat"},"schema":{"@context":"https:\/\/schema.org","@graph":[{"@type":"WebPage","@id":"https:\/\/omanivietnam.com\/index.php\/san-pham\/smc-sy9120-5lzd-03\/","url":"https:\/\/omanivietnam.com\/index.php\/san-pham\/smc-sy9120-5lzd-03\/","name":"SMC SY9120-5LZD-03 - OMANI VI\u1ec6T NAM","isPartOf":{"@id":"https:\/\/omanivietnam.com\/#website"},"primaryImageOfPage":{"@id":"https:\/\/omanivietnam.com\/index.php\/san-pham\/smc-sy9120-5lzd-03\/#primaryimage"},"image":{"@id":"https:\/\/omanivietnam.com\/index.php\/san-pham\/smc-sy9120-5lzd-03\/#primaryimage"},"thumbnailUrl":"https:\/\/omanivietnam.com\/wp-content\/uploads\/2024\/06\/SY9120-5LZD-03.png","datePublished":"2024-06-29T08:31:19+00:00","dateModified":"2024-07-24T22:04:23+00:00","description":"SY9120-5LZD-03| 5-Port Solenoid Valve Body Ported van kh\u00ed n\u00e9n SMC SY9120\/SY9220\/SY9320 Series","breadcrumb":{"@id":"https:\/\/omanivietnam.com\/index.php\/san-pham\/smc-sy9120-5lzd-03\/#breadcrumb"},"inLanguage":"vi","potentialAction":[{"@type":"ReadAction","target":["https:\/\/omanivietnam.com\/index.php\/san-pham\/smc-sy9120-5lzd-03\/"]}]},{"@type":"ImageObject","inLanguage":"vi","@id":"https:\/\/omanivietnam.com\/index.php\/san-pham\/smc-sy9120-5lzd-03\/#primaryimage","url":"https:\/\/omanivietnam.com\/wp-content\/uploads\/2024\/06\/SY9120-5LZD-03.png","contentUrl":"https:\/\/omanivietnam.com\/wp-content\/uploads\/2024\/06\/SY9120-5LZD-03.png","width":570,"height":354},{"@type":"BreadcrumbList","@id":"https:\/\/omanivietnam.com\/index.php\/san-pham\/smc-sy9120-5lzd-03\/#breadcrumb","itemListElement":[{"@type":"ListItem","position":1,"name":"Home","item":"https:\/\/omanivietnam.com\/"},{"@type":"ListItem","position":2,"name":"S\u1ea2N PH\u1ea8M","item":"https:\/\/omanivietnam.com\/index.php\/cua-hang\/"},{"@type":"ListItem","position":3,"name":"SMC SY9120-5LZD-03"}]},{"@type":"WebSite","@id":"https:\/\/omanivietnam.com\/#website","url":"https:\/\/omanivietnam.com\/","name":"OMANI VI\u1ec6T NAM","description":"Nh\u00e0 ph\u00e2n ph\u1ed1i thi\u1ebft b\u1ecb kh\u00ed n\u00e9n v\u00e0 thi\u1ebft b\u1ecb t\u1ef1 \u0111\u1ed9ng h\u00f3a trong c\u00f4ng nghi\u1ec7p","publisher":{"@id":"https:\/\/omanivietnam.com\/#\/schema\/person\/0ad398a980dc3fd696111c2c5c8fa897"},"potentialAction":[{"@type":"SearchAction","target":{"@type":"EntryPoint","urlTemplate":"https:\/\/omanivietnam.com\/?s={search_term_string}"},"query-input":"required name=search_term_string"}],"inLanguage":"vi"},{"@type":["Person","Organization"],"@id":"https:\/\/omanivietnam.com\/#\/schema\/person\/0ad398a980dc3fd696111c2c5c8fa897","name":"Nguy\u1ec5n V\u0103n Kh\u00e1nh","image":{"@type":"ImageObject","inLanguage":"vi","@id":"https:\/\/omanivietnam.com\/#\/schema\/person\/image\/","url":"https:\/\/omanivietnam.com\/wp-content\/uploads\/2024\/06\/logo-1024x1024.png","contentUrl":"https:\/\/omanivietnam.com\/wp-content\/uploads\/2024\/06\/logo-1024x1024.png","width":1024,"height":1024,"caption":"Nguy\u1ec5n V\u0103n Kh\u00e1nh"},"logo":{"@id":"https:\/\/omanivietnam.com\/#\/schema\/person\/image\/"},"sameAs":["https:\/\/omanivietnam.com"]}]}},"_links":{"self":[{"href":"https:\/\/omanivietnam.com\/index.php\/wp-json\/wp\/v2\/product\/936","targetHints":{"allow":["GET"]}}],"collection":[{"href":"https:\/\/omanivietnam.com\/index.php\/wp-json\/wp\/v2\/product"}],"about":[{"href":"https:\/\/omanivietnam.com\/index.php\/wp-json\/wp\/v2\/types\/product"}],"replies":[{"embeddable":true,"href":"https:\/\/omanivietnam.com\/index.php\/wp-json\/wp\/v2\/comments?post=936"}],"wp:featuredmedia":[{"embeddable":true,"href":"https:\/\/omanivietnam.com\/index.php\/wp-json\/wp\/v2\/media\/937"}],"wp:attachment":[{"href":"https:\/\/omanivietnam.com\/index.php\/wp-json\/wp\/v2\/media?parent=936"}],"wp:term":[{"taxonomy":"product_cat","embeddable":true,"href":"https:\/\/omanivietnam.com\/index.php\/wp-json\/wp\/v2\/product_cat?post=936"},{"taxonomy":"product_tag","embeddable":true,"href":"https:\/\/omanivietnam.com\/index.php\/wp-json\/wp\/v2\/product_tag?post=936"}],"curies":[{"name":"wp","href":"https:\/\/api.w.org\/{rel}","templated":true}]}}