{"id":942,"date":"2024-06-29T21:59:39","date_gmt":"2024-06-29T14:59:39","guid":{"rendered":"https:\/\/omanivietnam.com\/?post_type=product&#038;p=942"},"modified":"2024-06-29T22:01:32","modified_gmt":"2024-06-29T15:01:32","slug":"itoh-denki-pm427as-10-250-3-200","status":"publish","type":"product","link":"https:\/\/omanivietnam.com\/index.php\/san-pham\/itoh-denki-pm427as-10-250-3-200\/","title":{"rendered":"ITOH DENKI PM427AS-10-250-3-200"},"content":{"rendered":"<p>ITOH DENKI PM427AS-10-250-3-200<\/p>\n<p class=\"LC20lb MBeuO DKV0Md\">PM427AS-10-300-3-200BR<\/p>\n<p class=\"LC20lb MBeuO DKV0Md\">ITOH DENKI PM427AS-10-300-3-220-BR-JF<\/p>\n<p class=\"LC20lb MBeuO DKV0Md\">PM427AS-5-500-3-200-WA<\/p>\n<p class=\"LC20lb MBeuO DKV0Md\">PM427AS-5-500-3-200-BR<\/p>\n<p>PM427AS-10-300-3-200-BR Motorized Roller Itoh Denki hi\u1ec7n \u0111ang \u0111\u01b0\u1ee3c\u00a0 ph\u00e2n ph\u1ed1i r\u1ed9ng r\u00e3i t\u1ea1i th\u1ecb tr\u01b0\u1eddng Vi\u1ec7t Nam.<\/p>\n<p>Thi\u1ebft b\u1ecb hi\u1ec7n \u0111ang \u0111\u01b0\u1ee3c s\u1eed d\u1ee5ng trong c\u00e1c l\u0129nh v\u1ef1c: Th\u1ef1c ph\u1ea9m, \u0110i\u1ec7n l\u1ef1c, D\u1ea7u Kh\u00ed, N\u0103ng l\u01b0\u1ee3ng m\u1eb7t tr\u1eddi, D\u1ec7t May, S\u1ee3i, Nh\u1ef1a, Th\u1ee7y Tinh, Gi\u1ea5y, B\u00e0o B\u00ec,<\/p>\n<p>&nbsp;<\/p>\n<table>\n<tbody>\n<tr>\n<td>Model:\u00a0PM427AS-10-300-3-200BR<br \/>\nMotorized Roller<br \/>\n\u2013 42.7 mm diameter steel pipe<br \/>\n\u2013 Nominal speed; 10m\/min<br \/>\n\u2013 Tube length; 300mm<br \/>\n\u2013 Motor cable; 50mm<br \/>\n\u2013 Brake Funtion<br \/>\n\u2018- with Mounting bracket<\/td>\n<td><\/td>\n<td><\/td>\n<\/tr>\n<tr>\n<td>Model:\u00a0ACE-CBM-B0600 Connector Cable<br \/>\nMale\/ Female 9pin 600mm extension cable<\/td>\n<\/tr>\n<\/tbody>\n<\/table>\n<p>&nbsp;<\/p>\n<table width=\"419\">\n<tbody>\n<tr>\n<td>PM500FE-17-590-D-024-JD<\/td>\n<td>ITOH DENKI<\/td>\n<\/tr>\n<tr>\n<td>PM500FE-17-990-D-024-JD<\/td>\n<td>ITOH DENKI<\/td>\n<\/tr>\n<tr>\n<td>PM500FE-17-550-D-024-JD<\/td>\n<td>ITOH DENKI<\/td>\n<\/tr>\n<tr>\n<td>CB-016N6<\/td>\n<td>ITOH DENKI<\/td>\n<\/tr>\n<tr>\n<td>PM500FE-17-550-D-024-JD<\/td>\n<td>ITOH DENKI<\/td>\n<\/tr>\n<tr>\n<td>PM380AS-5-700-3-200-BR-PS<\/td>\n<td>ITOH DENKI<\/td>\n<\/tr>\n<tr>\n<td>TF10 L1630 W19<\/td>\n<td>ITOH DENKI<\/td>\n<\/tr>\n<tr>\n<td>3PJ-336<\/td>\n<td>ITOH DENKI<\/td>\n<\/tr>\n<tr>\n<td>F-RAT-S1-PU<\/td>\n<td>ITOH DENKI<\/td>\n<\/tr>\n<tr>\n<td>M6\u00d730<\/td>\n<td>ITOH DENKI<\/td>\n<\/tr>\n<tr>\n<td>M6<\/td>\n<td>ITOH DENKI<\/td>\n<\/tr>\n<tr>\n<td>ARI-50-674-JH-VG<\/td>\n<td>ITOH DENKI<\/td>\n<\/tr>\n<tr>\n<td>\u00a0CB-016N6<\/td>\n<td>ITOH DENKI<\/td>\n<\/tr>\n<tr>\n<td>PM500FE-60-674-D-024-JW-C150-VG<\/td>\n<td>ITOH DENKI<\/td>\n<\/tr>\n<tr>\n<td>PM500FE-60-592-D-024-JG-C150<\/td>\n<td>ITOH DENKI<\/td>\n<\/tr>\n<tr>\n<td>PM500FE-60-292-D-024-JG-C150<\/td>\n<td>ITOH DENKI<\/td>\n<\/tr>\n<tr>\n<td>PM500FE-60-492-D-024-JG-C150<\/td>\n<td>ITOH DENKI<\/td>\n<\/tr>\n<tr>\n<td>PM500FE-60-392-D-024-JG-C150<\/td>\n<td>ITOH DENKI<\/td>\n<\/tr>\n<tr>\n<td>PM500FE-60-277-D-024-JG-C150<\/td>\n<td>ITOH DENKI<\/td>\n<\/tr>\n<tr>\n<td>PM380AS-10-480-3-220-C100<\/td>\n<td>ITOH DENKI<\/td>\n<\/tr>\n<tr>\n<td>PM570AS-5-500-3-200-BW<\/td>\n<td>ITOH DENKI<\/td>\n<\/tr>\n<tr>\n<td>C300-NR700A<\/td>\n<td>ITOH DENKI<\/td>\n<\/tr>\n<tr>\n<td>PM500FE-60-937-D-024-JD-P2<\/td>\n<td>ITOH DENKI<\/td>\n<\/tr>\n<tr>\n<td>F-RAT-S300-60P-B-S1-OS<\/td>\n<td>ITOH DENKI<\/td>\n<\/tr>\n<tr>\n<td>F-RAT-S300-60-P-B-S1<\/td>\n<td>ITOH DENKI<\/td>\n<\/tr>\n<tr>\n<td>PM486BS-40-488-3-200<\/td>\n<td>ITOH DENKI<\/td>\n<\/tr>\n<tr>\n<td>PM486BS-40-488-3-200-P2<\/td>\n<td>ITOH DENKI<\/td>\n<\/tr>\n<tr>\n<td>PM486BS-50-388-3-200-P2<\/td>\n<td>ITOH DENKI<\/td>\n<\/tr>\n<tr>\n<td>PM486BS-50-388-3-200<\/td>\n<td>ITOH DENKI<\/td>\n<\/tr>\n<tr>\n<td>PM486BS-50-688-3-200-P2<\/td>\n<td>ITOH DENKI<\/td>\n<\/tr>\n<tr>\n<td>PM486BS-50-688-3-200<\/td>\n<td>ITOH DENKI<\/td>\n<\/tr>\n<tr>\n<td>PM486FE-60-788-D-024<\/td>\n<td>ITOH DENKI<\/td>\n<\/tr>\n<tr>\n<td>PM500FE-60-292-D-024-JG-C150<\/td>\n<td>ITOH DENKI<\/td>\n<\/tr>\n<tr>\n<td>TF10 L1630 W19<\/td>\n<td>ITOH DENKI<\/td>\n<\/tr>\n<tr>\n<td>PM486FE-60-588-D-024-P2<\/td>\n<td>ITOH DENKI<\/td>\n<\/tr>\n<tr>\n<td>PM486FE-60-488-D-024<\/td>\n<td>ITOH DENKI<\/td>\n<\/tr>\n<tr>\n<td>CFTG-27-F\u3000\u5e4530mm\u3000\u30d9\u30eb\u30c8\u95774516<\/td>\n<td>ITOH DENKI<\/td>\n<\/tr>\n<tr>\n<td>CFTG-27-F\u3000\u5e4530mm\u3000\u30d9\u30eb\u30c8\u95776890<\/td>\n<td>ITOH DENKI<\/td>\n<\/tr>\n<tr>\n<td>CFTG-27-F\u3000\u5e4530mm\u3000\u30d9\u30eb\u30c8\u95772702<\/td>\n<td>ITOH DENKI<\/td>\n<\/tr>\n<\/tbody>\n<\/table>\n<p>&nbsp;<\/p>\n<p>\u0110\u1ea1i l\u00fd ITOH DENKI vietnam, ITOH DENKI viet nam, ITOH DENKI vietnam distributor, Ph\u00e2n ph\u1ed1i ITOH DENKI t\u1ea1i vi\u1ec7t nam<\/p>\n<p>\u0110\u1ea1i l\u00fd ITOH DENKI vietnam, ITOH DENKI viet nam, ITOH DENKI vietnam distributor, Ph\u00e2n ph\u1ed1i ITOH DENKI t\u1ea1i vi\u1ec7t nam<\/p>\n<p>\u0110\u1ea1i l\u00fd ITOH DENKI vietnam, ITOH DENKI viet nam, ITOH DENKI vietnam distributor, Ph\u00e2n ph\u1ed1i ITOH DENKI t\u1ea1i vi\u1ec7t nam<\/p>\n<p>\u0110\u1ea1i l\u00fd ITOH DENKI vietnam, ITOH DENKI viet nam, ITOH DENKI vietnam distributor, Ph\u00e2n ph\u1ed1i ITOH DENKI t\u1ea1i vi\u1ec7t nam<\/p>\n<p>\u0110\u1ea1i l\u00fd ITOH DENKI vietnam, ITOH DENKI viet nam, ITOH DENKI vietnam distributor, Ph\u00e2n ph\u1ed1i ITOH DENKI t\u1ea1i vi\u1ec7t nam<\/p>\n","protected":false},"excerpt":{"rendered":"<p>ITOH DENKI PM427AS-10-250-3-200 PM427AS-10-300-3-200BR ITOH DENKI PM427AS-10-300-3-220-BR-JF PM427AS-5-500-3-200-WA PM427AS-5-500-3-200-BR PM427AS-10-300-3-200-BR Motorized Roller Itoh Denki hi\u1ec7n \u0111ang \u0111\u01b0\u1ee3c\u00a0 ph\u00e2n ph\u1ed1i r\u1ed9ng r\u00e3i t\u1ea1i th\u1ecb tr\u01b0\u1eddng Vi\u1ec7t Nam. Thi\u1ebft b\u1ecb hi\u1ec7n \u0111ang \u0111\u01b0\u1ee3c s\u1eed d\u1ee5ng trong c\u00e1c l\u0129nh v\u1ef1c: Th\u1ef1c ph\u1ea9m, \u0110i\u1ec7n l\u1ef1c, D\u1ea7u Kh\u00ed, N\u0103ng l\u01b0\u1ee3ng m\u1eb7t tr\u1eddi, D\u1ec7t May, S\u1ee3i,&hellip; <\/p>\n","protected":false},"featured_media":943,"comment_status":"open","ping_status":"closed","template":"","meta":[],"product_cat":[15],"product_tag":[256,255,257,254],"class_list":{"0":"post-942","1":"product","2":"type-product","3":"status-publish","4":"has-post-thumbnail","6":"product_cat-itoh-denki","7":"product_tag-con-lan","8":"product_tag-dai-ly-itoh-denki-viet-nam","9":"product_tag-dogn-co","10":"product_tag-itoh-denki-viet-nam","12":"first","13":"instock","14":"shipping-taxable","15":"product-type-simple"},"yoast_head":"<!-- This site is optimized with the Yoast SEO plugin v22.8 - https:\/\/yoast.com\/wordpress\/plugins\/seo\/ -->\n<title>ITOH DENKI PM427AS-10-250-3-200 - OMANI VI\u1ec6T NAM<\/title>\n<meta name=\"description\" content=\"The Itoh Denki PM427AS AC motorized conveyor roller is ideal for compact lines, with a 1.68&quot; (42.7mm) diameter.\" \/>\n<meta name=\"robots\" content=\"index, follow, max-snippet:-1, max-image-preview:large, max-video-preview:-1\" \/>\n<link rel=\"canonical\" href=\"https:\/\/omanivietnam.com\/index.php\/san-pham\/itoh-denki-pm427as-10-250-3-200\/\" \/>\n<meta property=\"og:locale\" content=\"vi_VN\" \/>\n<meta property=\"og:type\" content=\"article\" \/>\n<meta property=\"og:title\" content=\"ITOH DENKI PM427AS-10-250-3-200 - OMANI VI\u1ec6T NAM\" \/>\n<meta property=\"og:description\" content=\"The Itoh Denki PM427AS AC motorized conveyor roller is ideal for compact lines, with a 1.68&quot; (42.7mm) diameter.\" \/>\n<meta property=\"og:url\" content=\"https:\/\/omanivietnam.com\/index.php\/san-pham\/itoh-denki-pm427as-10-250-3-200\/\" \/>\n<meta property=\"og:site_name\" content=\"OMANI VI\u1ec6T NAM\" \/>\n<meta property=\"article:modified_time\" content=\"2024-06-29T15:01:32+00:00\" \/>\n<meta property=\"og:image\" content=\"https:\/\/omanivietnam.com\/wp-content\/uploads\/2024\/06\/PM427AS-10-250-3-200.png\" \/>\n\t<meta property=\"og:image:width\" content=\"411\" \/>\n\t<meta property=\"og:image:height\" content=\"363\" \/>\n\t<meta property=\"og:image:type\" content=\"image\/png\" \/>\n<meta name=\"twitter:card\" content=\"summary_large_image\" \/>\n<meta name=\"twitter:label1\" content=\"\u01af\u1edbc t\u00ednh th\u1eddi gian \u0111\u1ecdc\" \/>\n\t<meta name=\"twitter:data1\" content=\"2 ph\u00fat\" \/>\n<script type=\"application\/ld+json\" class=\"yoast-schema-graph\">{\"@context\":\"https:\/\/schema.org\",\"@graph\":[{\"@type\":\"WebPage\",\"@id\":\"https:\/\/omanivietnam.com\/index.php\/san-pham\/itoh-denki-pm427as-10-250-3-200\/\",\"url\":\"https:\/\/omanivietnam.com\/index.php\/san-pham\/itoh-denki-pm427as-10-250-3-200\/\",\"name\":\"ITOH DENKI PM427AS-10-250-3-200 - OMANI VI\u1ec6T NAM\",\"isPartOf\":{\"@id\":\"https:\/\/omanivietnam.com\/#website\"},\"primaryImageOfPage\":{\"@id\":\"https:\/\/omanivietnam.com\/index.php\/san-pham\/itoh-denki-pm427as-10-250-3-200\/#primaryimage\"},\"image\":{\"@id\":\"https:\/\/omanivietnam.com\/index.php\/san-pham\/itoh-denki-pm427as-10-250-3-200\/#primaryimage\"},\"thumbnailUrl\":\"https:\/\/omanivietnam.com\/wp-content\/uploads\/2024\/06\/PM427AS-10-250-3-200.png\",\"datePublished\":\"2024-06-29T14:59:39+00:00\",\"dateModified\":\"2024-06-29T15:01:32+00:00\",\"description\":\"The Itoh Denki PM427AS AC motorized conveyor roller is ideal for compact lines, with a 1.68\\\" (42.7mm) diameter.\",\"breadcrumb\":{\"@id\":\"https:\/\/omanivietnam.com\/index.php\/san-pham\/itoh-denki-pm427as-10-250-3-200\/#breadcrumb\"},\"inLanguage\":\"vi\",\"potentialAction\":[{\"@type\":\"ReadAction\",\"target\":[\"https:\/\/omanivietnam.com\/index.php\/san-pham\/itoh-denki-pm427as-10-250-3-200\/\"]}]},{\"@type\":\"ImageObject\",\"inLanguage\":\"vi\",\"@id\":\"https:\/\/omanivietnam.com\/index.php\/san-pham\/itoh-denki-pm427as-10-250-3-200\/#primaryimage\",\"url\":\"https:\/\/omanivietnam.com\/wp-content\/uploads\/2024\/06\/PM427AS-10-250-3-200.png\",\"contentUrl\":\"https:\/\/omanivietnam.com\/wp-content\/uploads\/2024\/06\/PM427AS-10-250-3-200.png\",\"width\":411,\"height\":363},{\"@type\":\"BreadcrumbList\",\"@id\":\"https:\/\/omanivietnam.com\/index.php\/san-pham\/itoh-denki-pm427as-10-250-3-200\/#breadcrumb\",\"itemListElement\":[{\"@type\":\"ListItem\",\"position\":1,\"name\":\"Home\",\"item\":\"https:\/\/omanivietnam.com\/\"},{\"@type\":\"ListItem\",\"position\":2,\"name\":\"S\u1ea2N PH\u1ea8M\",\"item\":\"https:\/\/omanivietnam.com\/index.php\/cua-hang\/\"},{\"@type\":\"ListItem\",\"position\":3,\"name\":\"ITOH DENKI PM427AS-10-250-3-200\"}]},{\"@type\":\"WebSite\",\"@id\":\"https:\/\/omanivietnam.com\/#website\",\"url\":\"https:\/\/omanivietnam.com\/\",\"name\":\"OMANI VI\u1ec6T NAM\",\"description\":\"Nh\u00e0 ph\u00e2n ph\u1ed1i thi\u1ebft b\u1ecb kh\u00ed n\u00e9n v\u00e0 thi\u1ebft b\u1ecb t\u1ef1 \u0111\u1ed9ng h\u00f3a trong c\u00f4ng nghi\u1ec7p\",\"publisher\":{\"@id\":\"https:\/\/omanivietnam.com\/#\/schema\/person\/0ad398a980dc3fd696111c2c5c8fa897\"},\"potentialAction\":[{\"@type\":\"SearchAction\",\"target\":{\"@type\":\"EntryPoint\",\"urlTemplate\":\"https:\/\/omanivietnam.com\/?s={search_term_string}\"},\"query-input\":\"required name=search_term_string\"}],\"inLanguage\":\"vi\"},{\"@type\":[\"Person\",\"Organization\"],\"@id\":\"https:\/\/omanivietnam.com\/#\/schema\/person\/0ad398a980dc3fd696111c2c5c8fa897\",\"name\":\"Nguy\u1ec5n V\u0103n Kh\u00e1nh\",\"image\":{\"@type\":\"ImageObject\",\"inLanguage\":\"vi\",\"@id\":\"https:\/\/omanivietnam.com\/#\/schema\/person\/image\/\",\"url\":\"https:\/\/omanivietnam.com\/wp-content\/uploads\/2024\/06\/logo-1024x1024.png\",\"contentUrl\":\"https:\/\/omanivietnam.com\/wp-content\/uploads\/2024\/06\/logo-1024x1024.png\",\"width\":1024,\"height\":1024,\"caption\":\"Nguy\u1ec5n V\u0103n Kh\u00e1nh\"},\"logo\":{\"@id\":\"https:\/\/omanivietnam.com\/#\/schema\/person\/image\/\"},\"sameAs\":[\"https:\/\/omanivietnam.com\"]}]}<\/script>\n<!-- \/ Yoast SEO plugin. -->","yoast_head_json":{"title":"ITOH DENKI PM427AS-10-250-3-200 - OMANI VI\u1ec6T NAM","description":"The Itoh Denki PM427AS AC motorized conveyor roller is ideal for compact lines, with a 1.68\" (42.7mm) diameter.","robots":{"index":"index","follow":"follow","max-snippet":"max-snippet:-1","max-image-preview":"max-image-preview:large","max-video-preview":"max-video-preview:-1"},"canonical":"https:\/\/omanivietnam.com\/index.php\/san-pham\/itoh-denki-pm427as-10-250-3-200\/","og_locale":"vi_VN","og_type":"article","og_title":"ITOH DENKI PM427AS-10-250-3-200 - OMANI VI\u1ec6T NAM","og_description":"The Itoh Denki PM427AS AC motorized conveyor roller is ideal for compact lines, with a 1.68\" (42.7mm) diameter.","og_url":"https:\/\/omanivietnam.com\/index.php\/san-pham\/itoh-denki-pm427as-10-250-3-200\/","og_site_name":"OMANI VI\u1ec6T NAM","article_modified_time":"2024-06-29T15:01:32+00:00","og_image":[{"width":411,"height":363,"url":"https:\/\/omanivietnam.com\/wp-content\/uploads\/2024\/06\/PM427AS-10-250-3-200.png","type":"image\/png"}],"twitter_card":"summary_large_image","twitter_misc":{"\u01af\u1edbc t\u00ednh th\u1eddi gian \u0111\u1ecdc":"2 ph\u00fat"},"schema":{"@context":"https:\/\/schema.org","@graph":[{"@type":"WebPage","@id":"https:\/\/omanivietnam.com\/index.php\/san-pham\/itoh-denki-pm427as-10-250-3-200\/","url":"https:\/\/omanivietnam.com\/index.php\/san-pham\/itoh-denki-pm427as-10-250-3-200\/","name":"ITOH DENKI PM427AS-10-250-3-200 - OMANI VI\u1ec6T NAM","isPartOf":{"@id":"https:\/\/omanivietnam.com\/#website"},"primaryImageOfPage":{"@id":"https:\/\/omanivietnam.com\/index.php\/san-pham\/itoh-denki-pm427as-10-250-3-200\/#primaryimage"},"image":{"@id":"https:\/\/omanivietnam.com\/index.php\/san-pham\/itoh-denki-pm427as-10-250-3-200\/#primaryimage"},"thumbnailUrl":"https:\/\/omanivietnam.com\/wp-content\/uploads\/2024\/06\/PM427AS-10-250-3-200.png","datePublished":"2024-06-29T14:59:39+00:00","dateModified":"2024-06-29T15:01:32+00:00","description":"The Itoh Denki PM427AS AC motorized conveyor roller is ideal for compact lines, with a 1.68\" (42.7mm) diameter.","breadcrumb":{"@id":"https:\/\/omanivietnam.com\/index.php\/san-pham\/itoh-denki-pm427as-10-250-3-200\/#breadcrumb"},"inLanguage":"vi","potentialAction":[{"@type":"ReadAction","target":["https:\/\/omanivietnam.com\/index.php\/san-pham\/itoh-denki-pm427as-10-250-3-200\/"]}]},{"@type":"ImageObject","inLanguage":"vi","@id":"https:\/\/omanivietnam.com\/index.php\/san-pham\/itoh-denki-pm427as-10-250-3-200\/#primaryimage","url":"https:\/\/omanivietnam.com\/wp-content\/uploads\/2024\/06\/PM427AS-10-250-3-200.png","contentUrl":"https:\/\/omanivietnam.com\/wp-content\/uploads\/2024\/06\/PM427AS-10-250-3-200.png","width":411,"height":363},{"@type":"BreadcrumbList","@id":"https:\/\/omanivietnam.com\/index.php\/san-pham\/itoh-denki-pm427as-10-250-3-200\/#breadcrumb","itemListElement":[{"@type":"ListItem","position":1,"name":"Home","item":"https:\/\/omanivietnam.com\/"},{"@type":"ListItem","position":2,"name":"S\u1ea2N PH\u1ea8M","item":"https:\/\/omanivietnam.com\/index.php\/cua-hang\/"},{"@type":"ListItem","position":3,"name":"ITOH DENKI PM427AS-10-250-3-200"}]},{"@type":"WebSite","@id":"https:\/\/omanivietnam.com\/#website","url":"https:\/\/omanivietnam.com\/","name":"OMANI VI\u1ec6T NAM","description":"Nh\u00e0 ph\u00e2n ph\u1ed1i thi\u1ebft b\u1ecb kh\u00ed n\u00e9n v\u00e0 thi\u1ebft b\u1ecb t\u1ef1 \u0111\u1ed9ng h\u00f3a trong c\u00f4ng nghi\u1ec7p","publisher":{"@id":"https:\/\/omanivietnam.com\/#\/schema\/person\/0ad398a980dc3fd696111c2c5c8fa897"},"potentialAction":[{"@type":"SearchAction","target":{"@type":"EntryPoint","urlTemplate":"https:\/\/omanivietnam.com\/?s={search_term_string}"},"query-input":"required name=search_term_string"}],"inLanguage":"vi"},{"@type":["Person","Organization"],"@id":"https:\/\/omanivietnam.com\/#\/schema\/person\/0ad398a980dc3fd696111c2c5c8fa897","name":"Nguy\u1ec5n V\u0103n Kh\u00e1nh","image":{"@type":"ImageObject","inLanguage":"vi","@id":"https:\/\/omanivietnam.com\/#\/schema\/person\/image\/","url":"https:\/\/omanivietnam.com\/wp-content\/uploads\/2024\/06\/logo-1024x1024.png","contentUrl":"https:\/\/omanivietnam.com\/wp-content\/uploads\/2024\/06\/logo-1024x1024.png","width":1024,"height":1024,"caption":"Nguy\u1ec5n V\u0103n Kh\u00e1nh"},"logo":{"@id":"https:\/\/omanivietnam.com\/#\/schema\/person\/image\/"},"sameAs":["https:\/\/omanivietnam.com"]}]}},"_links":{"self":[{"href":"https:\/\/omanivietnam.com\/index.php\/wp-json\/wp\/v2\/product\/942","targetHints":{"allow":["GET"]}}],"collection":[{"href":"https:\/\/omanivietnam.com\/index.php\/wp-json\/wp\/v2\/product"}],"about":[{"href":"https:\/\/omanivietnam.com\/index.php\/wp-json\/wp\/v2\/types\/product"}],"replies":[{"embeddable":true,"href":"https:\/\/omanivietnam.com\/index.php\/wp-json\/wp\/v2\/comments?post=942"}],"wp:featuredmedia":[{"embeddable":true,"href":"https:\/\/omanivietnam.com\/index.php\/wp-json\/wp\/v2\/media\/943"}],"wp:attachment":[{"href":"https:\/\/omanivietnam.com\/index.php\/wp-json\/wp\/v2\/media?parent=942"}],"wp:term":[{"taxonomy":"product_cat","embeddable":true,"href":"https:\/\/omanivietnam.com\/index.php\/wp-json\/wp\/v2\/product_cat?post=942"},{"taxonomy":"product_tag","embeddable":true,"href":"https:\/\/omanivietnam.com\/index.php\/wp-json\/wp\/v2\/product_tag?post=942"}],"curies":[{"name":"wp","href":"https:\/\/api.w.org\/{rel}","templated":true}]}}