{"id":963,"date":"2024-06-30T09:55:31","date_gmt":"2024-06-30T02:55:31","guid":{"rendered":"https:\/\/omanivietnam.com\/?post_type=product&#038;p=963"},"modified":"2024-06-30T09:55:31","modified_gmt":"2024-06-30T02:55:31","slug":"itoh-denki-pm570bp-15-200-3-200","status":"publish","type":"product","link":"https:\/\/omanivietnam.com\/index.php\/san-pham\/itoh-denki-pm570bp-15-200-3-200\/","title":{"rendered":"ITOH DENKI PM570BP-15-200-3-200"},"content":{"rendered":"<p>ITOH DENKI PM570BP-15-200-3-200<\/p>\n<p>PM570BP-15-950-3-220-S2<\/p>\n<p class=\"indIKd GW0XC cS4Vcb-pGL6qe-fwJd0c\">PM605BP-15-450-3-200<\/p>\n<p class=\"indIKd GW0XC cS4Vcb-pGL6qe-fwJd0c\">PM570BP-20-1000-3-220-BR<\/p>\n<p>PM570BP-15-407-3-200-WA<\/p>\n<p id=\"title\" class=\"a-size-large a-spacing-none\"><span id=\"productTitle\" class=\"a-size-large product-title-word-break\">PM570BP-15-250-3-200<\/span><\/p>\n<p><b>PM570BP-20-750-3-200-BR-C030<\/b><\/p>\n<p>PM570AS-8-600-3-220-NR630B<\/p>\n<div><b>PM : Power Moller<\/b><\/div>\n<div><b>570 : Outside Diameter (57 mm)<\/b><\/div>\n<div><b>AS : Standard Three Phase<\/b><\/div>\n<div><b>8 : Speed Code (Nominal Speed)<\/b><\/div>\n<div><b>600 : Nominal Tube Length<\/b><\/div>\n<div><b>3 : 3-Phase<\/b><\/div>\n<div><b>220 : Voltage (220V)<\/b><\/div>\n<div><b>NR : Natural Rubber<\/b><\/div>\n<div><b>630 : Lagging Diameter (63 mm)<\/b><\/div>\n<div><b>B : Each end Section<br \/>\n<\/b><br \/>\n&#8211; Outside Diameter : 57 mm<br \/>\n&#8211; Voltage : 3-Phase\u00a0220V\u00a050\/60 Hz<\/div>\n<div>\u00a0&#8211; Peripheral Velocity : 7.5\/9.1 m\/min \u00a0(50\/60Hz)<\/div>\n<div>\u00a0&#8211; Tangential Force : 80.4\/62.1 N \u00a0(50\/60Hz)<br \/>\n&#8211; Starting Torque : 2.29\/1.77 Nm \u00a0(50\/60Hz)<\/div>\n<div>\u00a0&#8211; No-Load Input Current : 0.06\/0.05A \u00a0(50\/60Hz)<br \/>\n&#8211; Starting Input Current : 0.10\/0.10A \u00a0(50\/60Hz)<br \/>\n&#8211; Input Power : 12.3\/11.3W \u00a0(50\/60Hz)<\/div>\n<div>\u00a0&#8211; Output Power : 2.8\/2.8W \u00a0(50\/60Hz)<\/div>\n<div>\u00a0&#8211; Tube Length : 600 mm<br \/>\n&#8211; Weight : 2.7 kg<\/div>\n<div>\u00a0&#8211; Mounting Hardware : A-200 Terminal Bracket<\/div>\n<div><\/div>\n<div><span id=\"productTitle\" class=\"a-size-large product-title-word-break\">PM570BP-15-250-3-200<\/span><\/div>\n<div>\n<ul class=\"a-unordered-list a-vertical a-spacing-mini\">\n<li class=\"a-spacing-mini\"><span class=\"a-list-item\">Roller diameter: 2.2 inches (57 mm)<\/span><\/li>\n<li class=\"a-spacing-mini\"><span class=\"a-list-item\">Motor Type: High Output Motor<\/span><\/li>\n<li class=\"a-spacing-mini\"><span class=\"a-list-item\">Nominal Circumference: 39.2 ft (15 m) per minute<\/span><\/li>\n<li class=\"a-spacing-mini\"><span class=\"a-list-item\">Pipe Dimensions: 9.8 inches (250 mm)<\/span><\/li>\n<li class=\"a-spacing-mini\"><span class=\"a-list-item\">Power Supply: Three-phase 200 V<\/span><\/li>\n<li class=\"a-spacing-mini\"><span class=\"a-list-item\">Roller Material: STKM12<\/span><\/li>\n<li class=\"a-spacing-mini\"><span class=\"a-list-item\">Surface treatment: trivalent chromate treatment<\/span><\/li>\n<\/ul>\n<p><b>PM570BP-20-750-3-200-BR-C030<\/b><\/p>\n<p><b>PM : Power Moller<\/b><\/p>\n<p><b>570 : Outside Diameter (57 mm)<\/b><\/p>\n<p><b>BP : High Power Three Phase<\/b><\/p>\n<p><b>20 : Speed Code (Nominal Speed)<\/b><\/p>\n<p><b>750 : Nominal Tube Length<\/b><\/p>\n<p><b>3 : 3-Phase<\/b><\/p>\n<p><b>200 : Voltage (200V)<\/b><\/p>\n<p><b>BR : Build-in Brake<\/b><\/p>\n<p><b>C030 : Cable Length (30 CM)<br \/>\n<\/b><br \/>\n&#8211; Outside Diameter : 57mm<br \/>\n&#8211; Voltage : 3-Phase\u00a0 200V\u00a0 50\/60 Hz<\/p>\n<p>&#8211; Peripheral Velocity : 25.5\/30.6 m\/min\u00a0 (50\/60Hz)<\/p>\n<p>&#8211; Tangential Force : 70.0\/56.1 N\u00a0 (50\/60Hz)<br \/>\n&#8211; Starting Torque : 1.99\/1.60 Nm\u00a0 (50\/60Hz)<\/p>\n<p>&#8211; No-Load Current : 0.11\/0\/09A \u00a0(50\/60Hz)<br \/>\n&#8211; Starting Current : 0.32\/0.31A \u00a0(50\/60Hz)<br \/>\n&#8211; Input Power : 30.5\/28.5W \u00a0(50\/60Hz)<\/p>\n<p>&#8211; Output Power : 15.2\/14.5W \u00a0(50\/60Hz)<\/p>\n<p>&#8211; Tube Length : 750mm<br \/>\n&#8211; Weight : 3kg<\/p>\n<p>&#8211; Mounting Hardware : A-200 Terminal Bracket<\/p>\n<p>ITOH Power Moller PM570BP-5-200-3-200<\/p>\n<p>ITOH Power Moller PM570BP-5-250-3-200<\/p>\n<p>ITOH Power Moller PM570BP-5-300-3-200<\/p>\n<p>ITOH Power Moller PM570BP-5-400-3-200<\/p>\n<p>ITOH Power Moller PM570BP-5-500-3-200<\/p>\n<p>ITOH Power Moller PM570BP-5-600-3-200<\/p>\n<p>ITOH Power Moller PM570BP-5-700-3-200<\/p>\n<p>ITOH Power Moller PM570BP-5-800-3-200<\/p>\n<p>ITOH Power Moller PM570BP-5-900-3-200<\/p>\n<p>ITOH Power Moller PM570BP-5-1000-3-200<\/p>\n<p>ITOH Power Moller PM570BP-8-200-3-200<\/p>\n<p>ITOH Power Moller PM570BP-8-250-3-200<\/p>\n<p>ITOH Power Moller PM570BP-8-300-3-200<\/p>\n<p>ITOH Power Moller PM570BP-8-400-3-200<\/p>\n<p>ITOH Power Moller PM570BP-8-500-3-200<\/p>\n<p>ITOH Power Moller PM570BP-8-600-3-200<\/p>\n<p>ITOH Power Moller PM570BP-8-700-3-200<\/p>\n<p>ITOH Power Moller PM570BP-8-800-3-200<\/p>\n<p>ITOH Power Moller PM570BP-8-900-3-200<\/p>\n<p>ITOH Power Moller PM570BP-8-1000-3-200<\/p>\n<p>ITOH Power Moller PM570BP-10-200-3-200<\/p>\n<p>ITOH Power Moller PM570BP-10-250-3-200<\/p>\n<p>ITOH Power Moller PM570BP-10-300-3-200<\/p>\n<p>ITOH Power Moller PM570BP-10-400-3-200<\/p>\n<p>ITOH Power Moller PM570BP-10-500-3-200<\/p>\n<p>ITOH Power Moller PM570BP-10-600-3-200<\/p>\n<p>ITOH Power Moller PM570BP-10-700-3-200<\/p>\n<p>ITOH Power Moller PM570BP-10-800-3-200<\/p>\n<p>ITOH Power Moller PM570BP-10-900-3-200<\/p>\n<p>ITOH Power Moller PM570BP-10-1000-3-200<\/p>\n<p>ITOH Power Moller PM570BP-15-200-3-200<\/p>\n<p>ITOH Power Moller PM570BP-15-250-3-200<\/p>\n<p>ITOH Power Moller PM570BP-15-300-3-200<\/p>\n<p>ITOH Power Moller PM570BP-15-400-3-200<\/p>\n<p>ITOH Power Moller PM570BP-15-407-3-200-WA<\/p>\n<p>ITOH Power Moller PM570BP-15-500-3-200<\/p>\n<p>ITOH Power Moller PM570BP-15-600-3-200<\/p>\n<p>ITOH Power Moller PM570BP-15-700-3-200<\/p>\n<p>ITOH Power Moller PM570BP-15-800-3-200<\/p>\n<p>ITOH Power Moller PM570BP-15-900-3-200<\/p>\n<p>ITOH Power Moller PM570BP-15-1000-3-200<\/p>\n<p>ITOH Power Moller PM570BP-20-200-3-200<\/p>\n<p>ITOH Power Moller PM570BP-20-250-3-200<\/p>\n<p>ITOH Power Moller PM570BP-20-300-3-200<\/p>\n<p>ITOH Power Moller PM570BP-20-400-3-200<\/p>\n<p>ITOH Power Moller PM570BP-20-500-3-200<\/p>\n<p>ITOH Power Moller PM570BP-20-600-3-200<\/p>\n<p>ITOH Power Moller PM570BP-20-700-3-200<\/p>\n<p>ITOH Power Moller PM570BP-40-800-3-200<\/p>\n<p>ITOH Power Moller PM570BP-20-800-3-200<\/p>\n<p>&nbsp;<\/p>\n<p>ITOH Power Moller PM570BP-20-900-3-200<\/p>\n<p>ITOH Power Moller PM570BP-20-1000-3-200<\/p>\n<p>ITOH Power Moller PM570BP-30-200-3-200<\/p>\n<p>ITOH Power Moller PM570BP-30-250-3-200<\/p>\n<p>ITOH Power Moller PM570BP-30-300-3-200<\/p>\n<p>ITOH Power Moller PM570BP-30-400-3-200<\/p>\n<p>ITOH Power Moller PM570BP-30-500-3-200<\/p>\n<p>ITOH Power Moller PM570BP-30-600-3-200<\/p>\n<p>ITOH Power Moller PM570BP-30-700-3-200<\/p>\n<p>ITOH Power Moller PM570BP-30-800-3-200<\/p>\n<p>ITOH Power Moller PM570BP-30-900-3-200<\/p>\n<p>ITOH Power Moller PM570BP-30-1000-3-200<\/p>\n<p>ITOH Power Moller PM570BP-40-200-3-200<\/p>\n<p>ITOH Power Moller PM570BP-40-250-3-200<\/p>\n<p>ITOH Power Moller PM570BP-40-300-3-200<\/p>\n<p>ITOH Power Moller PM570BP-40-400-3-200<\/p>\n<p>ITOH Power Moller PM570BP-40-500-3-200<\/p>\n<p>ITOH Power Moller PM570BP-40-600-3-200<\/p>\n<p>ITOH Power Moller PM570BP-40-700-3-200<\/p>\n<p>ITOH Power Moller PM570BP-40-900-3-200<\/p>\n<p>ITOH Power Moller PM570BP-40-1000-3-200<\/p>\n<p>\u0110\u1ea1i l\u00fd ITOH DENKI vietnam, ITOH DENKI viet nam, ITOH DENKI vietnam distributor, Ph\u00e2n ph\u1ed1i ITOH DENKI t\u1ea1i vi\u1ec7t nam<\/p>\n<p>\u0110\u1ea1i l\u00fd ITOH DENKI vietnam, ITOH DENKI viet nam, ITOH DENKI vietnam distributor, Ph\u00e2n ph\u1ed1i ITOH DENKI t\u1ea1i vi\u1ec7t nam<\/p>\n<p>\u0110\u1ea1i l\u00fd ITOH DENKI vietnam, ITOH DENKI viet nam, ITOH DENKI vietnam distributor, Ph\u00e2n ph\u1ed1i ITOH DENKI t\u1ea1i vi\u1ec7t nam<\/p>\n<p>\u0110\u1ea1i l\u00fd ITOH DENKI vietnam, ITOH DENKI viet nam, ITOH DENKI vietnam distributor, Ph\u00e2n ph\u1ed1i ITOH DENKI t\u1ea1i vi\u1ec7t nam<\/p>\n<p>\u0110\u1ea1i l\u00fd ITOH DENKI vietnam, ITOH DENKI viet nam, ITOH DENKI vietnam distributor, Ph\u00e2n ph\u1ed1i ITOH DENKI t\u1ea1i vi\u1ec7t nam<\/p>\n<\/div>\n<div><\/div>\n<div><\/div>\n","protected":false},"excerpt":{"rendered":"<p>ITOH DENKI PM570BP-15-200-3-200 PM570BP-15-950-3-220-S2 PM605BP-15-450-3-200 PM570BP-20-1000-3-220-BR PM570BP-15-407-3-200-WA PM570BP-15-250-3-200 PM570BP-20-750-3-200-BR-C030 PM570AS-8-600-3-220-NR630B PM : Power Moller 570 : Outside Diameter (57 mm) AS : Standard Three Phase 8 : Speed Code (Nominal Speed) 600 : Nominal Tube Length 3 : 3-Phase 220 : Voltage (220V) NR : Natural Rubber 630 : Lagging&hellip; <\/p>\n","protected":false},"featured_media":964,"comment_status":"open","ping_status":"closed","template":"","meta":[],"product_cat":[15],"product_tag":[256,255,120,254],"class_list":{"0":"post-963","1":"product","2":"type-product","3":"status-publish","4":"has-post-thumbnail","6":"product_cat-itoh-denki","7":"product_tag-con-lan","8":"product_tag-dai-ly-itoh-denki-viet-nam","9":"product_tag-dong-co","10":"product_tag-itoh-denki-viet-nam","12":"first","13":"instock","14":"shipping-taxable","15":"product-type-simple"},"yoast_head":"<!-- This site is optimized with the Yoast SEO plugin v22.8 - https:\/\/yoast.com\/wordpress\/plugins\/seo\/ -->\n<title>ITOH DENKI PM570BP-15-200-3-200 - OMANI VI\u1ec6T NAM<\/title>\n<meta name=\"robots\" content=\"index, follow, max-snippet:-1, max-image-preview:large, max-video-preview:-1\" \/>\n<link rel=\"canonical\" href=\"https:\/\/omanivietnam.com\/index.php\/san-pham\/itoh-denki-pm570bp-15-200-3-200\/\" \/>\n<meta property=\"og:locale\" content=\"vi_VN\" \/>\n<meta property=\"og:type\" content=\"article\" \/>\n<meta property=\"og:title\" content=\"ITOH DENKI PM570BP-15-200-3-200 - OMANI VI\u1ec6T NAM\" \/>\n<meta property=\"og:description\" content=\"ITOH DENKI PM570BP-15-200-3-200 PM570BP-15-950-3-220-S2 PM605BP-15-450-3-200 PM570BP-20-1000-3-220-BR PM570BP-15-407-3-200-WA PM570BP-15-250-3-200 PM570BP-20-750-3-200-BR-C030 PM570AS-8-600-3-220-NR630B PM : Power Moller 570 : Outside Diameter (57 mm) AS : Standard Three Phase 8 : Speed Code (Nominal Speed) 600 : Nominal Tube Length 3 : 3-Phase 220 : Voltage (220V) NR : Natural Rubber 630 : Lagging&hellip;\" \/>\n<meta property=\"og:url\" content=\"https:\/\/omanivietnam.com\/index.php\/san-pham\/itoh-denki-pm570bp-15-200-3-200\/\" \/>\n<meta property=\"og:site_name\" content=\"OMANI VI\u1ec6T NAM\" \/>\n<meta property=\"og:image\" content=\"https:\/\/omanivietnam.com\/wp-content\/uploads\/2024\/06\/PM570BP-15-200-3-200.png\" \/>\n\t<meta property=\"og:image:width\" content=\"385\" \/>\n\t<meta property=\"og:image:height\" content=\"347\" \/>\n\t<meta property=\"og:image:type\" content=\"image\/png\" \/>\n<meta name=\"twitter:card\" content=\"summary_large_image\" \/>\n<meta name=\"twitter:label1\" content=\"\u01af\u1edbc t\u00ednh th\u1eddi gian \u0111\u1ecdc\" \/>\n\t<meta name=\"twitter:data1\" content=\"4 ph\u00fat\" \/>\n<script type=\"application\/ld+json\" class=\"yoast-schema-graph\">{\"@context\":\"https:\/\/schema.org\",\"@graph\":[{\"@type\":\"WebPage\",\"@id\":\"https:\/\/omanivietnam.com\/index.php\/san-pham\/itoh-denki-pm570bp-15-200-3-200\/\",\"url\":\"https:\/\/omanivietnam.com\/index.php\/san-pham\/itoh-denki-pm570bp-15-200-3-200\/\",\"name\":\"ITOH DENKI PM570BP-15-200-3-200 - OMANI VI\u1ec6T NAM\",\"isPartOf\":{\"@id\":\"https:\/\/omanivietnam.com\/#website\"},\"primaryImageOfPage\":{\"@id\":\"https:\/\/omanivietnam.com\/index.php\/san-pham\/itoh-denki-pm570bp-15-200-3-200\/#primaryimage\"},\"image\":{\"@id\":\"https:\/\/omanivietnam.com\/index.php\/san-pham\/itoh-denki-pm570bp-15-200-3-200\/#primaryimage\"},\"thumbnailUrl\":\"https:\/\/omanivietnam.com\/wp-content\/uploads\/2024\/06\/PM570BP-15-200-3-200.png\",\"datePublished\":\"2024-06-30T02:55:31+00:00\",\"dateModified\":\"2024-06-30T02:55:31+00:00\",\"breadcrumb\":{\"@id\":\"https:\/\/omanivietnam.com\/index.php\/san-pham\/itoh-denki-pm570bp-15-200-3-200\/#breadcrumb\"},\"inLanguage\":\"vi\",\"potentialAction\":[{\"@type\":\"ReadAction\",\"target\":[\"https:\/\/omanivietnam.com\/index.php\/san-pham\/itoh-denki-pm570bp-15-200-3-200\/\"]}]},{\"@type\":\"ImageObject\",\"inLanguage\":\"vi\",\"@id\":\"https:\/\/omanivietnam.com\/index.php\/san-pham\/itoh-denki-pm570bp-15-200-3-200\/#primaryimage\",\"url\":\"https:\/\/omanivietnam.com\/wp-content\/uploads\/2024\/06\/PM570BP-15-200-3-200.png\",\"contentUrl\":\"https:\/\/omanivietnam.com\/wp-content\/uploads\/2024\/06\/PM570BP-15-200-3-200.png\",\"width\":385,\"height\":347},{\"@type\":\"BreadcrumbList\",\"@id\":\"https:\/\/omanivietnam.com\/index.php\/san-pham\/itoh-denki-pm570bp-15-200-3-200\/#breadcrumb\",\"itemListElement\":[{\"@type\":\"ListItem\",\"position\":1,\"name\":\"Home\",\"item\":\"https:\/\/omanivietnam.com\/\"},{\"@type\":\"ListItem\",\"position\":2,\"name\":\"S\u1ea2N PH\u1ea8M\",\"item\":\"https:\/\/omanivietnam.com\/index.php\/cua-hang\/\"},{\"@type\":\"ListItem\",\"position\":3,\"name\":\"ITOH DENKI PM570BP-15-200-3-200\"}]},{\"@type\":\"WebSite\",\"@id\":\"https:\/\/omanivietnam.com\/#website\",\"url\":\"https:\/\/omanivietnam.com\/\",\"name\":\"OMANI VI\u1ec6T NAM\",\"description\":\"Nh\u00e0 ph\u00e2n ph\u1ed1i thi\u1ebft b\u1ecb kh\u00ed n\u00e9n v\u00e0 thi\u1ebft b\u1ecb t\u1ef1 \u0111\u1ed9ng h\u00f3a trong c\u00f4ng nghi\u1ec7p\",\"publisher\":{\"@id\":\"https:\/\/omanivietnam.com\/#\/schema\/person\/0ad398a980dc3fd696111c2c5c8fa897\"},\"potentialAction\":[{\"@type\":\"SearchAction\",\"target\":{\"@type\":\"EntryPoint\",\"urlTemplate\":\"https:\/\/omanivietnam.com\/?s={search_term_string}\"},\"query-input\":\"required name=search_term_string\"}],\"inLanguage\":\"vi\"},{\"@type\":[\"Person\",\"Organization\"],\"@id\":\"https:\/\/omanivietnam.com\/#\/schema\/person\/0ad398a980dc3fd696111c2c5c8fa897\",\"name\":\"Nguy\u1ec5n V\u0103n Kh\u00e1nh\",\"image\":{\"@type\":\"ImageObject\",\"inLanguage\":\"vi\",\"@id\":\"https:\/\/omanivietnam.com\/#\/schema\/person\/image\/\",\"url\":\"https:\/\/omanivietnam.com\/wp-content\/uploads\/2024\/06\/logo-1024x1024.png\",\"contentUrl\":\"https:\/\/omanivietnam.com\/wp-content\/uploads\/2024\/06\/logo-1024x1024.png\",\"width\":1024,\"height\":1024,\"caption\":\"Nguy\u1ec5n V\u0103n Kh\u00e1nh\"},\"logo\":{\"@id\":\"https:\/\/omanivietnam.com\/#\/schema\/person\/image\/\"},\"sameAs\":[\"https:\/\/omanivietnam.com\"]}]}<\/script>\n<!-- \/ Yoast SEO plugin. -->","yoast_head_json":{"title":"ITOH DENKI PM570BP-15-200-3-200 - OMANI VI\u1ec6T NAM","robots":{"index":"index","follow":"follow","max-snippet":"max-snippet:-1","max-image-preview":"max-image-preview:large","max-video-preview":"max-video-preview:-1"},"canonical":"https:\/\/omanivietnam.com\/index.php\/san-pham\/itoh-denki-pm570bp-15-200-3-200\/","og_locale":"vi_VN","og_type":"article","og_title":"ITOH DENKI PM570BP-15-200-3-200 - OMANI VI\u1ec6T NAM","og_description":"ITOH DENKI PM570BP-15-200-3-200 PM570BP-15-950-3-220-S2 PM605BP-15-450-3-200 PM570BP-20-1000-3-220-BR PM570BP-15-407-3-200-WA PM570BP-15-250-3-200 PM570BP-20-750-3-200-BR-C030 PM570AS-8-600-3-220-NR630B PM : Power Moller 570 : Outside Diameter (57 mm) AS : Standard Three Phase 8 : Speed Code (Nominal Speed) 600 : Nominal Tube Length 3 : 3-Phase 220 : Voltage (220V) NR : Natural Rubber 630 : Lagging&hellip;","og_url":"https:\/\/omanivietnam.com\/index.php\/san-pham\/itoh-denki-pm570bp-15-200-3-200\/","og_site_name":"OMANI VI\u1ec6T NAM","og_image":[{"width":385,"height":347,"url":"https:\/\/omanivietnam.com\/wp-content\/uploads\/2024\/06\/PM570BP-15-200-3-200.png","type":"image\/png"}],"twitter_card":"summary_large_image","twitter_misc":{"\u01af\u1edbc t\u00ednh th\u1eddi gian \u0111\u1ecdc":"4 ph\u00fat"},"schema":{"@context":"https:\/\/schema.org","@graph":[{"@type":"WebPage","@id":"https:\/\/omanivietnam.com\/index.php\/san-pham\/itoh-denki-pm570bp-15-200-3-200\/","url":"https:\/\/omanivietnam.com\/index.php\/san-pham\/itoh-denki-pm570bp-15-200-3-200\/","name":"ITOH DENKI PM570BP-15-200-3-200 - OMANI VI\u1ec6T NAM","isPartOf":{"@id":"https:\/\/omanivietnam.com\/#website"},"primaryImageOfPage":{"@id":"https:\/\/omanivietnam.com\/index.php\/san-pham\/itoh-denki-pm570bp-15-200-3-200\/#primaryimage"},"image":{"@id":"https:\/\/omanivietnam.com\/index.php\/san-pham\/itoh-denki-pm570bp-15-200-3-200\/#primaryimage"},"thumbnailUrl":"https:\/\/omanivietnam.com\/wp-content\/uploads\/2024\/06\/PM570BP-15-200-3-200.png","datePublished":"2024-06-30T02:55:31+00:00","dateModified":"2024-06-30T02:55:31+00:00","breadcrumb":{"@id":"https:\/\/omanivietnam.com\/index.php\/san-pham\/itoh-denki-pm570bp-15-200-3-200\/#breadcrumb"},"inLanguage":"vi","potentialAction":[{"@type":"ReadAction","target":["https:\/\/omanivietnam.com\/index.php\/san-pham\/itoh-denki-pm570bp-15-200-3-200\/"]}]},{"@type":"ImageObject","inLanguage":"vi","@id":"https:\/\/omanivietnam.com\/index.php\/san-pham\/itoh-denki-pm570bp-15-200-3-200\/#primaryimage","url":"https:\/\/omanivietnam.com\/wp-content\/uploads\/2024\/06\/PM570BP-15-200-3-200.png","contentUrl":"https:\/\/omanivietnam.com\/wp-content\/uploads\/2024\/06\/PM570BP-15-200-3-200.png","width":385,"height":347},{"@type":"BreadcrumbList","@id":"https:\/\/omanivietnam.com\/index.php\/san-pham\/itoh-denki-pm570bp-15-200-3-200\/#breadcrumb","itemListElement":[{"@type":"ListItem","position":1,"name":"Home","item":"https:\/\/omanivietnam.com\/"},{"@type":"ListItem","position":2,"name":"S\u1ea2N PH\u1ea8M","item":"https:\/\/omanivietnam.com\/index.php\/cua-hang\/"},{"@type":"ListItem","position":3,"name":"ITOH DENKI PM570BP-15-200-3-200"}]},{"@type":"WebSite","@id":"https:\/\/omanivietnam.com\/#website","url":"https:\/\/omanivietnam.com\/","name":"OMANI VI\u1ec6T NAM","description":"Nh\u00e0 ph\u00e2n ph\u1ed1i thi\u1ebft b\u1ecb kh\u00ed n\u00e9n v\u00e0 thi\u1ebft b\u1ecb t\u1ef1 \u0111\u1ed9ng h\u00f3a trong c\u00f4ng nghi\u1ec7p","publisher":{"@id":"https:\/\/omanivietnam.com\/#\/schema\/person\/0ad398a980dc3fd696111c2c5c8fa897"},"potentialAction":[{"@type":"SearchAction","target":{"@type":"EntryPoint","urlTemplate":"https:\/\/omanivietnam.com\/?s={search_term_string}"},"query-input":"required name=search_term_string"}],"inLanguage":"vi"},{"@type":["Person","Organization"],"@id":"https:\/\/omanivietnam.com\/#\/schema\/person\/0ad398a980dc3fd696111c2c5c8fa897","name":"Nguy\u1ec5n V\u0103n Kh\u00e1nh","image":{"@type":"ImageObject","inLanguage":"vi","@id":"https:\/\/omanivietnam.com\/#\/schema\/person\/image\/","url":"https:\/\/omanivietnam.com\/wp-content\/uploads\/2024\/06\/logo-1024x1024.png","contentUrl":"https:\/\/omanivietnam.com\/wp-content\/uploads\/2024\/06\/logo-1024x1024.png","width":1024,"height":1024,"caption":"Nguy\u1ec5n V\u0103n Kh\u00e1nh"},"logo":{"@id":"https:\/\/omanivietnam.com\/#\/schema\/person\/image\/"},"sameAs":["https:\/\/omanivietnam.com"]}]}},"_links":{"self":[{"href":"https:\/\/omanivietnam.com\/index.php\/wp-json\/wp\/v2\/product\/963","targetHints":{"allow":["GET"]}}],"collection":[{"href":"https:\/\/omanivietnam.com\/index.php\/wp-json\/wp\/v2\/product"}],"about":[{"href":"https:\/\/omanivietnam.com\/index.php\/wp-json\/wp\/v2\/types\/product"}],"replies":[{"embeddable":true,"href":"https:\/\/omanivietnam.com\/index.php\/wp-json\/wp\/v2\/comments?post=963"}],"wp:featuredmedia":[{"embeddable":true,"href":"https:\/\/omanivietnam.com\/index.php\/wp-json\/wp\/v2\/media\/964"}],"wp:attachment":[{"href":"https:\/\/omanivietnam.com\/index.php\/wp-json\/wp\/v2\/media?parent=963"}],"wp:term":[{"taxonomy":"product_cat","embeddable":true,"href":"https:\/\/omanivietnam.com\/index.php\/wp-json\/wp\/v2\/product_cat?post=963"},{"taxonomy":"product_tag","embeddable":true,"href":"https:\/\/omanivietnam.com\/index.php\/wp-json\/wp\/v2\/product_tag?post=963"}],"curies":[{"name":"wp","href":"https:\/\/api.w.org\/{rel}","templated":true}]}}