{"id":969,"date":"2024-06-30T14:24:30","date_gmt":"2024-06-30T07:24:30","guid":{"rendered":"https:\/\/omanivietnam.com\/?post_type=product&#038;p=969"},"modified":"2024-06-30T14:24:30","modified_gmt":"2024-06-30T07:24:30","slug":"itoh-denki-pm605bp-15-500-3-200","status":"publish","type":"product","link":"https:\/\/omanivietnam.com\/index.php\/san-pham\/itoh-denki-pm605bp-15-500-3-200\/","title":{"rendered":"ITOH DENKI PM605BP-15-500-3-200"},"content":{"rendered":"<p>ITOH DENKI PM605BP-15-500-3-200<\/p>\n<p><b>ITOH Power Moller<\/b><br \/>\n<b>Model : PM605BP-15-500-3-200<\/b><\/p>\n<p><b>PM : Power Moller<\/b><\/p>\n<p><b>605 : Outside Diameter (60.5 mm)<\/b><\/p>\n<p><b>BP : High Power Three Phase<\/b><\/p>\n<p><b>15 : Speed Code (Nominal Speed)<\/b><\/p>\n<p><b>500 : Nominal Tube Length<\/b><\/p>\n<p><b>3 : 3-Phase<\/b><\/p>\n<p><b>200 : Voltage (200V)<br \/>\n<\/b><br \/>\n&#8211; Outside Diameter : 60.5 mm<br \/>\n&#8211; Voltage : 3-Phase\u00a0\u00a0200V\u00a0\u00a050\/60 Hz<\/p>\n<p>&#8211; Peripheral Velocity : 20.0\/24.1 m\/min\u00a0\u00a0(50\/60Hz)<\/p>\n<p>&#8211; Tangential Force : 83.4\/66.8 N\u00a0\u00a0(50\/60Hz)<br \/>\n&#8211; Starting Torque : 2.52\/2.02 Nm\u00a0\u00a0(50\/60Hz)<\/p>\n<p>&#8211; No-Load Current : 0.11\/0\/09 A\u00a0\u00a0(50\/60Hz)<br \/>\n&#8211; Starting Current : 0.32\/0.31 A\u00a0\u00a0(50\/60Hz)<br \/>\n&#8211; Input Power : 30.5\/28.5 W\u00a0\u00a0(50\/60Hz)<\/p>\n<p>&#8211; Output Power : 15.2\/14.5 W\u00a0\u00a0(50\/60Hz)<\/p>\n<p>&#8211; Tube Length : 500 mm<br \/>\n&#8211; Weight : 3.8 kg<\/p>\n<p>&#8211; Mounting Hardware : A-200 Terminal Bracket<\/p>\n<p>&nbsp;<\/p>\n<p>\u0110\u1ea1i l\u00fd ITOH DENKI vietnam, ITOH DENKI viet nam, ITOH DENKI vietnam distributor, Ph\u00e2n ph\u1ed1i ITOH DENKI t\u1ea1i vi\u1ec7t nam<\/p>\n<p>\u0110\u1ea1i l\u00fd ITOH DENKI vietnam, ITOH DENKI viet nam, ITOH DENKI vietnam distributor, Ph\u00e2n ph\u1ed1i ITOH DENKI t\u1ea1i vi\u1ec7t nam<\/p>\n<p>\u0110\u1ea1i l\u00fd ITOH DENKI vietnam, ITOH DENKI viet nam, ITOH DENKI vietnam distributor, Ph\u00e2n ph\u1ed1i ITOH DENKI t\u1ea1i vi\u1ec7t nam<\/p>\n<p>\u0110\u1ea1i l\u00fd ITOH DENKI vietnam, ITOH DENKI viet nam, ITOH DENKI vietnam distributor, Ph\u00e2n ph\u1ed1i ITOH DENKI t\u1ea1i vi\u1ec7t nam<\/p>\n<p>\u0110\u1ea1i l\u00fd ITOH DENKI vietnam, ITOH DENKI viet nam, ITOH DENKI vietnam distributor, Ph\u00e2n ph\u1ed1i ITOH DENKI t\u1ea1i vi\u1ec7t nam<\/p>\n","protected":false},"excerpt":{"rendered":"<p>ITOH DENKI PM605BP-15-500-3-200 ITOH Power Moller Model : PM605BP-15-500-3-200 PM : Power Moller 605 : Outside Diameter (60.5 mm) BP : High Power Three Phase 15 : Speed Code (Nominal Speed) 500 : Nominal Tube Length 3 : 3-Phase 200 : Voltage (200V) &#8211; Outside Diameter : 60.5 mm &#8211;&hellip; <\/p>\n","protected":false},"featured_media":970,"comment_status":"open","ping_status":"closed","template":"","meta":[],"product_cat":[15],"product_tag":[256,255,120,254],"class_list":{"0":"post-969","1":"product","2":"type-product","3":"status-publish","4":"has-post-thumbnail","6":"product_cat-itoh-denki","7":"product_tag-con-lan","8":"product_tag-dai-ly-itoh-denki-viet-nam","9":"product_tag-dong-co","10":"product_tag-itoh-denki-viet-nam","12":"first","13":"instock","14":"shipping-taxable","15":"product-type-simple"},"yoast_head":"<!-- This site is optimized with the Yoast SEO plugin v22.8 - https:\/\/yoast.com\/wordpress\/plugins\/seo\/ -->\n<title>ITOH DENKI PM605BP-15-500-3-200 - OMANI VI\u1ec6T NAM<\/title>\n<meta name=\"robots\" content=\"index, follow, max-snippet:-1, max-image-preview:large, max-video-preview:-1\" \/>\n<link rel=\"canonical\" href=\"https:\/\/omanivietnam.com\/index.php\/san-pham\/itoh-denki-pm605bp-15-500-3-200\/\" \/>\n<meta property=\"og:locale\" content=\"vi_VN\" \/>\n<meta property=\"og:type\" content=\"article\" \/>\n<meta property=\"og:title\" content=\"ITOH DENKI PM605BP-15-500-3-200 - OMANI VI\u1ec6T NAM\" \/>\n<meta property=\"og:description\" content=\"ITOH DENKI PM605BP-15-500-3-200 ITOH Power Moller Model : PM605BP-15-500-3-200 PM : Power Moller 605 : Outside Diameter (60.5 mm) BP : High Power Three Phase 15 : Speed Code (Nominal Speed) 500 : Nominal Tube Length 3 : 3-Phase 200 : Voltage (200V) &#8211; Outside Diameter : 60.5 mm &#8211;&hellip;\" \/>\n<meta property=\"og:url\" content=\"https:\/\/omanivietnam.com\/index.php\/san-pham\/itoh-denki-pm605bp-15-500-3-200\/\" \/>\n<meta property=\"og:site_name\" content=\"OMANI VI\u1ec6T NAM\" \/>\n<meta property=\"og:image\" content=\"https:\/\/omanivietnam.com\/wp-content\/uploads\/2024\/06\/PM605BP-15-500-3-200.png\" \/>\n\t<meta property=\"og:image:width\" content=\"626\" \/>\n\t<meta property=\"og:image:height\" content=\"430\" \/>\n\t<meta property=\"og:image:type\" content=\"image\/png\" \/>\n<meta name=\"twitter:card\" content=\"summary_large_image\" \/>\n<meta name=\"twitter:label1\" content=\"\u01af\u1edbc t\u00ednh th\u1eddi gian \u0111\u1ecdc\" \/>\n\t<meta name=\"twitter:data1\" content=\"2 ph\u00fat\" \/>\n<script type=\"application\/ld+json\" class=\"yoast-schema-graph\">{\"@context\":\"https:\/\/schema.org\",\"@graph\":[{\"@type\":\"WebPage\",\"@id\":\"https:\/\/omanivietnam.com\/index.php\/san-pham\/itoh-denki-pm605bp-15-500-3-200\/\",\"url\":\"https:\/\/omanivietnam.com\/index.php\/san-pham\/itoh-denki-pm605bp-15-500-3-200\/\",\"name\":\"ITOH DENKI PM605BP-15-500-3-200 - OMANI VI\u1ec6T NAM\",\"isPartOf\":{\"@id\":\"https:\/\/omanivietnam.com\/#website\"},\"primaryImageOfPage\":{\"@id\":\"https:\/\/omanivietnam.com\/index.php\/san-pham\/itoh-denki-pm605bp-15-500-3-200\/#primaryimage\"},\"image\":{\"@id\":\"https:\/\/omanivietnam.com\/index.php\/san-pham\/itoh-denki-pm605bp-15-500-3-200\/#primaryimage\"},\"thumbnailUrl\":\"https:\/\/omanivietnam.com\/wp-content\/uploads\/2024\/06\/PM605BP-15-500-3-200.png\",\"datePublished\":\"2024-06-30T07:24:30+00:00\",\"dateModified\":\"2024-06-30T07:24:30+00:00\",\"breadcrumb\":{\"@id\":\"https:\/\/omanivietnam.com\/index.php\/san-pham\/itoh-denki-pm605bp-15-500-3-200\/#breadcrumb\"},\"inLanguage\":\"vi\",\"potentialAction\":[{\"@type\":\"ReadAction\",\"target\":[\"https:\/\/omanivietnam.com\/index.php\/san-pham\/itoh-denki-pm605bp-15-500-3-200\/\"]}]},{\"@type\":\"ImageObject\",\"inLanguage\":\"vi\",\"@id\":\"https:\/\/omanivietnam.com\/index.php\/san-pham\/itoh-denki-pm605bp-15-500-3-200\/#primaryimage\",\"url\":\"https:\/\/omanivietnam.com\/wp-content\/uploads\/2024\/06\/PM605BP-15-500-3-200.png\",\"contentUrl\":\"https:\/\/omanivietnam.com\/wp-content\/uploads\/2024\/06\/PM605BP-15-500-3-200.png\",\"width\":626,\"height\":430},{\"@type\":\"BreadcrumbList\",\"@id\":\"https:\/\/omanivietnam.com\/index.php\/san-pham\/itoh-denki-pm605bp-15-500-3-200\/#breadcrumb\",\"itemListElement\":[{\"@type\":\"ListItem\",\"position\":1,\"name\":\"Home\",\"item\":\"https:\/\/omanivietnam.com\/\"},{\"@type\":\"ListItem\",\"position\":2,\"name\":\"S\u1ea2N PH\u1ea8M\",\"item\":\"https:\/\/omanivietnam.com\/index.php\/cua-hang\/\"},{\"@type\":\"ListItem\",\"position\":3,\"name\":\"ITOH DENKI PM605BP-15-500-3-200\"}]},{\"@type\":\"WebSite\",\"@id\":\"https:\/\/omanivietnam.com\/#website\",\"url\":\"https:\/\/omanivietnam.com\/\",\"name\":\"OMANI VI\u1ec6T NAM\",\"description\":\"Nh\u00e0 ph\u00e2n ph\u1ed1i thi\u1ebft b\u1ecb kh\u00ed n\u00e9n v\u00e0 thi\u1ebft b\u1ecb t\u1ef1 \u0111\u1ed9ng h\u00f3a trong c\u00f4ng nghi\u1ec7p\",\"publisher\":{\"@id\":\"https:\/\/omanivietnam.com\/#\/schema\/person\/0ad398a980dc3fd696111c2c5c8fa897\"},\"potentialAction\":[{\"@type\":\"SearchAction\",\"target\":{\"@type\":\"EntryPoint\",\"urlTemplate\":\"https:\/\/omanivietnam.com\/?s={search_term_string}\"},\"query-input\":\"required name=search_term_string\"}],\"inLanguage\":\"vi\"},{\"@type\":[\"Person\",\"Organization\"],\"@id\":\"https:\/\/omanivietnam.com\/#\/schema\/person\/0ad398a980dc3fd696111c2c5c8fa897\",\"name\":\"Nguy\u1ec5n V\u0103n Kh\u00e1nh\",\"image\":{\"@type\":\"ImageObject\",\"inLanguage\":\"vi\",\"@id\":\"https:\/\/omanivietnam.com\/#\/schema\/person\/image\/\",\"url\":\"https:\/\/omanivietnam.com\/wp-content\/uploads\/2024\/06\/logo-1024x1024.png\",\"contentUrl\":\"https:\/\/omanivietnam.com\/wp-content\/uploads\/2024\/06\/logo-1024x1024.png\",\"width\":1024,\"height\":1024,\"caption\":\"Nguy\u1ec5n V\u0103n Kh\u00e1nh\"},\"logo\":{\"@id\":\"https:\/\/omanivietnam.com\/#\/schema\/person\/image\/\"},\"sameAs\":[\"https:\/\/omanivietnam.com\"]}]}<\/script>\n<!-- \/ Yoast SEO plugin. -->","yoast_head_json":{"title":"ITOH DENKI PM605BP-15-500-3-200 - OMANI VI\u1ec6T NAM","robots":{"index":"index","follow":"follow","max-snippet":"max-snippet:-1","max-image-preview":"max-image-preview:large","max-video-preview":"max-video-preview:-1"},"canonical":"https:\/\/omanivietnam.com\/index.php\/san-pham\/itoh-denki-pm605bp-15-500-3-200\/","og_locale":"vi_VN","og_type":"article","og_title":"ITOH DENKI PM605BP-15-500-3-200 - OMANI VI\u1ec6T NAM","og_description":"ITOH DENKI PM605BP-15-500-3-200 ITOH Power Moller Model : PM605BP-15-500-3-200 PM : Power Moller 605 : Outside Diameter (60.5 mm) BP : High Power Three Phase 15 : Speed Code (Nominal Speed) 500 : Nominal Tube Length 3 : 3-Phase 200 : Voltage (200V) &#8211; Outside Diameter : 60.5 mm &#8211;&hellip;","og_url":"https:\/\/omanivietnam.com\/index.php\/san-pham\/itoh-denki-pm605bp-15-500-3-200\/","og_site_name":"OMANI VI\u1ec6T NAM","og_image":[{"width":626,"height":430,"url":"https:\/\/omanivietnam.com\/wp-content\/uploads\/2024\/06\/PM605BP-15-500-3-200.png","type":"image\/png"}],"twitter_card":"summary_large_image","twitter_misc":{"\u01af\u1edbc t\u00ednh th\u1eddi gian \u0111\u1ecdc":"2 ph\u00fat"},"schema":{"@context":"https:\/\/schema.org","@graph":[{"@type":"WebPage","@id":"https:\/\/omanivietnam.com\/index.php\/san-pham\/itoh-denki-pm605bp-15-500-3-200\/","url":"https:\/\/omanivietnam.com\/index.php\/san-pham\/itoh-denki-pm605bp-15-500-3-200\/","name":"ITOH DENKI PM605BP-15-500-3-200 - OMANI VI\u1ec6T NAM","isPartOf":{"@id":"https:\/\/omanivietnam.com\/#website"},"primaryImageOfPage":{"@id":"https:\/\/omanivietnam.com\/index.php\/san-pham\/itoh-denki-pm605bp-15-500-3-200\/#primaryimage"},"image":{"@id":"https:\/\/omanivietnam.com\/index.php\/san-pham\/itoh-denki-pm605bp-15-500-3-200\/#primaryimage"},"thumbnailUrl":"https:\/\/omanivietnam.com\/wp-content\/uploads\/2024\/06\/PM605BP-15-500-3-200.png","datePublished":"2024-06-30T07:24:30+00:00","dateModified":"2024-06-30T07:24:30+00:00","breadcrumb":{"@id":"https:\/\/omanivietnam.com\/index.php\/san-pham\/itoh-denki-pm605bp-15-500-3-200\/#breadcrumb"},"inLanguage":"vi","potentialAction":[{"@type":"ReadAction","target":["https:\/\/omanivietnam.com\/index.php\/san-pham\/itoh-denki-pm605bp-15-500-3-200\/"]}]},{"@type":"ImageObject","inLanguage":"vi","@id":"https:\/\/omanivietnam.com\/index.php\/san-pham\/itoh-denki-pm605bp-15-500-3-200\/#primaryimage","url":"https:\/\/omanivietnam.com\/wp-content\/uploads\/2024\/06\/PM605BP-15-500-3-200.png","contentUrl":"https:\/\/omanivietnam.com\/wp-content\/uploads\/2024\/06\/PM605BP-15-500-3-200.png","width":626,"height":430},{"@type":"BreadcrumbList","@id":"https:\/\/omanivietnam.com\/index.php\/san-pham\/itoh-denki-pm605bp-15-500-3-200\/#breadcrumb","itemListElement":[{"@type":"ListItem","position":1,"name":"Home","item":"https:\/\/omanivietnam.com\/"},{"@type":"ListItem","position":2,"name":"S\u1ea2N PH\u1ea8M","item":"https:\/\/omanivietnam.com\/index.php\/cua-hang\/"},{"@type":"ListItem","position":3,"name":"ITOH DENKI PM605BP-15-500-3-200"}]},{"@type":"WebSite","@id":"https:\/\/omanivietnam.com\/#website","url":"https:\/\/omanivietnam.com\/","name":"OMANI VI\u1ec6T NAM","description":"Nh\u00e0 ph\u00e2n ph\u1ed1i thi\u1ebft b\u1ecb kh\u00ed n\u00e9n v\u00e0 thi\u1ebft b\u1ecb t\u1ef1 \u0111\u1ed9ng h\u00f3a trong c\u00f4ng nghi\u1ec7p","publisher":{"@id":"https:\/\/omanivietnam.com\/#\/schema\/person\/0ad398a980dc3fd696111c2c5c8fa897"},"potentialAction":[{"@type":"SearchAction","target":{"@type":"EntryPoint","urlTemplate":"https:\/\/omanivietnam.com\/?s={search_term_string}"},"query-input":"required name=search_term_string"}],"inLanguage":"vi"},{"@type":["Person","Organization"],"@id":"https:\/\/omanivietnam.com\/#\/schema\/person\/0ad398a980dc3fd696111c2c5c8fa897","name":"Nguy\u1ec5n V\u0103n Kh\u00e1nh","image":{"@type":"ImageObject","inLanguage":"vi","@id":"https:\/\/omanivietnam.com\/#\/schema\/person\/image\/","url":"https:\/\/omanivietnam.com\/wp-content\/uploads\/2024\/06\/logo-1024x1024.png","contentUrl":"https:\/\/omanivietnam.com\/wp-content\/uploads\/2024\/06\/logo-1024x1024.png","width":1024,"height":1024,"caption":"Nguy\u1ec5n V\u0103n Kh\u00e1nh"},"logo":{"@id":"https:\/\/omanivietnam.com\/#\/schema\/person\/image\/"},"sameAs":["https:\/\/omanivietnam.com"]}]}},"_links":{"self":[{"href":"https:\/\/omanivietnam.com\/index.php\/wp-json\/wp\/v2\/product\/969","targetHints":{"allow":["GET"]}}],"collection":[{"href":"https:\/\/omanivietnam.com\/index.php\/wp-json\/wp\/v2\/product"}],"about":[{"href":"https:\/\/omanivietnam.com\/index.php\/wp-json\/wp\/v2\/types\/product"}],"replies":[{"embeddable":true,"href":"https:\/\/omanivietnam.com\/index.php\/wp-json\/wp\/v2\/comments?post=969"}],"wp:featuredmedia":[{"embeddable":true,"href":"https:\/\/omanivietnam.com\/index.php\/wp-json\/wp\/v2\/media\/970"}],"wp:attachment":[{"href":"https:\/\/omanivietnam.com\/index.php\/wp-json\/wp\/v2\/media?parent=969"}],"wp:term":[{"taxonomy":"product_cat","embeddable":true,"href":"https:\/\/omanivietnam.com\/index.php\/wp-json\/wp\/v2\/product_cat?post=969"},{"taxonomy":"product_tag","embeddable":true,"href":"https:\/\/omanivietnam.com\/index.php\/wp-json\/wp\/v2\/product_tag?post=969"}],"curies":[{"name":"wp","href":"https:\/\/api.w.org\/{rel}","templated":true}]}}