{"id":971,"date":"2024-06-30T14:39:42","date_gmt":"2024-06-30T07:39:42","guid":{"rendered":"https:\/\/omanivietnam.com\/?post_type=product&#038;p=971"},"modified":"2024-06-30T14:39:42","modified_gmt":"2024-06-30T07:39:42","slug":"itoh-denki-pm320hs-30-220-d-024-pc","status":"publish","type":"product","link":"https:\/\/omanivietnam.com\/index.php\/san-pham\/itoh-denki-pm320hs-30-220-d-024-pc\/","title":{"rendered":"ITOH DENKI PM320HS-30-220-D-024-PC"},"content":{"rendered":"<p>ITOH DENKI PM320HS-30-220-D-024-PC<\/p>\n<p>Model: PM320HS-30-220-D-024-PC Roller<br \/>\nMotorized Roller<br \/>\n\u2013 32mm diameter crowned stainless steel pipe<br \/>\n\u2013 Nominal speed; 30m\/min<br \/>\n\u2013 Tube length; 220 mm<br \/>\n\u2013 Motor cable; 150 mm<br \/>\n\u2013 24V DC operated<br \/>\n\u2018- with Mounting bracket<\/p>\n<ul>\n<li>M\u00e3 h\u00e0ng: PM320HS-30-220-D-024-PC Roller<\/li>\n<li>T\u00ean s\u1ea3n ph\u1ea9m: Con l\u0103n c\u01a1 gi\u1edbi Itoh Denki<\/li>\n<li>Lo\u1ea1i h\u00ecnh: Con l\u0103n d\u00e0i<\/li>\n<li>Nh\u00e0 s\u1ea3n xu\u1ea5t: Itoh Denki, Nh\u1eadt B\u1ea3n<\/li>\n<li>Keyword: Itoh Denki PM320HS-30-220-D-024-PC Roller, con l\u0103n c\u01a1 gi\u1edbi Itoh Denki, con l\u0103n Itoh Denki<\/li>\n<\/ul>\n<h4>Gi\u1edbi thi\u1ec7u<\/h4>\n<p>Con l\u0103n c\u01a1 gi\u1edbi c\u1ee7a Itoh Denki PM320HS-30-220-D-024-PC Roller \u0111\u01b0\u1ee3c \u0111i\u1ec1u khi\u1ec3n b\u1eb1ng b\u1ea3ng m\u1ea1ch board m\u1ea1ch ngo\u00e0i CB018S, \u0110\u01b0\u1ee3c thi\u1ebft k\u1ebf cho b\u0103ng t\u1ea3i d\u00f9ng \u0111\u1ec3 truy\u1ec1n t\u1ea3i tr\u1ecdng r\u1ea5t nh\u1eb9, c\u00e2n, c\u1ea5p li\u1ec7u, h\u00fat ch\u00e2n kh\u00f4ng c\u00e1c b\u1ed9 ph\u1eadn\u2026, trong d\u00e2y chuy\u1ec1n ph\u00e2n ph\u1ed1i v\u00e0 l\u1eafp r\u00e1p. B\u1ea3ng m\u1ea1ch n\u00e0y \u0111\u01b0\u1ee3c t\u00e1ch bi\u1ec7t v\u1edbi \u0111\u1ed9ng c\u01a1 b\u00e1nh r\u0103ng nh\u1eb1m t\u1ed1i \u01b0u h\u00f3a hi\u1ec7u su\u1ea5t v\u00e0 \u0111\u1ed9 b\u1ec1n c\u1ee7a con l\u0103n. Vi\u1ec7c l\u1eafp r\u00e1p c\u00f3 th\u1ec3 \u0111\u01b0\u1ee3c \u0111i\u1ec1u khi\u1ec3n b\u1eb1ng PLC.<\/p>\n<p>PM320HS-30-220-D-024-PC Roller Itoh Denki hi\u1ec7n \u0111ang \u0111\u01b0\u1ee3c ph\u00e2n ph\u1ed1i r\u1ed9ng r\u00e3i t\u1ea1i th\u1ecb tr\u01b0\u1eddng Vi\u1ec7t Nam.<\/p>\n<p>Thi\u1ebft b\u1ecb hi\u1ec7n \u0111ang \u0111\u01b0\u1ee3c s\u1eed d\u1ee5ng trong c\u00e1c l\u0129nh v\u1ef1c: Th\u1ef1c ph\u1ea9m, \u0110i\u1ec7n l\u1ef1c, D\u1ea7u Kh\u00ed, N\u0103ng l\u01b0\u1ee3ng m\u1eb7t tr\u1eddi, D\u1ec7t May, S\u1ee3i, Nh\u1ef1a, Th\u1ee7y Tinh, Gi\u1ea5y, B\u00e0o B\u00ec,\u2026<\/p>\n<h4>T\u00ednh n\u0103ng<\/h4>\n<ul>\n<li>C\u1ea5u h\u00ecnh th\u1ea5p, thi\u1ebft k\u1ebf nh\u1ecf g\u1ecdn<\/li>\n<li>T\u1ed1c \u0111\u1ed9 \u1ed5n \u0111\u1ecbnh v\u1edbi c\u00e1c t\u1ea3i kh\u00e1c nhau<\/li>\n<li>L\u00fd t\u01b0\u1edfng cho c\u00e1c \u1ee9ng d\u1ee5ng \u0111ai nh\u1ecf<\/li>\n<li>Tu\u1ed5i th\u1ecd cao<\/li>\n<li>Ti\u00eau chu\u1ea9n tr\u1ee5c l\u1ee5c gi\u00e1c 7\/16\u2019\u2019<\/li>\n<li>Thi\u1ebft k\u1ebf c\u00f4ng su\u1ea5t cao, ti\u1ebft ki\u1ec7m chi ph\u00ed, linh ho\u1ea1t, \u0111\u00e1ng tin c\u1eady v\u00e0 c\u00e0i \u0111\u1eb7t an to\u00e0n.<\/li>\n<li>V\u1eadt Li\u1ec7u con l\u0103n: Th\u00e9p kh\u00f4ng g\u1ec9 SUS304<\/li>\n<li>\u0110\u01b0\u1eddng K\u00ednh Ngo\u00e0i D(\u00d8): 32<\/li>\n<li>Chi\u1ec1u r\u1ed9ng W(mm): 270<\/li>\n<li>Ngu\u1ed3n c\u1ea5p: DC24V<\/li>\n<li>T\u1ed1c \u0111\u1ed9 danh ngh\u0129a; 30m\/ph\u00fat<\/li>\n<li>Chi\u1ec1u d\u00e0i \u1ed1ng; 220 mm<\/li>\n<li>\u1ed0ng li\u1ec1n m\u1ea1ch, c\u00f3 v\u01b0\u01a1ng mi\u1ec7n, C\u00e1p \u0111\u1ed9ng c\u01a1; 150mm<\/li>\n<li>S\u1eed d\u1ee5ng th\u1ebb \u0111i\u1ec1u khi\u1ec3n CB-018N2<\/li>\n<\/ul>\n<p>\u0110\u1ea1i l\u00fd ITOH DENKI vietnam, ITOH DENKI viet nam, ITOH DENKI vietnam distributor, Ph\u00e2n ph\u1ed1i ITOH DENKI t\u1ea1i vi\u1ec7t nam<\/p>\n<p>\u0110\u1ea1i l\u00fd ITOH DENKI vietnam, ITOH DENKI viet nam, ITOH DENKI vietnam distributor, Ph\u00e2n ph\u1ed1i ITOH DENKI t\u1ea1i vi\u1ec7t nam<\/p>\n<p>\u0110\u1ea1i l\u00fd ITOH DENKI vietnam, ITOH DENKI viet nam, ITOH DENKI vietnam distributor, Ph\u00e2n ph\u1ed1i ITOH DENKI t\u1ea1i vi\u1ec7t nam<\/p>\n<p>\u0110\u1ea1i l\u00fd ITOH DENKI vietnam, ITOH DENKI viet nam, ITOH DENKI vietnam distributor, Ph\u00e2n ph\u1ed1i ITOH DENKI t\u1ea1i vi\u1ec7t nam<\/p>\n<p>\u0110\u1ea1i l\u00fd ITOH DENKI vietnam, ITOH DENKI viet nam, ITOH DENKI vietnam distributor, Ph\u00e2n ph\u1ed1i ITOH DENKI t\u1ea1i vi\u1ec7t nam<\/p>\n","protected":false},"excerpt":{"rendered":"<p>ITOH DENKI PM320HS-30-220-D-024-PC Model: PM320HS-30-220-D-024-PC Roller Motorized Roller \u2013 32mm diameter crowned stainless steel pipe \u2013 Nominal speed; 30m\/min \u2013 Tube length; 220 mm \u2013 Motor cable; 150 mm \u2013 24V DC operated \u2018- with Mounting bracket M\u00e3 h\u00e0ng: PM320HS-30-220-D-024-PC Roller T\u00ean s\u1ea3n ph\u1ea9m: Con l\u0103n c\u01a1 gi\u1edbi Itoh Denki&hellip; <\/p>\n","protected":false},"featured_media":972,"comment_status":"open","ping_status":"closed","template":"","meta":[],"product_cat":[15],"product_tag":[256,255,254],"class_list":{"0":"post-971","1":"product","2":"type-product","3":"status-publish","4":"has-post-thumbnail","6":"product_cat-itoh-denki","7":"product_tag-con-lan","8":"product_tag-dai-ly-itoh-denki-viet-nam","9":"product_tag-itoh-denki-viet-nam","11":"first","12":"instock","13":"shipping-taxable","14":"product-type-simple"},"yoast_head":"<!-- This site is optimized with the Yoast SEO plugin v22.8 - https:\/\/yoast.com\/wordpress\/plugins\/seo\/ -->\n<title>ITOH DENKI PM320HS-30-220-D-024-PC - OMANI VI\u1ec6T NAM<\/title>\n<meta name=\"robots\" content=\"index, follow, max-snippet:-1, max-image-preview:large, max-video-preview:-1\" \/>\n<link rel=\"canonical\" href=\"https:\/\/omanivietnam.com\/index.php\/san-pham\/itoh-denki-pm320hs-30-220-d-024-pc\/\" \/>\n<meta property=\"og:locale\" content=\"vi_VN\" \/>\n<meta property=\"og:type\" content=\"article\" \/>\n<meta property=\"og:title\" content=\"ITOH DENKI PM320HS-30-220-D-024-PC - OMANI VI\u1ec6T NAM\" \/>\n<meta property=\"og:description\" content=\"ITOH DENKI PM320HS-30-220-D-024-PC Model: PM320HS-30-220-D-024-PC Roller Motorized Roller \u2013 32mm diameter crowned stainless steel pipe \u2013 Nominal speed; 30m\/min \u2013 Tube length; 220 mm \u2013 Motor cable; 150 mm \u2013 24V DC operated \u2018- with Mounting bracket M\u00e3 h\u00e0ng: PM320HS-30-220-D-024-PC Roller T\u00ean s\u1ea3n ph\u1ea9m: Con l\u0103n c\u01a1 gi\u1edbi Itoh Denki&hellip;\" \/>\n<meta property=\"og:url\" content=\"https:\/\/omanivietnam.com\/index.php\/san-pham\/itoh-denki-pm320hs-30-220-d-024-pc\/\" \/>\n<meta property=\"og:site_name\" content=\"OMANI VI\u1ec6T NAM\" \/>\n<meta property=\"og:image\" content=\"https:\/\/omanivietnam.com\/wp-content\/uploads\/2024\/06\/PM320HS-30-220-D-024-PC.png\" \/>\n\t<meta property=\"og:image:width\" content=\"1317\" \/>\n\t<meta property=\"og:image:height\" content=\"775\" \/>\n\t<meta property=\"og:image:type\" content=\"image\/png\" \/>\n<meta name=\"twitter:card\" content=\"summary_large_image\" \/>\n<meta name=\"twitter:label1\" content=\"\u01af\u1edbc t\u00ednh th\u1eddi gian \u0111\u1ecdc\" \/>\n\t<meta name=\"twitter:data1\" content=\"3 ph\u00fat\" \/>\n<script type=\"application\/ld+json\" class=\"yoast-schema-graph\">{\"@context\":\"https:\/\/schema.org\",\"@graph\":[{\"@type\":\"WebPage\",\"@id\":\"https:\/\/omanivietnam.com\/index.php\/san-pham\/itoh-denki-pm320hs-30-220-d-024-pc\/\",\"url\":\"https:\/\/omanivietnam.com\/index.php\/san-pham\/itoh-denki-pm320hs-30-220-d-024-pc\/\",\"name\":\"ITOH DENKI PM320HS-30-220-D-024-PC - OMANI VI\u1ec6T NAM\",\"isPartOf\":{\"@id\":\"https:\/\/omanivietnam.com\/#website\"},\"primaryImageOfPage\":{\"@id\":\"https:\/\/omanivietnam.com\/index.php\/san-pham\/itoh-denki-pm320hs-30-220-d-024-pc\/#primaryimage\"},\"image\":{\"@id\":\"https:\/\/omanivietnam.com\/index.php\/san-pham\/itoh-denki-pm320hs-30-220-d-024-pc\/#primaryimage\"},\"thumbnailUrl\":\"https:\/\/omanivietnam.com\/wp-content\/uploads\/2024\/06\/PM320HS-30-220-D-024-PC.png\",\"datePublished\":\"2024-06-30T07:39:42+00:00\",\"dateModified\":\"2024-06-30T07:39:42+00:00\",\"breadcrumb\":{\"@id\":\"https:\/\/omanivietnam.com\/index.php\/san-pham\/itoh-denki-pm320hs-30-220-d-024-pc\/#breadcrumb\"},\"inLanguage\":\"vi\",\"potentialAction\":[{\"@type\":\"ReadAction\",\"target\":[\"https:\/\/omanivietnam.com\/index.php\/san-pham\/itoh-denki-pm320hs-30-220-d-024-pc\/\"]}]},{\"@type\":\"ImageObject\",\"inLanguage\":\"vi\",\"@id\":\"https:\/\/omanivietnam.com\/index.php\/san-pham\/itoh-denki-pm320hs-30-220-d-024-pc\/#primaryimage\",\"url\":\"https:\/\/omanivietnam.com\/wp-content\/uploads\/2024\/06\/PM320HS-30-220-D-024-PC.png\",\"contentUrl\":\"https:\/\/omanivietnam.com\/wp-content\/uploads\/2024\/06\/PM320HS-30-220-D-024-PC.png\",\"width\":1317,\"height\":775},{\"@type\":\"BreadcrumbList\",\"@id\":\"https:\/\/omanivietnam.com\/index.php\/san-pham\/itoh-denki-pm320hs-30-220-d-024-pc\/#breadcrumb\",\"itemListElement\":[{\"@type\":\"ListItem\",\"position\":1,\"name\":\"Home\",\"item\":\"https:\/\/omanivietnam.com\/\"},{\"@type\":\"ListItem\",\"position\":2,\"name\":\"S\u1ea2N PH\u1ea8M\",\"item\":\"https:\/\/omanivietnam.com\/index.php\/cua-hang\/\"},{\"@type\":\"ListItem\",\"position\":3,\"name\":\"ITOH DENKI PM320HS-30-220-D-024-PC\"}]},{\"@type\":\"WebSite\",\"@id\":\"https:\/\/omanivietnam.com\/#website\",\"url\":\"https:\/\/omanivietnam.com\/\",\"name\":\"OMANI VI\u1ec6T NAM\",\"description\":\"Nh\u00e0 ph\u00e2n ph\u1ed1i thi\u1ebft b\u1ecb kh\u00ed n\u00e9n v\u00e0 thi\u1ebft b\u1ecb t\u1ef1 \u0111\u1ed9ng h\u00f3a trong c\u00f4ng nghi\u1ec7p\",\"publisher\":{\"@id\":\"https:\/\/omanivietnam.com\/#\/schema\/person\/0ad398a980dc3fd696111c2c5c8fa897\"},\"potentialAction\":[{\"@type\":\"SearchAction\",\"target\":{\"@type\":\"EntryPoint\",\"urlTemplate\":\"https:\/\/omanivietnam.com\/?s={search_term_string}\"},\"query-input\":\"required name=search_term_string\"}],\"inLanguage\":\"vi\"},{\"@type\":[\"Person\",\"Organization\"],\"@id\":\"https:\/\/omanivietnam.com\/#\/schema\/person\/0ad398a980dc3fd696111c2c5c8fa897\",\"name\":\"Nguy\u1ec5n V\u0103n Kh\u00e1nh\",\"image\":{\"@type\":\"ImageObject\",\"inLanguage\":\"vi\",\"@id\":\"https:\/\/omanivietnam.com\/#\/schema\/person\/image\/\",\"url\":\"https:\/\/omanivietnam.com\/wp-content\/uploads\/2024\/06\/logo-1024x1024.png\",\"contentUrl\":\"https:\/\/omanivietnam.com\/wp-content\/uploads\/2024\/06\/logo-1024x1024.png\",\"width\":1024,\"height\":1024,\"caption\":\"Nguy\u1ec5n V\u0103n Kh\u00e1nh\"},\"logo\":{\"@id\":\"https:\/\/omanivietnam.com\/#\/schema\/person\/image\/\"},\"sameAs\":[\"https:\/\/omanivietnam.com\"]}]}<\/script>\n<!-- \/ Yoast SEO plugin. -->","yoast_head_json":{"title":"ITOH DENKI PM320HS-30-220-D-024-PC - OMANI VI\u1ec6T NAM","robots":{"index":"index","follow":"follow","max-snippet":"max-snippet:-1","max-image-preview":"max-image-preview:large","max-video-preview":"max-video-preview:-1"},"canonical":"https:\/\/omanivietnam.com\/index.php\/san-pham\/itoh-denki-pm320hs-30-220-d-024-pc\/","og_locale":"vi_VN","og_type":"article","og_title":"ITOH DENKI PM320HS-30-220-D-024-PC - OMANI VI\u1ec6T NAM","og_description":"ITOH DENKI PM320HS-30-220-D-024-PC Model: PM320HS-30-220-D-024-PC Roller Motorized Roller \u2013 32mm diameter crowned stainless steel pipe \u2013 Nominal speed; 30m\/min \u2013 Tube length; 220 mm \u2013 Motor cable; 150 mm \u2013 24V DC operated \u2018- with Mounting bracket M\u00e3 h\u00e0ng: PM320HS-30-220-D-024-PC Roller T\u00ean s\u1ea3n ph\u1ea9m: Con l\u0103n c\u01a1 gi\u1edbi Itoh Denki&hellip;","og_url":"https:\/\/omanivietnam.com\/index.php\/san-pham\/itoh-denki-pm320hs-30-220-d-024-pc\/","og_site_name":"OMANI VI\u1ec6T NAM","og_image":[{"width":1317,"height":775,"url":"https:\/\/omanivietnam.com\/wp-content\/uploads\/2024\/06\/PM320HS-30-220-D-024-PC.png","type":"image\/png"}],"twitter_card":"summary_large_image","twitter_misc":{"\u01af\u1edbc t\u00ednh th\u1eddi gian \u0111\u1ecdc":"3 ph\u00fat"},"schema":{"@context":"https:\/\/schema.org","@graph":[{"@type":"WebPage","@id":"https:\/\/omanivietnam.com\/index.php\/san-pham\/itoh-denki-pm320hs-30-220-d-024-pc\/","url":"https:\/\/omanivietnam.com\/index.php\/san-pham\/itoh-denki-pm320hs-30-220-d-024-pc\/","name":"ITOH DENKI PM320HS-30-220-D-024-PC - OMANI VI\u1ec6T NAM","isPartOf":{"@id":"https:\/\/omanivietnam.com\/#website"},"primaryImageOfPage":{"@id":"https:\/\/omanivietnam.com\/index.php\/san-pham\/itoh-denki-pm320hs-30-220-d-024-pc\/#primaryimage"},"image":{"@id":"https:\/\/omanivietnam.com\/index.php\/san-pham\/itoh-denki-pm320hs-30-220-d-024-pc\/#primaryimage"},"thumbnailUrl":"https:\/\/omanivietnam.com\/wp-content\/uploads\/2024\/06\/PM320HS-30-220-D-024-PC.png","datePublished":"2024-06-30T07:39:42+00:00","dateModified":"2024-06-30T07:39:42+00:00","breadcrumb":{"@id":"https:\/\/omanivietnam.com\/index.php\/san-pham\/itoh-denki-pm320hs-30-220-d-024-pc\/#breadcrumb"},"inLanguage":"vi","potentialAction":[{"@type":"ReadAction","target":["https:\/\/omanivietnam.com\/index.php\/san-pham\/itoh-denki-pm320hs-30-220-d-024-pc\/"]}]},{"@type":"ImageObject","inLanguage":"vi","@id":"https:\/\/omanivietnam.com\/index.php\/san-pham\/itoh-denki-pm320hs-30-220-d-024-pc\/#primaryimage","url":"https:\/\/omanivietnam.com\/wp-content\/uploads\/2024\/06\/PM320HS-30-220-D-024-PC.png","contentUrl":"https:\/\/omanivietnam.com\/wp-content\/uploads\/2024\/06\/PM320HS-30-220-D-024-PC.png","width":1317,"height":775},{"@type":"BreadcrumbList","@id":"https:\/\/omanivietnam.com\/index.php\/san-pham\/itoh-denki-pm320hs-30-220-d-024-pc\/#breadcrumb","itemListElement":[{"@type":"ListItem","position":1,"name":"Home","item":"https:\/\/omanivietnam.com\/"},{"@type":"ListItem","position":2,"name":"S\u1ea2N PH\u1ea8M","item":"https:\/\/omanivietnam.com\/index.php\/cua-hang\/"},{"@type":"ListItem","position":3,"name":"ITOH DENKI PM320HS-30-220-D-024-PC"}]},{"@type":"WebSite","@id":"https:\/\/omanivietnam.com\/#website","url":"https:\/\/omanivietnam.com\/","name":"OMANI VI\u1ec6T NAM","description":"Nh\u00e0 ph\u00e2n ph\u1ed1i thi\u1ebft b\u1ecb kh\u00ed n\u00e9n v\u00e0 thi\u1ebft b\u1ecb t\u1ef1 \u0111\u1ed9ng h\u00f3a trong c\u00f4ng nghi\u1ec7p","publisher":{"@id":"https:\/\/omanivietnam.com\/#\/schema\/person\/0ad398a980dc3fd696111c2c5c8fa897"},"potentialAction":[{"@type":"SearchAction","target":{"@type":"EntryPoint","urlTemplate":"https:\/\/omanivietnam.com\/?s={search_term_string}"},"query-input":"required name=search_term_string"}],"inLanguage":"vi"},{"@type":["Person","Organization"],"@id":"https:\/\/omanivietnam.com\/#\/schema\/person\/0ad398a980dc3fd696111c2c5c8fa897","name":"Nguy\u1ec5n V\u0103n Kh\u00e1nh","image":{"@type":"ImageObject","inLanguage":"vi","@id":"https:\/\/omanivietnam.com\/#\/schema\/person\/image\/","url":"https:\/\/omanivietnam.com\/wp-content\/uploads\/2024\/06\/logo-1024x1024.png","contentUrl":"https:\/\/omanivietnam.com\/wp-content\/uploads\/2024\/06\/logo-1024x1024.png","width":1024,"height":1024,"caption":"Nguy\u1ec5n V\u0103n Kh\u00e1nh"},"logo":{"@id":"https:\/\/omanivietnam.com\/#\/schema\/person\/image\/"},"sameAs":["https:\/\/omanivietnam.com"]}]}},"_links":{"self":[{"href":"https:\/\/omanivietnam.com\/index.php\/wp-json\/wp\/v2\/product\/971","targetHints":{"allow":["GET"]}}],"collection":[{"href":"https:\/\/omanivietnam.com\/index.php\/wp-json\/wp\/v2\/product"}],"about":[{"href":"https:\/\/omanivietnam.com\/index.php\/wp-json\/wp\/v2\/types\/product"}],"replies":[{"embeddable":true,"href":"https:\/\/omanivietnam.com\/index.php\/wp-json\/wp\/v2\/comments?post=971"}],"wp:featuredmedia":[{"embeddable":true,"href":"https:\/\/omanivietnam.com\/index.php\/wp-json\/wp\/v2\/media\/972"}],"wp:attachment":[{"href":"https:\/\/omanivietnam.com\/index.php\/wp-json\/wp\/v2\/media?parent=971"}],"wp:term":[{"taxonomy":"product_cat","embeddable":true,"href":"https:\/\/omanivietnam.com\/index.php\/wp-json\/wp\/v2\/product_cat?post=971"},{"taxonomy":"product_tag","embeddable":true,"href":"https:\/\/omanivietnam.com\/index.php\/wp-json\/wp\/v2\/product_tag?post=971"}],"curies":[{"name":"wp","href":"https:\/\/api.w.org\/{rel}","templated":true}]}}