{"id":985,"date":"2024-07-02T05:07:36","date_gmt":"2024-07-01T22:07:36","guid":{"rendered":"https:\/\/omanivietnam.com\/?post_type=product&#038;p=985"},"modified":"2024-07-28T20:27:01","modified_gmt":"2024-07-28T13:27:01","slug":"sipin-sp48p18","status":"publish","type":"product","link":"https:\/\/omanivietnam.com\/index.php\/san-pham\/sipin-sp48p18\/","title":{"rendered":"SIPIN SP48P18"},"content":{"rendered":"<p>SIPIN SP48P18<\/p>\n<p><strong>Omani chuy\u00ean cung c\u1ea5p thi\u1ebft b\u1ecb t\u1ef1 \u0111\u1ed9ng h\u00f3a<\/strong>.\u00a0<strong>Kh\u00f4ng ch\u1ec9 v\u1edbi vi\u1ec7c cung c\u1ea5p s\u1ea3n ph\u1ea9m \u0111\u00fang ch\u1ea5t l\u01b0\u1ee3ng theo y\u00eau c\u1ea7u m\u00e0 ch\u00fang t\u00f4i c\u00f2n \u0111\u01b0\u1ee3c kh\u00e1ch h\u00e0ng t\u00edn nhi\u1ec7m qua vi\u1ec7c t\u01b0 v\u1ea5n s\u1ea3n ph\u1ea9m khi mua h\u00e0ng, th\u1eddi gian giao h\u00e0ng, gi\u00e1 c\u1ea3 c\u1ea1nh tranh, ch\u1ebf \u0111\u1ed9 h\u1eadu m\u00e3i, b\u1ea3o h\u00e0nh.<\/strong><\/p>\n<ul>\n<li>The compact design of S series needs no auxiliary power source and comes in simple wring so that it can be controlled by just 4-20mA input.<\/li>\n<li>Unique design that incorporates fixing by DIN35 guiderail, allowing easy installation, removal and moving.<\/li>\n<li>Dual SCR architecture, highly voltage and current withstanding, free from any interference to excel all average TRIACs.<\/li>\n<li>Includes protection and indication of over-temperature output stopping.<\/li>\n<li>Large heat dissipating area, sufficient capacity.<\/li>\n<li>Design of single specification providing wide range of application from 180 to 480VAC.<\/li>\n<\/ul>\n<p>SP48P18 Sipin\u00a0SCR power controllers NIB ; Condition. New ; Quantity. 1 sold. 4 available ; Item Number. 284896082516 ; Model.\u00a0sp48p18 ; Country\/Region of Taiwan<\/p>\n<p>SIPIN W5-TP4V100-24J<\/p>\n<p>Sipin 3-Wire 3-Phase Angle Controller (SCR Power Regulator); Main Power Voltage: 200-480 Vac; Normal Rated Current: 100 Amps; Auxiliary Power Source Code: 220 Vac; Input Signal Code: 4 to 20 mA; Buffering Time Code: Adjustable 1 to 22 Seconds.<\/p>\n<p>PRODUCT SALIENT FEATURES:<\/p>\n<ul>\n<li>Independent adjustment of Max and BIAS<\/li>\n<li>Downward opening front Panel for easy Fuse replacement<\/li>\n<li>VR setting of Max and SFS are installed in the front panel, for easy adjustment<\/li>\n<li>Multi-LED display panel makes the operating indications clear<\/li>\n<li>The Auxiliary Powers (AC1, AC2) are independently controlled for all models<\/li>\n<li>Built-in buffering output adjustment (SFS VR), adjusting Range: 1-22 seconds (Only for the phase control product)<\/li>\n<li>Top &amp; bottom Shielding Covers are designed for safety and easy wiring installation<\/li>\n<li>In case of 0.5 Hz sudden power losses, system output can be switched off immediately. Once the power is restored, the system will buffer the output to prevent the voltage surge for fuse blow out<\/li>\n<li>Main power is designed for 200-480VAC<\/li>\n<li>Automatic power frequency detection for 50-60 Hz. No need for selection or switch<\/li>\n<li>Automatic detection and display for Power Out-of-Phase, SCR Over Heating, Fuse Blow Out with one set of alarm dry contact output<\/li>\n<li>In cases of SCR Over Heating or Fuse Blow Out, the system output is stopped immediately. Once the malfunction is eliminated and power is restored, the system will buffer the output to prevent the fuse Blow Out<\/li>\n<li>4-20mA, 1-5VDC, 2-l0VDC, 0-20mA, 0-5 VDC, 0-l0VDC, dry contact points, etc. and all control signals are ready to use<\/li>\n<li>Triggering circuit and the main board are designed separately to avoid the main board damage when main circuit malfunctions<\/li>\n<li>Using European detachable control signal connector for easy replacement without the need of re-wiring installation<\/li>\n<li>Warranty: 1-Year from the date of purchase<\/li>\n<\/ul>\n<div class=\"product-information-title\"><strong>TECHNICAL DATA<\/strong><\/div>\n<div class=\"product-information-one\">\n<div class=\"cust-product-manufracture\">\n<div class=\"grid-product-manufracture\"><span class=\"product-manufracture\">Manufacturer:Sipin<\/span><\/div>\n<\/div>\n<div class=\"cust-rated-series\">\n<div class=\"grid-rated-series\"><span class=\"rated-series\">Series:W5-TP4V<\/span><\/div>\n<\/div>\n<div class=\"cust-product-rated-current\">\n<div class=\"grid-product-rated-current\"><span class=\"product-rated-current\">Rated Current:100 A<\/span><\/div>\n<\/div>\n<div class=\"cust-control\">\n<div class=\"grid-control\"><span class=\"control\">Control:3-Wire 3-Phase Angle Control (without Neutral)<\/span><\/div>\n<\/div>\n<div class=\"cust-main-power-voltage\">\n<div class=\"grid-main-power-voltage\"><span class=\"main-power-voltage\">Main Power Voltage:200-480 Vac<\/span><\/div>\n<\/div>\n<div class=\"cust-product-auxiliary-power\">\n<div class=\"grid-product-auxiliary-power\"><span class=\"product-auxiliary-power\">Auxiliary Power:220 Vac<\/span><\/div>\n<\/div>\n<div class=\"cust-input-signal\">\n<div class=\"grid-input-signal\"><span class=\"input-signal\">Input Signal:4 \u2013 20 mA<\/span><\/div>\n<\/div>\n<div class=\"cust-adjustable-buffering-time\">\n<div class=\"grid-adjustable-buffering-time\"><span class=\"adjustable-buffering-time\">Adjustable Buffering Time:1 \u2013 22 sec.<\/span><\/div>\n<\/div>\n<div class=\"cust-rated-dimensions-whd-mm\">\n<div class=\"grid-rated-dimensions-whd-mm\"><span class=\"rated-dimensions-whd-mm\">Dimensions LxWxH (mm):202x140x205mm<\/span><\/div>\n<\/div>\n<div class=\"cust-rated-cooling-by\">\n<div class=\"grid-rated-cooling-by\"><span class=\"rated-cooling-by\">Cooling by:Fan Cooling<\/span><\/div>\n<\/div>\n<div class=\"cust-rated-weight\">\n<div class=\"grid-rated-weight\"><span class=\"rated-weight\">Weight\/Piece (gms):3500<\/span><\/div>\n<\/div>\n<div class=\"cust-rated-warranty\">\n<div class=\"grid-rated-warranty\"><span class=\"rated-warranty\">Warranty:1-Year<\/span><\/div>\n<div><\/div>\n<\/div>\n<\/div>\n<table border=\"0\" width=\"688\" cellspacing=\"0\" cellpadding=\"0\">\n<tbody>\n<tr>\n<td><strong><u>\u00a0POWER REGULATOR<\/u><\/strong><\/td>\n<\/tr>\n<tr>\n<td><strong><u>W5-TP4V030-24J<\/u><\/strong><\/td>\n<\/tr>\n<tr>\n<td>Control mode : 3\u03c6phase angle control<\/td>\n<\/tr>\n<tr>\n<td>Main source : 3\u03c6 200~480VAC<\/td>\n<\/tr>\n<tr>\n<td>Current rating :30A<\/td>\n<\/tr>\n<tr>\n<td>Aux. source : 1\u03c6220VAC<\/td>\n<\/tr>\n<tr>\n<td>Input signal : 4~20mA<\/td>\n<\/tr>\n<tr>\n<td>Soft start code : J, soft start 1~22\u00a0 sec.<\/p>\n<p>W5-TP4V030-24J<br \/>\nW5-TP4V045-24J<br \/>\nW5-TP4V060-24J<br \/>\nW5-TP4V080-24J<br \/>\nW5-TP4V100-24J<\/p>\n<p>W5-TP4V150-24J<br \/>\nW5-TP4V180-24J<br \/>\nW5-TP4V230-24J<\/td>\n<\/tr>\n<\/tbody>\n<\/table>\n<p>C\u00e1c d\u00f2ng s\u1ea3n ph\u1ea9m Sipin:<\/p>\n<p>W5SP4V125-24JCV220<\/p>\n<p>21-ND<\/p>\n<p>W5-TP4V150-24J<\/p>\n<p>W7S4V060-21KF<\/p>\n<p>W5-TP4V100-24J<\/p>\n<p>SP48P36<\/p>\n<p>SP48P46<\/p>\n<p>SP48P18<\/p>\n<p>SP48P26<\/p>\n<p>\u0110\u1ea1i l\u00fd SIPIN vietnam, SIPIN viet nam, SIPIN vietnam distributor, Ph\u00e2n ph\u1ed1i SIPIN t\u1ea1i vi\u1ec7t nam<\/p>\n<p>\u0110\u1ea1i l\u00fd SIPIN vietnam, SIPIN viet nam, SIPIN vietnam distributor, Ph\u00e2n ph\u1ed1i SIPIN t\u1ea1i vi\u1ec7t nam<\/p>\n<p>\u0110\u1ea1i l\u00fd SIPIN vietnam, SIPIN viet nam, SIPIN vietnam distributor, Ph\u00e2n ph\u1ed1i SIPIN t\u1ea1i vi\u1ec7t nam<\/p>\n<p>\u0110\u1ea1i l\u00fd SIPIN vietnam, SIPIN viet nam, SIPIN vietnam distributor, Ph\u00e2n ph\u1ed1i SIPIN t\u1ea1i vi\u1ec7t nam<\/p>\n<p>\u0110\u1ea1i l\u00fd SIPIN vietnam, SIPIN viet nam, SIPIN vietnam distributor, Ph\u00e2n ph\u1ed1i SIPIN t\u1ea1i vi\u1ec7t nam<\/p>\n","protected":false},"excerpt":{"rendered":"<p>SIPIN SP48P18 Omani chuy\u00ean cung c\u1ea5p thi\u1ebft b\u1ecb t\u1ef1 \u0111\u1ed9ng h\u00f3a.\u00a0Kh\u00f4ng ch\u1ec9 v\u1edbi vi\u1ec7c cung c\u1ea5p s\u1ea3n ph\u1ea9m \u0111\u00fang ch\u1ea5t l\u01b0\u1ee3ng theo y\u00eau c\u1ea7u m\u00e0 ch\u00fang t\u00f4i c\u00f2n \u0111\u01b0\u1ee3c kh\u00e1ch h\u00e0ng t\u00edn nhi\u1ec7m qua vi\u1ec7c t\u01b0 v\u1ea5n s\u1ea3n ph\u1ea9m khi mua h\u00e0ng, th\u1eddi gian giao h\u00e0ng, gi\u00e1 c\u1ea3 c\u1ea1nh tranh,&hellip; <\/p>\n","protected":false},"featured_media":986,"comment_status":"open","ping_status":"closed","template":"","meta":[],"product_cat":[281],"product_tag":[167,261,159,260],"class_list":{"0":"post-985","1":"product","2":"type-product","3":"status-publish","4":"has-post-thumbnail","6":"product_cat-sipin","7":"product_tag-bo-dieu-khien","8":"product_tag-dai-ly-sipin-viet-nam","9":"product_tag-mo-dun","10":"product_tag-sipin-viet-nam","12":"first","13":"instock","14":"shipping-taxable","15":"product-type-simple"},"yoast_head":"<!-- This site is optimized with the Yoast SEO plugin v22.8 - https:\/\/yoast.com\/wordpress\/plugins\/seo\/ -->\n<title>SIPIN SP48P18 - OMANI VI\u1ec6T NAM<\/title>\n<meta name=\"robots\" content=\"index, follow, max-snippet:-1, max-image-preview:large, max-video-preview:-1\" \/>\n<link rel=\"canonical\" href=\"https:\/\/omanivietnam.com\/index.php\/san-pham\/sipin-sp48p18\/\" \/>\n<meta property=\"og:locale\" content=\"vi_VN\" \/>\n<meta property=\"og:type\" content=\"article\" \/>\n<meta property=\"og:title\" content=\"SIPIN SP48P18 - OMANI VI\u1ec6T NAM\" \/>\n<meta property=\"og:description\" content=\"SIPIN SP48P18 Omani chuy\u00ean cung c\u1ea5p thi\u1ebft b\u1ecb t\u1ef1 \u0111\u1ed9ng h\u00f3a.\u00a0Kh\u00f4ng ch\u1ec9 v\u1edbi vi\u1ec7c cung c\u1ea5p s\u1ea3n ph\u1ea9m \u0111\u00fang ch\u1ea5t l\u01b0\u1ee3ng theo y\u00eau c\u1ea7u m\u00e0 ch\u00fang t\u00f4i c\u00f2n \u0111\u01b0\u1ee3c kh\u00e1ch h\u00e0ng t\u00edn nhi\u1ec7m qua vi\u1ec7c t\u01b0 v\u1ea5n s\u1ea3n ph\u1ea9m khi mua h\u00e0ng, th\u1eddi gian giao h\u00e0ng, gi\u00e1 c\u1ea3 c\u1ea1nh tranh,&hellip;\" \/>\n<meta property=\"og:url\" content=\"https:\/\/omanivietnam.com\/index.php\/san-pham\/sipin-sp48p18\/\" \/>\n<meta property=\"og:site_name\" content=\"OMANI VI\u1ec6T NAM\" \/>\n<meta property=\"article:modified_time\" content=\"2024-07-28T13:27:01+00:00\" \/>\n<meta property=\"og:image\" content=\"https:\/\/omanivietnam.com\/wp-content\/uploads\/2024\/07\/SP48P18.png\" \/>\n\t<meta property=\"og:image:width\" content=\"372\" \/>\n\t<meta property=\"og:image:height\" content=\"534\" \/>\n\t<meta property=\"og:image:type\" content=\"image\/png\" \/>\n<meta name=\"twitter:card\" content=\"summary_large_image\" \/>\n<meta name=\"twitter:label1\" content=\"\u01af\u1edbc t\u00ednh th\u1eddi gian \u0111\u1ecdc\" \/>\n\t<meta name=\"twitter:data1\" content=\"4 ph\u00fat\" \/>\n<script type=\"application\/ld+json\" class=\"yoast-schema-graph\">{\"@context\":\"https:\/\/schema.org\",\"@graph\":[{\"@type\":\"WebPage\",\"@id\":\"https:\/\/omanivietnam.com\/index.php\/san-pham\/sipin-sp48p18\/\",\"url\":\"https:\/\/omanivietnam.com\/index.php\/san-pham\/sipin-sp48p18\/\",\"name\":\"SIPIN SP48P18 - OMANI VI\u1ec6T NAM\",\"isPartOf\":{\"@id\":\"https:\/\/omanivietnam.com\/#website\"},\"primaryImageOfPage\":{\"@id\":\"https:\/\/omanivietnam.com\/index.php\/san-pham\/sipin-sp48p18\/#primaryimage\"},\"image\":{\"@id\":\"https:\/\/omanivietnam.com\/index.php\/san-pham\/sipin-sp48p18\/#primaryimage\"},\"thumbnailUrl\":\"https:\/\/omanivietnam.com\/wp-content\/uploads\/2024\/07\/SP48P18.png\",\"datePublished\":\"2024-07-01T22:07:36+00:00\",\"dateModified\":\"2024-07-28T13:27:01+00:00\",\"breadcrumb\":{\"@id\":\"https:\/\/omanivietnam.com\/index.php\/san-pham\/sipin-sp48p18\/#breadcrumb\"},\"inLanguage\":\"vi\",\"potentialAction\":[{\"@type\":\"ReadAction\",\"target\":[\"https:\/\/omanivietnam.com\/index.php\/san-pham\/sipin-sp48p18\/\"]}]},{\"@type\":\"ImageObject\",\"inLanguage\":\"vi\",\"@id\":\"https:\/\/omanivietnam.com\/index.php\/san-pham\/sipin-sp48p18\/#primaryimage\",\"url\":\"https:\/\/omanivietnam.com\/wp-content\/uploads\/2024\/07\/SP48P18.png\",\"contentUrl\":\"https:\/\/omanivietnam.com\/wp-content\/uploads\/2024\/07\/SP48P18.png\",\"width\":372,\"height\":534},{\"@type\":\"BreadcrumbList\",\"@id\":\"https:\/\/omanivietnam.com\/index.php\/san-pham\/sipin-sp48p18\/#breadcrumb\",\"itemListElement\":[{\"@type\":\"ListItem\",\"position\":1,\"name\":\"Home\",\"item\":\"https:\/\/omanivietnam.com\/\"},{\"@type\":\"ListItem\",\"position\":2,\"name\":\"S\u1ea2N PH\u1ea8M\",\"item\":\"https:\/\/omanivietnam.com\/index.php\/cua-hang\/\"},{\"@type\":\"ListItem\",\"position\":3,\"name\":\"SIPIN SP48P18\"}]},{\"@type\":\"WebSite\",\"@id\":\"https:\/\/omanivietnam.com\/#website\",\"url\":\"https:\/\/omanivietnam.com\/\",\"name\":\"OMANI VI\u1ec6T NAM\",\"description\":\"Nh\u00e0 ph\u00e2n ph\u1ed1i thi\u1ebft b\u1ecb kh\u00ed n\u00e9n v\u00e0 thi\u1ebft b\u1ecb t\u1ef1 \u0111\u1ed9ng h\u00f3a trong c\u00f4ng nghi\u1ec7p\",\"publisher\":{\"@id\":\"https:\/\/omanivietnam.com\/#\/schema\/person\/0ad398a980dc3fd696111c2c5c8fa897\"},\"potentialAction\":[{\"@type\":\"SearchAction\",\"target\":{\"@type\":\"EntryPoint\",\"urlTemplate\":\"https:\/\/omanivietnam.com\/?s={search_term_string}\"},\"query-input\":\"required name=search_term_string\"}],\"inLanguage\":\"vi\"},{\"@type\":[\"Person\",\"Organization\"],\"@id\":\"https:\/\/omanivietnam.com\/#\/schema\/person\/0ad398a980dc3fd696111c2c5c8fa897\",\"name\":\"Nguy\u1ec5n V\u0103n Kh\u00e1nh\",\"image\":{\"@type\":\"ImageObject\",\"inLanguage\":\"vi\",\"@id\":\"https:\/\/omanivietnam.com\/#\/schema\/person\/image\/\",\"url\":\"https:\/\/omanivietnam.com\/wp-content\/uploads\/2024\/06\/logo-1024x1024.png\",\"contentUrl\":\"https:\/\/omanivietnam.com\/wp-content\/uploads\/2024\/06\/logo-1024x1024.png\",\"width\":1024,\"height\":1024,\"caption\":\"Nguy\u1ec5n V\u0103n Kh\u00e1nh\"},\"logo\":{\"@id\":\"https:\/\/omanivietnam.com\/#\/schema\/person\/image\/\"},\"sameAs\":[\"https:\/\/omanivietnam.com\"]}]}<\/script>\n<!-- \/ Yoast SEO plugin. -->","yoast_head_json":{"title":"SIPIN SP48P18 - OMANI VI\u1ec6T NAM","robots":{"index":"index","follow":"follow","max-snippet":"max-snippet:-1","max-image-preview":"max-image-preview:large","max-video-preview":"max-video-preview:-1"},"canonical":"https:\/\/omanivietnam.com\/index.php\/san-pham\/sipin-sp48p18\/","og_locale":"vi_VN","og_type":"article","og_title":"SIPIN SP48P18 - OMANI VI\u1ec6T NAM","og_description":"SIPIN SP48P18 Omani chuy\u00ean cung c\u1ea5p thi\u1ebft b\u1ecb t\u1ef1 \u0111\u1ed9ng h\u00f3a.\u00a0Kh\u00f4ng ch\u1ec9 v\u1edbi vi\u1ec7c cung c\u1ea5p s\u1ea3n ph\u1ea9m \u0111\u00fang ch\u1ea5t l\u01b0\u1ee3ng theo y\u00eau c\u1ea7u m\u00e0 ch\u00fang t\u00f4i c\u00f2n \u0111\u01b0\u1ee3c kh\u00e1ch h\u00e0ng t\u00edn nhi\u1ec7m qua vi\u1ec7c t\u01b0 v\u1ea5n s\u1ea3n ph\u1ea9m khi mua h\u00e0ng, th\u1eddi gian giao h\u00e0ng, gi\u00e1 c\u1ea3 c\u1ea1nh tranh,&hellip;","og_url":"https:\/\/omanivietnam.com\/index.php\/san-pham\/sipin-sp48p18\/","og_site_name":"OMANI VI\u1ec6T NAM","article_modified_time":"2024-07-28T13:27:01+00:00","og_image":[{"width":372,"height":534,"url":"https:\/\/omanivietnam.com\/wp-content\/uploads\/2024\/07\/SP48P18.png","type":"image\/png"}],"twitter_card":"summary_large_image","twitter_misc":{"\u01af\u1edbc t\u00ednh th\u1eddi gian \u0111\u1ecdc":"4 ph\u00fat"},"schema":{"@context":"https:\/\/schema.org","@graph":[{"@type":"WebPage","@id":"https:\/\/omanivietnam.com\/index.php\/san-pham\/sipin-sp48p18\/","url":"https:\/\/omanivietnam.com\/index.php\/san-pham\/sipin-sp48p18\/","name":"SIPIN SP48P18 - OMANI VI\u1ec6T NAM","isPartOf":{"@id":"https:\/\/omanivietnam.com\/#website"},"primaryImageOfPage":{"@id":"https:\/\/omanivietnam.com\/index.php\/san-pham\/sipin-sp48p18\/#primaryimage"},"image":{"@id":"https:\/\/omanivietnam.com\/index.php\/san-pham\/sipin-sp48p18\/#primaryimage"},"thumbnailUrl":"https:\/\/omanivietnam.com\/wp-content\/uploads\/2024\/07\/SP48P18.png","datePublished":"2024-07-01T22:07:36+00:00","dateModified":"2024-07-28T13:27:01+00:00","breadcrumb":{"@id":"https:\/\/omanivietnam.com\/index.php\/san-pham\/sipin-sp48p18\/#breadcrumb"},"inLanguage":"vi","potentialAction":[{"@type":"ReadAction","target":["https:\/\/omanivietnam.com\/index.php\/san-pham\/sipin-sp48p18\/"]}]},{"@type":"ImageObject","inLanguage":"vi","@id":"https:\/\/omanivietnam.com\/index.php\/san-pham\/sipin-sp48p18\/#primaryimage","url":"https:\/\/omanivietnam.com\/wp-content\/uploads\/2024\/07\/SP48P18.png","contentUrl":"https:\/\/omanivietnam.com\/wp-content\/uploads\/2024\/07\/SP48P18.png","width":372,"height":534},{"@type":"BreadcrumbList","@id":"https:\/\/omanivietnam.com\/index.php\/san-pham\/sipin-sp48p18\/#breadcrumb","itemListElement":[{"@type":"ListItem","position":1,"name":"Home","item":"https:\/\/omanivietnam.com\/"},{"@type":"ListItem","position":2,"name":"S\u1ea2N PH\u1ea8M","item":"https:\/\/omanivietnam.com\/index.php\/cua-hang\/"},{"@type":"ListItem","position":3,"name":"SIPIN SP48P18"}]},{"@type":"WebSite","@id":"https:\/\/omanivietnam.com\/#website","url":"https:\/\/omanivietnam.com\/","name":"OMANI VI\u1ec6T NAM","description":"Nh\u00e0 ph\u00e2n ph\u1ed1i thi\u1ebft b\u1ecb kh\u00ed n\u00e9n v\u00e0 thi\u1ebft b\u1ecb t\u1ef1 \u0111\u1ed9ng h\u00f3a trong c\u00f4ng nghi\u1ec7p","publisher":{"@id":"https:\/\/omanivietnam.com\/#\/schema\/person\/0ad398a980dc3fd696111c2c5c8fa897"},"potentialAction":[{"@type":"SearchAction","target":{"@type":"EntryPoint","urlTemplate":"https:\/\/omanivietnam.com\/?s={search_term_string}"},"query-input":"required name=search_term_string"}],"inLanguage":"vi"},{"@type":["Person","Organization"],"@id":"https:\/\/omanivietnam.com\/#\/schema\/person\/0ad398a980dc3fd696111c2c5c8fa897","name":"Nguy\u1ec5n V\u0103n Kh\u00e1nh","image":{"@type":"ImageObject","inLanguage":"vi","@id":"https:\/\/omanivietnam.com\/#\/schema\/person\/image\/","url":"https:\/\/omanivietnam.com\/wp-content\/uploads\/2024\/06\/logo-1024x1024.png","contentUrl":"https:\/\/omanivietnam.com\/wp-content\/uploads\/2024\/06\/logo-1024x1024.png","width":1024,"height":1024,"caption":"Nguy\u1ec5n V\u0103n Kh\u00e1nh"},"logo":{"@id":"https:\/\/omanivietnam.com\/#\/schema\/person\/image\/"},"sameAs":["https:\/\/omanivietnam.com"]}]}},"_links":{"self":[{"href":"https:\/\/omanivietnam.com\/index.php\/wp-json\/wp\/v2\/product\/985","targetHints":{"allow":["GET"]}}],"collection":[{"href":"https:\/\/omanivietnam.com\/index.php\/wp-json\/wp\/v2\/product"}],"about":[{"href":"https:\/\/omanivietnam.com\/index.php\/wp-json\/wp\/v2\/types\/product"}],"replies":[{"embeddable":true,"href":"https:\/\/omanivietnam.com\/index.php\/wp-json\/wp\/v2\/comments?post=985"}],"wp:featuredmedia":[{"embeddable":true,"href":"https:\/\/omanivietnam.com\/index.php\/wp-json\/wp\/v2\/media\/986"}],"wp:attachment":[{"href":"https:\/\/omanivietnam.com\/index.php\/wp-json\/wp\/v2\/media?parent=985"}],"wp:term":[{"taxonomy":"product_cat","embeddable":true,"href":"https:\/\/omanivietnam.com\/index.php\/wp-json\/wp\/v2\/product_cat?post=985"},{"taxonomy":"product_tag","embeddable":true,"href":"https:\/\/omanivietnam.com\/index.php\/wp-json\/wp\/v2\/product_tag?post=985"}],"curies":[{"name":"wp","href":"https:\/\/api.w.org\/{rel}","templated":true}]}}