{"id":987,"date":"2024-07-02T05:28:27","date_gmt":"2024-07-01T22:28:27","guid":{"rendered":"https:\/\/omanivietnam.com\/?post_type=product&#038;p=987"},"modified":"2024-07-19T05:13:56","modified_gmt":"2024-07-18T22:13:56","slug":"cosel-lda30f-24","status":"publish","type":"product","link":"https:\/\/omanivietnam.com\/index.php\/san-pham\/cosel-lda30f-24\/","title":{"rendered":"COSEL LDA30F-24"},"content":{"rendered":"<p>COSEL LDA30F-24<\/p>\n<p class=\"p-subtitle overview-header\">Overview<\/p>\n<div class=\"exp-coll-mobile exp-coll-mobile-expanded\">\n<div class=\"exp-coll-mobile-container\">\n<div class=\"exp-coll-mobile-content\">PC board type power supply of global input input voltage 62 models in 8 wattage range from 10-300w with 3-48V. Some models have peak output power.<\/div>\n<\/div>\n<\/div>\n<div><\/div>\n<div>\n<div class=\"title p-subtitle\"><\/div>\n<div class=\"table-wrapper\">\n<div class=\"product-specifications-table\" aria-label=\"Product Specifications\">\n<div class=\"product-specifications-body\">\n<div id=\"attribute-8875\" class=\"product-specifications-row \">\n<div class=\"product-specifications-data value\">\n<div class=\"desc\" data-v-e07ae5fd=\"\">Cosel USA, Inc. LDA30F-24-SN technical specifications, attributes, parameters and parts with similar specifications to Cosel USA, Inc. LDA30F-24-SN.<\/div>\n<div data-v-e07ae5fd=\"\"><\/div>\n<div id=\"productSpecsHeading\" class=\"panel-heading panel-accordion-heading pdp-product-specs-header\" role=\"tab\">\n<p class=\"panel-title\">Th\u00f4ng s\u1ed1 k\u1ef9 thu\u1eadt<\/p>\n<\/div>\n<div id=\"collapseProductSpecs\" class=\"panel-collapse collapse in pdp-product-specs\" role=\"tabpanel\" aria-expanded=\"true\">\n<div class=\"panel-body\">\n<div class=\"row pdp-specs-msgs-top\">\n<div aria-live=\"polite\"><\/div>\n<\/div>\n<table class=\"specs-table\">\n<tbody>\n<tr>\n<th class=\"attr-col\" scope=\"col\">\u0110\u1eb7c t\u00ednh S\u1ea3n ph\u1ea9m<\/th>\n<th class=\"attr-value-col\" scope=\"col\">Thu\u1ed9c t\u00ednh gi\u00e1 tr\u1ecb<\/th>\n<th class=\"text-center checkbox-head hidden-xs\" scope=\"col\">Ch\u1ecdn thu\u1ed9c t\u00ednh<\/th>\n<\/tr>\n<tr id=\"pdp_specs_SpecList[0]\">\n<td class=\"attr-col\"><label for=\"SpecList_chkbox_Manufacturer:Cosel\">Nh\u00e0 s\u1ea3n xu\u1ea5t:<\/label><\/td>\n<td class=\"attr-value-col\">Cosel<\/td>\n<td class=\"text-center checkbox-col-fsu hidden-xs\"><\/td>\n<\/tr>\n<tr id=\"pdp_specs_SpecList[1]\">\n<td class=\"attr-col\">Danh m\u1ee5c S\u1ea3n ph\u1ea9m:<\/td>\n<td class=\"attr-value-col\">Ngu\u1ed3n c\u1ea5p chuy\u1ec3n m\u1ea1ch<\/td>\n<td class=\"text-center checkbox-col-fsu hidden-xs\"><\/td>\n<\/tr>\n<tr id=\"pdp_specs_SpecList[2]\">\n<td class=\"attr-col\">RoHS:<\/td>\n<td class=\"attr-value-col\"><\/td>\n<td class=\"text-center checkbox-col-fsu hidden-xs\"><\/td>\n<\/tr>\n<tr id=\"pdp_specs_SpecList[3]\">\n<td class=\"attr-col\"><label for=\"SpecList_chkbox_Product:Switching_Supplies\">S\u1ea3n ph\u1ea9m:<\/label><\/td>\n<td class=\"attr-value-col\">Switching Supplies<\/td>\n<td class=\"text-center checkbox-col-fsu hidden-xs\"><\/td>\n<\/tr>\n<tr id=\"pdp_specs_SpecList[4]\">\n<td class=\"attr-col\"><label for=\"SpecList_chkbox_Output_Voltage-Channel_1:24_VDC\">\u0110i\u1ec7n \u00e1p \u0111\u1ea7u ra-K\u00eanh 1:<\/label><\/td>\n<td class=\"attr-value-col\">24 VDC<\/td>\n<td class=\"text-center checkbox-col-fsu hidden-xs\"><\/td>\n<\/tr>\n<tr id=\"pdp_specs_SpecList[5]\">\n<td class=\"attr-col\"><label for=\"SpecList_chkbox_Output_Voltage-Channel_2:-\">\u0110i\u1ec7n \u00e1p \u0111\u1ea7u ra-K\u00eanh 2:<\/label><\/td>\n<td class=\"attr-value-col\">&#8211;<\/td>\n<td class=\"text-center checkbox-col-fsu hidden-xs\"><\/td>\n<\/tr>\n<tr id=\"pdp_specs_SpecList[6]\">\n<td class=\"attr-col\"><label for=\"SpecList_chkbox_Number_of_Outputs:1_Output\">S\u1ed1 l\u01b0\u1ee3ng \u0111\u1ea7u ra:<\/label><\/td>\n<td class=\"attr-value-col\">1 Output<\/td>\n<td class=\"text-center checkbox-col-fsu hidden-xs\"><\/td>\n<\/tr>\n<tr id=\"pdp_specs_SpecList[7]\">\n<td class=\"attr-col\"><label for=\"SpecList_chkbox_Output_Power:31.2_W\">C\u00f4ng su\u1ea5t \u0111\u1ea7u ra:<\/label><\/td>\n<td class=\"attr-value-col\">31.2 W<\/td>\n<td class=\"text-center checkbox-col-fsu hidden-xs\"><\/td>\n<\/tr>\n<tr id=\"pdp_specs_SpecList[8]\">\n<td class=\"attr-col\"><label for=\"SpecList_chkbox_Open_Frame\/Enclosed:Open_Frame\">Khung m\u1edf\/\u0111\u00f3ng:<\/label><\/td>\n<td class=\"attr-value-col\">Open Frame<\/td>\n<td class=\"text-center checkbox-col-fsu hidden-xs\"><\/td>\n<\/tr>\n<tr id=\"pdp_specs_SpecList[9]\">\n<td class=\"attr-col\"><label for=\"SpecList_chkbox_Input_Voltage:85_VAC_to_264_VAC,_110_VDC_to_370_VDC\">\u0110i\u1ec7n \u00e1p \u0111\u1ea7u v\u00e0o:<\/label><\/td>\n<td class=\"attr-value-col\">85 VAC to 264 VAC, 110 VDC to 370 VDC<\/td>\n<td class=\"text-center checkbox-col-fsu hidden-xs\"><\/td>\n<\/tr>\n<tr id=\"pdp_specs_SpecList[10]\">\n<td class=\"attr-col\"><label for=\"SpecList_chkbox_Output_Current-Channel_1:1.3_A\">D\u00f2ng \u0111\u1ea7u ra-K\u00eanh 1:<\/label><\/td>\n<td class=\"attr-value-col\">1.3 A<\/td>\n<td class=\"text-center checkbox-col-fsu hidden-xs\"><\/td>\n<\/tr>\n<tr id=\"pdp_specs_SpecList[11]\">\n<td class=\"attr-col\"><label for=\"SpecList_chkbox_Output_Current-Channel_2:-\">D\u00f2ng \u0111\u1ea7u ra-K\u00eanh 2:<\/label><\/td>\n<td class=\"attr-value-col\">&#8211;<\/td>\n<td class=\"text-center checkbox-col-fsu hidden-xs\"><\/td>\n<\/tr>\n<tr id=\"pdp_specs_SpecList[12]\">\n<td class=\"attr-col\"><label for=\"SpecList_chkbox_Industry:Industrial\">Ng\u00e0nh:<\/label><\/td>\n<td class=\"attr-value-col\">Industrial<\/td>\n<td class=\"text-center checkbox-col-fsu hidden-xs\"><\/td>\n<\/tr>\n<tr id=\"pdp_specs_SpecList[13]\">\n<td class=\"attr-col\"><label for=\"SpecList_chkbox_Mounting_Style:Chassis\">Ki\u1ec3u g\u1eafn:<\/label><\/td>\n<td class=\"attr-value-col\">Chassis<\/td>\n<td class=\"text-center checkbox-col-fsu hidden-xs\"><\/td>\n<\/tr>\n<tr id=\"pdp_specs_SpecList[14]\">\n<td class=\"attr-col\"><label for=\"SpecList_chkbox_Length:5.2_in\">Chi\u1ec1u d\u00e0i:<\/label><\/td>\n<td class=\"attr-value-col\">5.2 in<\/td>\n<td class=\"text-center checkbox-col-fsu hidden-xs\"><\/td>\n<\/tr>\n<tr id=\"pdp_specs_SpecList[15]\">\n<td class=\"attr-col\"><label for=\"SpecList_chkbox_Width:2.2_in\">Chi\u1ec1u r\u1ed9ng:<\/label><\/td>\n<td class=\"attr-value-col\">2.2 in<\/td>\n<td class=\"text-center checkbox-col-fsu hidden-xs\"><\/td>\n<\/tr>\n<tr id=\"pdp_specs_SpecList[16]\">\n<td class=\"attr-col\"><label for=\"SpecList_chkbox_Height:1_in\">Chi\u1ec1u cao:<\/label><\/td>\n<td class=\"attr-value-col\">1 in<\/td>\n<td class=\"text-center checkbox-col-fsu hidden-xs\"><\/td>\n<\/tr>\n<tr id=\"pdp_specs_SpecList[17]\">\n<td class=\"attr-col\"><label for=\"SpecList_chkbox_Series:LDA\">S\u00ea-ri:<\/label><\/td>\n<td class=\"attr-value-col\"><a id=\"lnkSpecSeries\" href=\"https:\/\/www.mouser.vn\/c\/power\/power-supplies\/switching-power-supplies\/?m=Cosel&amp;series=LDA\">LDA<\/a><\/td>\n<td class=\"text-center checkbox-col-fsu hidden-xs\"><\/td>\n<\/tr>\n<tr id=\"pdp_specs_SpecList[18]\">\n<td class=\"attr-col\">Nh\u00e3n hi\u1ec7u:<\/td>\n<td class=\"attr-value-col\">Cosel<\/td>\n<td class=\"text-center checkbox-col-fsu hidden-xs\"><\/td>\n<\/tr>\n<tr id=\"pdp_specs_SpecList[19]\">\n<td class=\"attr-col\">Ph\u01b0\u01a1ng ph\u00e1p l\u00e0m m\u00e1t:<\/td>\n<td class=\"attr-value-col\">Convection<\/td>\n<td class=\"text-center checkbox-col-fsu hidden-xs\"><\/td>\n<\/tr>\n<tr id=\"pdp_specs_SpecList[20]\">\n<td class=\"attr-col\">Hi\u1ec7u su\u1ea5t:<\/td>\n<td class=\"attr-value-col\">79 %<\/td>\n<td class=\"text-center checkbox-col-fsu hidden-xs\"><\/td>\n<\/tr>\n<tr id=\"pdp_specs_SpecList[21]\">\n<td class=\"attr-col\">T\u1ea7n s\u1ed1 \u0111\u1ea7u v\u00e0o:<\/td>\n<td class=\"attr-value-col\">47 Hz to 440 Hz<\/td>\n<td class=\"text-center checkbox-col-fsu hidden-xs\"><\/td>\n<\/tr>\n<tr id=\"pdp_specs_SpecList[22]\">\n<td class=\"attr-col\">\u0110i\u1ec7n \u00e1p c\u00e1ch ly:<\/td>\n<td class=\"attr-value-col\">3 kVAC<\/td>\n<td class=\"text-center checkbox-col-fsu hidden-xs\"><\/td>\n<\/tr>\n<tr id=\"pdp_specs_SpecList[23]\">\n<td class=\"attr-col\">H\u1ec7 s\u1ed1 \u1ed5n \u00e1p t\u1ea3i \u0111\u1ea7u ra:<\/td>\n<td class=\"attr-value-col\">Regulated<\/td>\n<td class=\"text-center checkbox-col-fsu hidden-xs\"><\/td>\n<\/tr>\n<tr id=\"pdp_specs_SpecList[24]\">\n<td class=\"attr-col\">Nhi\u1ec7t \u0111\u1ed9 l\u00e0m vi\u1ec7c t\u1ed1i \u0111a:<\/td>\n<td class=\"attr-value-col\">+ 60 C<\/td>\n<td class=\"text-center checkbox-col-fsu hidden-xs\"><\/td>\n<\/tr>\n<tr id=\"pdp_specs_SpecList[25]\">\n<td class=\"attr-col\">Ki\u1ec3u c\u01a1 h\u1ecdc:<\/td>\n<td class=\"attr-value-col\">Open \/ Enclosed Frame<\/td>\n<td class=\"text-center checkbox-col-fsu hidden-xs\"><\/td>\n<\/tr>\n<tr id=\"pdp_specs_SpecList[26]\">\n<td class=\"attr-col\">Nhi\u1ec7t \u0111\u1ed9 l\u00e0m vi\u1ec7c t\u1ed1i thi\u1ec3u:<\/td>\n<td class=\"attr-value-col\">&#8211; 10 C<\/td>\n<td class=\"text-center checkbox-col-fsu hidden-xs\"><\/td>\n<\/tr>\n<tr id=\"pdp_specs_SpecList[27]\">\n<td class=\"attr-col\">Ph\u1ea1m vi nhi\u1ec7t \u0111\u1ed9 v\u1eadn h\u00e0nh:<\/td>\n<td class=\"attr-value-col\">&#8211; 10 C to + 60 C<\/td>\n<td class=\"text-center checkbox-col-fsu hidden-xs\"><\/td>\n<\/tr>\n<tr id=\"pdp_specs_SpecList[28]\">\n<td class=\"attr-col\">\u0110\u00f3ng g\u00f3i:<\/td>\n<td class=\"attr-value-col\">Bulk<\/td>\n<td class=\"text-center checkbox-col-fsu hidden-xs\"><\/td>\n<\/tr>\n<tr id=\"pdp_specs_SpecList[29]\">\n<td class=\"attr-col\">Lo\u1ea1i s\u1ea3n ph\u1ea9m:<\/td>\n<td class=\"attr-value-col\">Switching Power Supplies<\/td>\n<td class=\"text-center checkbox-col-fsu hidden-xs\"><\/td>\n<\/tr>\n<tr id=\"pdp_specs_SpecList[30]\">\n<td class=\"attr-col\"><\/td>\n<td class=\"attr-value-col\">1<\/td>\n<td class=\"text-center checkbox-col-fsu hidden-xs\"><\/td>\n<\/tr>\n<tr id=\"pdp_specs_SpecList[31]\">\n<td class=\"attr-col\">Danh m\u1ee5c ph\u1ee5:<\/td>\n<td class=\"attr-value-col\">AC-DC Power Supply<\/td>\n<td class=\"text-center checkbox-col-fsu hidden-xs\"><\/td>\n<\/tr>\n<tr id=\"pdp_specs_SpecList[32]\">\n<td class=\"attr-col\">\u0110\u01a1n v\u1ecb Kh\u1ed1i l\u01b0\u1ee3ng:<\/td>\n<td class=\"attr-value-col\">340.200 g<\/td>\n<\/tr>\n<\/tbody>\n<\/table>\n<\/div>\n<\/div>\n<\/div>\n<\/div>\n<\/div>\n<\/div>\n<\/div>\n<\/div>\n<div><\/div>\n<div>C\u00e1c s\u1ea3n ph\u1ea9m t\u01b0\u01a1ng t\u1ef1:<\/div>\n<div><\/div>\n<p>COSEL LDA30F-24-SN<\/p>\n<p>COSEL LDC30F-1-S<\/p>\n<p>COSEL PBA50F-24-N<br \/>\nCOSEL PBA100F-24-N1<br \/>\nCOSEL PBA150F-24-N<\/p>\n<p>LDA30F-24-SNCY,\u00a0LDA30F-24-SNG,\u00a0LDA30F-24-SNY.\u00a0LDA30F-24-Y, LDA30F-3, LDA30F-3-C &#8230; LDA30F-3-SNC, LDA30F-3-V, LDA30F-5, LDA30F-5-C. LDA30F-5-CG, LDA30F-5-CM<\/p>\n<p>&nbsp;<\/p>\n<p>\u0110\u1ea1i l\u00fd COSEL vietnam, COSEL viet nam, COSEL vietnam distributor, Ph\u00e2n ph\u1ed1i COSEL t\u1ea1i vi\u1ec7t nam<\/p>\n<p>\u0110\u1ea1i l\u00fd COSEL vietnam, COSEL viet nam, COSEL vietnam distributor, Ph\u00e2n ph\u1ed1i COSEL t\u1ea1i vi\u1ec7t nam<\/p>\n<p>\u0110\u1ea1i l\u00fd COSEL vietnam, COSEL viet nam, COSEL vietnam distributor, Ph\u00e2n ph\u1ed1i COSEL t\u1ea1i vi\u1ec7t nam<\/p>\n<p>\u0110\u1ea1i l\u00fd COSEL vietnam, COSEL viet nam, COSEL vietnam distributor, Ph\u00e2n ph\u1ed1i COSEL t\u1ea1i vi\u1ec7t nam<\/p>\n<p>\u0110\u1ea1i l\u00fd COSEL vietnam, COSEL viet nam, COSEL vietnam distributor, Ph\u00e2n ph\u1ed1i COSEL t\u1ea1i vi\u1ec7t nam<\/p>\n<p>&nbsp;<\/p>\n","protected":false},"excerpt":{"rendered":"<p>COSEL LDA30F-24 Overview PC board type power supply of global input input voltage 62 models in 8 wattage range from 10-300w with 3-48V. Some models have peak output power. Cosel USA, Inc. LDA30F-24-SN technical specifications, attributes, parameters and parts with similar specifications to Cosel USA, Inc. LDA30F-24-SN. Th\u00f4ng s\u1ed1 k\u1ef9&hellip; <\/p>\n","protected":false},"featured_media":988,"comment_status":"open","ping_status":"closed","template":"","meta":[],"product_cat":[282],"product_tag":[221,266,267],"class_list":{"0":"post-987","1":"product","2":"type-product","3":"status-publish","4":"has-post-thumbnail","6":"product_cat-cosel","7":"product_tag-bo-nguon","8":"product_tag-cosel-viet-nam","9":"product_tag-dai-ly-cosel-viet-nam","11":"first","12":"instock","13":"shipping-taxable","14":"product-type-simple"},"yoast_head":"<!-- This site is optimized with the Yoast SEO plugin v22.8 - https:\/\/yoast.com\/wordpress\/plugins\/seo\/ -->\n<title>COSEL LDA30F-24 - OMANI VI\u1ec6T NAM<\/title>\n<meta name=\"robots\" content=\"index, follow, max-snippet:-1, max-image-preview:large, max-video-preview:-1\" \/>\n<link rel=\"canonical\" href=\"https:\/\/omanivietnam.com\/index.php\/san-pham\/cosel-lda30f-24\/\" \/>\n<meta property=\"og:locale\" content=\"vi_VN\" \/>\n<meta property=\"og:type\" content=\"article\" \/>\n<meta property=\"og:title\" content=\"COSEL LDA30F-24 - OMANI VI\u1ec6T NAM\" \/>\n<meta property=\"og:description\" content=\"COSEL LDA30F-24 Overview PC board type power supply of global input input voltage 62 models in 8 wattage range from 10-300w with 3-48V. Some models have peak output power. Cosel USA, Inc. LDA30F-24-SN technical specifications, attributes, parameters and parts with similar specifications to Cosel USA, Inc. LDA30F-24-SN. Th\u00f4ng s\u1ed1 k\u1ef9&hellip;\" \/>\n<meta property=\"og:url\" content=\"https:\/\/omanivietnam.com\/index.php\/san-pham\/cosel-lda30f-24\/\" \/>\n<meta property=\"og:site_name\" content=\"OMANI VI\u1ec6T NAM\" \/>\n<meta property=\"article:modified_time\" content=\"2024-07-18T22:13:56+00:00\" \/>\n<meta property=\"og:image\" content=\"https:\/\/omanivietnam.com\/wp-content\/uploads\/2024\/07\/LDA30F-24.png\" \/>\n\t<meta property=\"og:image:width\" content=\"1375\" \/>\n\t<meta property=\"og:image:height\" content=\"555\" \/>\n\t<meta property=\"og:image:type\" content=\"image\/png\" \/>\n<meta name=\"twitter:card\" content=\"summary_large_image\" \/>\n<meta name=\"twitter:label1\" content=\"\u01af\u1edbc t\u00ednh th\u1eddi gian \u0111\u1ecdc\" \/>\n\t<meta name=\"twitter:data1\" content=\"3 ph\u00fat\" \/>\n<script type=\"application\/ld+json\" class=\"yoast-schema-graph\">{\"@context\":\"https:\/\/schema.org\",\"@graph\":[{\"@type\":\"WebPage\",\"@id\":\"https:\/\/omanivietnam.com\/index.php\/san-pham\/cosel-lda30f-24\/\",\"url\":\"https:\/\/omanivietnam.com\/index.php\/san-pham\/cosel-lda30f-24\/\",\"name\":\"COSEL LDA30F-24 - OMANI VI\u1ec6T NAM\",\"isPartOf\":{\"@id\":\"https:\/\/omanivietnam.com\/#website\"},\"primaryImageOfPage\":{\"@id\":\"https:\/\/omanivietnam.com\/index.php\/san-pham\/cosel-lda30f-24\/#primaryimage\"},\"image\":{\"@id\":\"https:\/\/omanivietnam.com\/index.php\/san-pham\/cosel-lda30f-24\/#primaryimage\"},\"thumbnailUrl\":\"https:\/\/omanivietnam.com\/wp-content\/uploads\/2024\/07\/LDA30F-24.png\",\"datePublished\":\"2024-07-01T22:28:27+00:00\",\"dateModified\":\"2024-07-18T22:13:56+00:00\",\"breadcrumb\":{\"@id\":\"https:\/\/omanivietnam.com\/index.php\/san-pham\/cosel-lda30f-24\/#breadcrumb\"},\"inLanguage\":\"vi\",\"potentialAction\":[{\"@type\":\"ReadAction\",\"target\":[\"https:\/\/omanivietnam.com\/index.php\/san-pham\/cosel-lda30f-24\/\"]}]},{\"@type\":\"ImageObject\",\"inLanguage\":\"vi\",\"@id\":\"https:\/\/omanivietnam.com\/index.php\/san-pham\/cosel-lda30f-24\/#primaryimage\",\"url\":\"https:\/\/omanivietnam.com\/wp-content\/uploads\/2024\/07\/LDA30F-24.png\",\"contentUrl\":\"https:\/\/omanivietnam.com\/wp-content\/uploads\/2024\/07\/LDA30F-24.png\",\"width\":1375,\"height\":555},{\"@type\":\"BreadcrumbList\",\"@id\":\"https:\/\/omanivietnam.com\/index.php\/san-pham\/cosel-lda30f-24\/#breadcrumb\",\"itemListElement\":[{\"@type\":\"ListItem\",\"position\":1,\"name\":\"Home\",\"item\":\"https:\/\/omanivietnam.com\/\"},{\"@type\":\"ListItem\",\"position\":2,\"name\":\"S\u1ea2N PH\u1ea8M\",\"item\":\"https:\/\/omanivietnam.com\/index.php\/cua-hang\/\"},{\"@type\":\"ListItem\",\"position\":3,\"name\":\"COSEL LDA30F-24\"}]},{\"@type\":\"WebSite\",\"@id\":\"https:\/\/omanivietnam.com\/#website\",\"url\":\"https:\/\/omanivietnam.com\/\",\"name\":\"OMANI VI\u1ec6T NAM\",\"description\":\"Nh\u00e0 ph\u00e2n ph\u1ed1i thi\u1ebft b\u1ecb kh\u00ed n\u00e9n v\u00e0 thi\u1ebft b\u1ecb t\u1ef1 \u0111\u1ed9ng h\u00f3a trong c\u00f4ng nghi\u1ec7p\",\"publisher\":{\"@id\":\"https:\/\/omanivietnam.com\/#\/schema\/person\/0ad398a980dc3fd696111c2c5c8fa897\"},\"potentialAction\":[{\"@type\":\"SearchAction\",\"target\":{\"@type\":\"EntryPoint\",\"urlTemplate\":\"https:\/\/omanivietnam.com\/?s={search_term_string}\"},\"query-input\":\"required name=search_term_string\"}],\"inLanguage\":\"vi\"},{\"@type\":[\"Person\",\"Organization\"],\"@id\":\"https:\/\/omanivietnam.com\/#\/schema\/person\/0ad398a980dc3fd696111c2c5c8fa897\",\"name\":\"Nguy\u1ec5n V\u0103n Kh\u00e1nh\",\"image\":{\"@type\":\"ImageObject\",\"inLanguage\":\"vi\",\"@id\":\"https:\/\/omanivietnam.com\/#\/schema\/person\/image\/\",\"url\":\"https:\/\/omanivietnam.com\/wp-content\/uploads\/2024\/06\/logo-1024x1024.png\",\"contentUrl\":\"https:\/\/omanivietnam.com\/wp-content\/uploads\/2024\/06\/logo-1024x1024.png\",\"width\":1024,\"height\":1024,\"caption\":\"Nguy\u1ec5n V\u0103n Kh\u00e1nh\"},\"logo\":{\"@id\":\"https:\/\/omanivietnam.com\/#\/schema\/person\/image\/\"},\"sameAs\":[\"https:\/\/omanivietnam.com\"]}]}<\/script>\n<!-- \/ Yoast SEO plugin. -->","yoast_head_json":{"title":"COSEL LDA30F-24 - OMANI VI\u1ec6T NAM","robots":{"index":"index","follow":"follow","max-snippet":"max-snippet:-1","max-image-preview":"max-image-preview:large","max-video-preview":"max-video-preview:-1"},"canonical":"https:\/\/omanivietnam.com\/index.php\/san-pham\/cosel-lda30f-24\/","og_locale":"vi_VN","og_type":"article","og_title":"COSEL LDA30F-24 - OMANI VI\u1ec6T NAM","og_description":"COSEL LDA30F-24 Overview PC board type power supply of global input input voltage 62 models in 8 wattage range from 10-300w with 3-48V. Some models have peak output power. Cosel USA, Inc. LDA30F-24-SN technical specifications, attributes, parameters and parts with similar specifications to Cosel USA, Inc. LDA30F-24-SN. Th\u00f4ng s\u1ed1 k\u1ef9&hellip;","og_url":"https:\/\/omanivietnam.com\/index.php\/san-pham\/cosel-lda30f-24\/","og_site_name":"OMANI VI\u1ec6T NAM","article_modified_time":"2024-07-18T22:13:56+00:00","og_image":[{"width":1375,"height":555,"url":"https:\/\/omanivietnam.com\/wp-content\/uploads\/2024\/07\/LDA30F-24.png","type":"image\/png"}],"twitter_card":"summary_large_image","twitter_misc":{"\u01af\u1edbc t\u00ednh th\u1eddi gian \u0111\u1ecdc":"3 ph\u00fat"},"schema":{"@context":"https:\/\/schema.org","@graph":[{"@type":"WebPage","@id":"https:\/\/omanivietnam.com\/index.php\/san-pham\/cosel-lda30f-24\/","url":"https:\/\/omanivietnam.com\/index.php\/san-pham\/cosel-lda30f-24\/","name":"COSEL LDA30F-24 - OMANI VI\u1ec6T NAM","isPartOf":{"@id":"https:\/\/omanivietnam.com\/#website"},"primaryImageOfPage":{"@id":"https:\/\/omanivietnam.com\/index.php\/san-pham\/cosel-lda30f-24\/#primaryimage"},"image":{"@id":"https:\/\/omanivietnam.com\/index.php\/san-pham\/cosel-lda30f-24\/#primaryimage"},"thumbnailUrl":"https:\/\/omanivietnam.com\/wp-content\/uploads\/2024\/07\/LDA30F-24.png","datePublished":"2024-07-01T22:28:27+00:00","dateModified":"2024-07-18T22:13:56+00:00","breadcrumb":{"@id":"https:\/\/omanivietnam.com\/index.php\/san-pham\/cosel-lda30f-24\/#breadcrumb"},"inLanguage":"vi","potentialAction":[{"@type":"ReadAction","target":["https:\/\/omanivietnam.com\/index.php\/san-pham\/cosel-lda30f-24\/"]}]},{"@type":"ImageObject","inLanguage":"vi","@id":"https:\/\/omanivietnam.com\/index.php\/san-pham\/cosel-lda30f-24\/#primaryimage","url":"https:\/\/omanivietnam.com\/wp-content\/uploads\/2024\/07\/LDA30F-24.png","contentUrl":"https:\/\/omanivietnam.com\/wp-content\/uploads\/2024\/07\/LDA30F-24.png","width":1375,"height":555},{"@type":"BreadcrumbList","@id":"https:\/\/omanivietnam.com\/index.php\/san-pham\/cosel-lda30f-24\/#breadcrumb","itemListElement":[{"@type":"ListItem","position":1,"name":"Home","item":"https:\/\/omanivietnam.com\/"},{"@type":"ListItem","position":2,"name":"S\u1ea2N PH\u1ea8M","item":"https:\/\/omanivietnam.com\/index.php\/cua-hang\/"},{"@type":"ListItem","position":3,"name":"COSEL LDA30F-24"}]},{"@type":"WebSite","@id":"https:\/\/omanivietnam.com\/#website","url":"https:\/\/omanivietnam.com\/","name":"OMANI VI\u1ec6T NAM","description":"Nh\u00e0 ph\u00e2n ph\u1ed1i thi\u1ebft b\u1ecb kh\u00ed n\u00e9n v\u00e0 thi\u1ebft b\u1ecb t\u1ef1 \u0111\u1ed9ng h\u00f3a trong c\u00f4ng nghi\u1ec7p","publisher":{"@id":"https:\/\/omanivietnam.com\/#\/schema\/person\/0ad398a980dc3fd696111c2c5c8fa897"},"potentialAction":[{"@type":"SearchAction","target":{"@type":"EntryPoint","urlTemplate":"https:\/\/omanivietnam.com\/?s={search_term_string}"},"query-input":"required name=search_term_string"}],"inLanguage":"vi"},{"@type":["Person","Organization"],"@id":"https:\/\/omanivietnam.com\/#\/schema\/person\/0ad398a980dc3fd696111c2c5c8fa897","name":"Nguy\u1ec5n V\u0103n Kh\u00e1nh","image":{"@type":"ImageObject","inLanguage":"vi","@id":"https:\/\/omanivietnam.com\/#\/schema\/person\/image\/","url":"https:\/\/omanivietnam.com\/wp-content\/uploads\/2024\/06\/logo-1024x1024.png","contentUrl":"https:\/\/omanivietnam.com\/wp-content\/uploads\/2024\/06\/logo-1024x1024.png","width":1024,"height":1024,"caption":"Nguy\u1ec5n V\u0103n Kh\u00e1nh"},"logo":{"@id":"https:\/\/omanivietnam.com\/#\/schema\/person\/image\/"},"sameAs":["https:\/\/omanivietnam.com"]}]}},"_links":{"self":[{"href":"https:\/\/omanivietnam.com\/index.php\/wp-json\/wp\/v2\/product\/987","targetHints":{"allow":["GET"]}}],"collection":[{"href":"https:\/\/omanivietnam.com\/index.php\/wp-json\/wp\/v2\/product"}],"about":[{"href":"https:\/\/omanivietnam.com\/index.php\/wp-json\/wp\/v2\/types\/product"}],"replies":[{"embeddable":true,"href":"https:\/\/omanivietnam.com\/index.php\/wp-json\/wp\/v2\/comments?post=987"}],"wp:featuredmedia":[{"embeddable":true,"href":"https:\/\/omanivietnam.com\/index.php\/wp-json\/wp\/v2\/media\/988"}],"wp:attachment":[{"href":"https:\/\/omanivietnam.com\/index.php\/wp-json\/wp\/v2\/media?parent=987"}],"wp:term":[{"taxonomy":"product_cat","embeddable":true,"href":"https:\/\/omanivietnam.com\/index.php\/wp-json\/wp\/v2\/product_cat?post=987"},{"taxonomy":"product_tag","embeddable":true,"href":"https:\/\/omanivietnam.com\/index.php\/wp-json\/wp\/v2\/product_tag?post=987"}],"curies":[{"name":"wp","href":"https:\/\/api.w.org\/{rel}","templated":true}]}}